{"id":794,"date":"2019-09-09T18:38:08","date_gmt":"2019-09-09T17:38:08","guid":{"rendered":"http:\/\/www.conservatoriolucena.es\/?page_id=794"},"modified":"2024-09-12T17:13:24","modified_gmt":"2024-09-12T16:13:24","slug":"organigrama","status":"publish","type":"page","link":"https:\/\/www.conservatoriolucena.es\/?page_id=794","title":{"rendered":"Departamentos"},"content":{"rendered":"<h1>\n<h1 class=\"uk-margin-small uk-margin-remove-top uk-margin-remove-bottom uk-scrollspy-inview uk-animation-slide-bottom\" uk-scrollspy-class=\"\" data-id=\"page#4\">Departamentos<\/h1>\n<\/h1>\n<div>\n<h3>Departamentos (Curso 2024\/2025)<\/h3>\n<div>\n<p>Los Departamentos son los \u00f3rganos b\u00e1sicos encargados de organizar y desarrollar las ense\u00f1anzas propias de las materias que tengan asignados. Nuestro Conservatorio cuenta con la siguiente estructura por Departamentos:<\/p>\n<div class=\"uk-width-3-4@m uk-first-column\">\n<table class=\"uk-margin-small uk-margin-remove-top uk-table uk-table-striped uk-table-hover uk-table-responsive\" data-id=\"page#13\">\n<thead><\/thead>\n<tbody>\n<tr class=\"el-item\">\n<td>\n<div>\n<h4 class=\"el-title\">Composici\u00f3n<\/h4>\n<\/div>\n<div>Jefatura de departamento: Sergio Lasu\u00e9n Hern\u00e1ndez. Aula 45.<\/div>\n<div class=\"el-content\">\n<p class=\"p1\"><i class=\"fa fa-envelope fa- \"><\/i>\u00a0<a href=\"mailto:sergio.lasuen@conservatoriolucena.es\">sergio.lasuen@conservatoriolucena.es<\/a><\/p>\n<\/div>\n<div class=\"el-meta uk-text-meta\">Asignaturas y\/o especialidades instrumentales dependientes de este departamento: Acompa\u00f1amiento, Ac\u00fastica y Organolog\u00eda, An\u00e1lisis musical, Armon\u00eda, Composici\u00f3n, Fundamentos de Composici\u00f3n, Estilos y Formas Musicales, Historia de la M\u00fasica, Historia del Pensamiento Musical, Inform\u00e1tica, Jazz, Pedagog\u00eda y Repentizaci\u00f3n y Transporte.<\/div>\n<\/td>\n<\/tr>\n<tr class=\"el-item\">\n<td>\n<div>\n<h4 class=\"el-title\">Cuerda-Arco<\/h4>\n<p>Jefatura de departamento: Azahara Escobar Hern\u00e1ndez. Aula 33.<\/p><\/div>\n<div class=\"el-content\">\n<p class=\"p1\"><i class=\"fa fa-envelope fa- \"><\/i>\u00a0<a href=\"mailto:azahara.escobar@conservatoriolucena.es\">azahara.escobar@conservatoriolucena.es<\/a><\/p>\n<\/div>\n<div class=\"el-meta uk-text-meta\">Asignaturas y\/o especialidades instrumentales dependientes de este departamento: Contrabajo, Viola, Viol\u00edn, Violonchelo, agrupaci\u00f3n de cuerda y las diferentes literaturas de los mencionados instrumentos .<\/div>\n<\/td>\n<\/tr>\n<tr class=\"el-item\">\n<td>\n<div>\n<h4 class=\"el-title\">Extensi\u00f3n Cultural y Promoci\u00f3n Art\u00edstica<\/h4>\n<p>Jefatura de departamento: Prado M\u00e1rquez Romero. Aula 34<\/p><\/div>\n<div class=\"el-content\">\n<p class=\"p1\"><i class=\"fa fa-envelope fa- \"><\/i>\u00a0<a href=\"mailto:prado.marquez@conservatoriolucena.es\">prado.marquez@conservatoriolucena.es<\/a><\/p>\n<\/div>\n<div class=\"el-meta uk-text-meta\">Se encarga de coordinar las actividades de promoci\u00f3n del centro.<\/div>\n<\/td>\n<\/tr>\n<tr class=\"el-item\">\n<td>\n<div>\n<h4 class=\"el-title\">Formaci\u00f3n, evaluaci\u00f3n e innovaci\u00f3n educativa (FEIE)<\/h4>\n<p>Jefatura de departamento: Jos\u00e9 Antonio Luque Osuna. Aula 26.<\/p><\/div>\n<div class=\"el-content\">\n<p class=\"p1\"><i class=\"fa fa-envelope fa- \"><\/i>\u00a0<a href=\"mailto:joseantonio.luque@conservatoriolucena.es\">joseantonio.luque@conservatoriolucena.es<\/a><\/p>\n<\/div>\n<div class=\"el-meta uk-text-meta\">Se encarga de aspectos relacionados con la mejora en la calidad de la ense\u00f1anza y la formaci\u00f3n del profesorado.<\/div>\n<\/td>\n<\/tr>\n<tr class=\"el-item\">\n<td>\n<div>\n<h4 class=\"el-title\">Guitarra<\/h4>\n<p>Jefatura de departamento: Antonio Gonz\u00e1lez \u00c9cija. Aula 24.<\/p><\/div>\n<div class=\"el-content\">\n<p class=\"p1\"><i class=\"fa fa-envelope fa- \"><\/i>\u00a0<a href=\"mailto:antonio.gonzalezecija@conservatoriolucena.es\">antonio.gonzalezecija@conservatoriolucena.es<\/a><\/p>\n<\/div>\n<div class=\"el-meta uk-text-meta\">Asignaturas y\/o especialidades instrumentales dependientes de este departamento: Guitarra, Literatura del instrumento.<\/div>\n<\/td>\n<\/tr>\n<tr class=\"el-item\">\n<td>\n<div>\n<h4 class=\"el-title\">Lenguaje Musical, Coro y Canto<\/h4>\n<p>Jefatura de departamento: Roc\u00edo Delgado S\u00e1nchez. Aula 38.<\/p><\/div>\n<div class=\"el-content\">\n<p class=\"p1\"><i class=\"fa fa-envelope fa- \"><\/i>\u00a0<a href=\"mailto:rocio.delgado@conservatoriolucena.es\">rocio.delgado@conservatoriolucena.es<\/a><\/p>\n<\/div>\n<div class=\"el-meta uk-text-meta\">Asignaturas y\/o especialidades instrumentales dependientes de este departamento: Canto, Coro y Lenguaje Musical e idiomas aplicados al canto.<\/div>\n<\/td>\n<\/tr>\n<tr class=\"el-item\">\n<td>\n<div>\n<h4 class=\"el-title\">M\u00fasica de C\u00e1mara<\/h4>\n<p>Jefatura de departamento: Mar\u00eda Fern\u00e1ndez Bueno. Aula 4.<\/p><\/div>\n<div class=\"el-content\">\n<p class=\"p1\"><i class=\"fa fa-envelope fa- \"><\/i>\u00a0<a href=\"mailto:francisco.valdes@conservatoriolucena.es\">maria.fernandez@conservatoriolucena.es<\/a><\/p>\n<\/div>\n<div class=\"el-meta uk-text-meta\">Se encarga de coordinar al profesorado de diversos instrumentos que imparte dicha asignatura y de realizar actividades de promoci\u00f3n de la misma.<\/div>\n<\/td>\n<\/tr>\n<tr class=\"el-item\">\n<td>\n<div>\n<h4 class=\"el-title\">Orquesta y Actividades Musicales<\/h4>\n<p>Jefatura de departamento: V\u00edctor N\u00e1jera S\u00e1nchez. Aula 28.<\/p><\/div>\n<div class=\"el-content\">\n<p class=\"p1\"><i class=\"fa fa-envelope fa- \"><\/i>\u00a0<a href=\"mailto:victor.najera@conservatoriolucena.es\">victor.najera@conservatoriolucena.es<\/a><\/p>\n<\/div>\n<div class=\"el-meta uk-text-meta\">Se encarga de coordinar la actividad de las diferentes agrupaciones orquestales y bandas y de difundir su labor con la programaci\u00f3n de diferentes conciertos a lo largo del curso.<\/div>\n<\/td>\n<\/tr>\n<tr class=\"el-item\">\n<td>\n<div>\n<h4 class=\"el-title\">Piano<\/h4>\n<p>Jefatura de departamento: \u00c1ngel P\u00e9rez Cantero. Aula 32.<\/p><\/div>\n<div class=\"el-content\">\n<p class=\"p1\"><i class=\"fa fa-envelope fa- \"><\/i>\u00a0<a href=\"mailto:angel.perez@conservatoriolucena.es\">angel.perez@conservatoriolucena.es<\/a><\/p>\n<\/div>\n<div class=\"el-meta uk-text-meta\">Asignaturas y\/o especialidades instrumentales dependientes de este departamento: Piano, Piano Complementario, Literatura del Instrumento, Acompa\u00f1amiento e Improvisaci\u00f3n al piano.<\/div>\n<\/td>\n<\/tr>\n<tr class=\"el-item\">\n<td>\n<div>\n<h4 class=\"el-title\">Viento y Percusi\u00f3n<\/h4>\n<p>Jefatura de departamento: Pedro Yuste Reyes. Aula 1.<\/p><\/div>\n<div class=\"el-content\">\n<p class=\"p1\"><i class=\"fa fa-envelope fa- \"><\/i>\u00a0<a href=\"mailto:pedro.yuste@conservatoriolucena.es\">pedro.yuste@conservatoriolucena.es<\/a><\/p>\n<\/div>\n<div class=\"el-meta uk-text-meta\">Asignaturas y\/o especialidades instrumentales dependientes de este departamento: Clarinete, Flauta, Fagot, Oboe, Percusi\u00f3n, Saxof\u00f3n, Tromb\u00f3n, Trompa, Trompeta, Tuba, agrupaci\u00f3n de viento y las diferentes literaturas de los mencionados instrumentos.<\/div>\n<\/td>\n<\/tr>\n<\/tbody>\n<\/table>\n<\/div>\n<div class=\"uk-width-expand@m uk-grid-item-match\">\u00a0<\/div>\n<\/div>\n<\/div>\n<p><!--more--><br \/>\n<!-- {\"type\":\"layout\",\"children\":[{\"type\":\"section\",\"props\":{\"image_position\":\"center-center\",\"padding\":\"small\",\"style\":\"default\",\"title_breakpoint\":\"xl\",\"title_position\":\"top-left\",\"title_rotation\":\"left\",\"vertical_align\":\"middle\",\"width\":\"default\"},\"children\":[{\"type\":\"row\",\"children\":[{\"type\":\"column\",\"props\":{\"image_position\":\"center-center\",\"position_sticky_breakpoint\":\"m\",\"width_medium\":\"1-1\"},\"children\":[{\"type\":\"headline\",\"props\":{\"content\":\"\n\n<h1 class=\\\"uk-margin-small uk-margin-remove-top uk-margin-remove-bottom uk-scrollspy-inview uk-animation-slide-bottom\\\" uk-scrollspy-class=\\\"\\\" data-id=\\\"page#4\\\">Departamentos<\\\/h1>\",\"title_decoration\":\"line\",\"title_element\":\"h1\"}}]}]}]},{\"type\":\"section\",\"props\":{\"height\":\"percent\",\"image_position\":\"center-center\",\"padding\":\"small\",\"padding_remove_top\":true,\"style\":\"default\",\"title_breakpoint\":\"xl\",\"title_position\":\"top-left\",\"title_rotation\":\"left\",\"vertical_align\":\"middle\",\"width\":\"small\"},\"children\":[{\"type\":\"row\",\"props\":{\"divider\":true,\"width\":\"expand\"},\"children\":[{\"type\":\"column\",\"props\":{\"image_position\":\"center-center\",\"position_sticky_breakpoint\":\"m\",\"width_medium\":\"1-1\"},\"children\":[{\"type\":\"switcher\",\"props\":{\"content_column_breakpoint\":\"m\",\"image_align\":\"top\",\"image_grid_breakpoint\":\"m\",\"image_grid_width\":\"1-2\",\"image_svg_color\":\"emphasis\",\"link_style\":\"default\",\"link_text\":\"Read more\",\"margin\":\"default\",\"meta_align\":\"below-title\",\"meta_element\":\"div\",\"meta_style\":\"text-meta\",\"nav\":\"tab\",\"nav_align\":\"left\",\"nav_grid_breakpoint\":\"m\",\"nav_grid_width\":\"auto\",\"nav_position\":\"top\",\"show_content\":true,\"show_image\":false,\"show_label\":false,\"show_link\":false,\"show_meta\":false,\"show_thumbnail\":false,\"show_title\":false,\"switcher_animation\":\"fade\",\"switcher_height\":false,\"thumbnav_height\":\"75\",\"thumbnav_svg_color\":\"emphasis\",\"thumbnav_width\":\"100\",\"title_align\":\"top\",\"title_element\":\"h3\",\"title_grid_breakpoint\":\"m\",\"title_grid_width\":\"1-2\"},\"children\":[{\"type\":\"switcher_item\",\"props\":{\"content\":\"\n\n<p>Los Departamentos son los \\u00f3rganos b\\u00e1sicos encargados de organizar y desarrollar las ense\\u00f1anzas propias de las materias que tengan asignados. Nuestro Conservatorio cuenta con la siguiente estructura por Departamentos:<\\\/p>\\n\n\n<div class=\\\"uk-width-3-4@m uk-first-column\\\">\\n\n\n<table class=\\\"uk-margin-small uk-margin-remove-top uk-table uk-table-striped uk-table-hover uk-table-responsive\\\" data-id=\\\"page#13\\\">\\n\n\n<thead><\\\/thead>\\n\n\n<tbody>\\n\n\n<tr class=\\\"el-item\\\">\\n\n\n<td>\\n\n\n<div>\\n\n\n<h4 class=\\\"el-title\\\">Composici\\u00f3n<\\\/h4>\\n<\\\/div>\\n\n\n<div>Jefatura de departamento: Sergio Lasu\\u00e9n Hern\\u00e1ndez. Aula 45.<\\\/div>\\n\n\n<div class=\\\"el-content\\\">\\n\n\n<p class=\\\"p1\\\"><i class=\\\"fa fa-envelope fa- \\\"><\\\/i>\\u00a0<a href=\\\"mailto:sergio.lasuen@conservatoriolucena.es\\\">sergio.lasuen@conservatoriolucena.es<\\\/a><\\\/p>\\n<\\\/div>\\n\n\n<div class=\\\"el-meta uk-text-meta\\\">Asignaturas y\\\/o especialidades instrumentales dependientes de este departamento: Acompa\\u00f1amiento, Ac\\u00fastica y Organolog\\u00eda, An\\u00e1lisis musical, Armon\\u00eda, Composici\\u00f3n, Fundamentos de Composici\\u00f3n, Estilos y Formas Musicales, Historia de la M\\u00fasica, Historia del Pensamiento Musical, Inform\\u00e1tica, Jazz, Pedagog\\u00eda y Repentizaci\\u00f3n y Transporte.<\\\/div>\\n<\\\/td>\\n<\\\/tr>\\n\n\n<tr class=\\\"el-item\\\">\\n\n\n<td>\\n\n\n<div>\\n\n\n<h4 class=\\\"el-title\\\">Cuerda-Arco<\\\/h4>\\nJefatura de departamento: Azahara Escobar Hern\\u00e1ndez. Aula 33.<\\\/div>\\n\n\n<div class=\\\"el-content\\\">\\n\n\n<p class=\\\"p1\\\"><i class=\\\"fa fa-envelope fa- \\\"><\\\/i>\\u00a0<a href=\\\"mailto:azahara.escobar@conservatoriolucena.es\\\">azahara.escobar@conservatoriolucena.es<\\\/a><\\\/p>\\n<\\\/div>\\n\n\n<div class=\\\"el-meta uk-text-meta\\\">Asignaturas y\\\/o especialidades instrumentales dependientes de este departamento: Contrabajo, Viola, Viol\\u00edn, Violonchelo, agrupaci\\u00f3n de cuerda y las diferentes literaturas de los mencionados instrumentos .<\\\/div>\\n<\\\/td>\\n<\\\/tr>\\n\n\n<tr class=\\\"el-item\\\">\\n\n\n<td>\\n\n\n<div>\\n\n\n<h4 class=\\\"el-title\\\">Extensi\\u00f3n Cultural y Promoci\\u00f3n Art\\u00edstica<\\\/h4>\\nJefatura de departamento: Prado M\\u00e1rquez Romero. Aula 34<\\\/div>\\n\n\n<div class=\\\"el-content\\\">\\n\n\n<p class=\\\"p1\\\"><i class=\\\"fa fa-envelope fa- \\\"><\\\/i>\\u00a0<a href=\\\"mailto:prado.marquez@conservatoriolucena.es\\\">prado.marquez@conservatoriolucena.es<\\\/a><\\\/p>\\n<\\\/div>\\n\n\n<div class=\\\"el-meta uk-text-meta\\\">Se encarga de coordinar las actividades de promoci\\u00f3n del centro.<\\\/div>\\n<\\\/td>\\n<\\\/tr>\\n\n\n<tr class=\\\"el-item\\\">\\n\n\n<td>\\n\n\n<div>\\n\n\n<h4 class=\\\"el-title\\\">Formaci\\u00f3n, evaluaci\\u00f3n e innovaci\\u00f3n educativa (FEIE)<\\\/h4>\\nJefatura de departamento: Jos\\u00e9 Antonio Luque Osuna. Aula 26.<\\\/div>\\n\n\n<div class=\\\"el-content\\\">\\n\n\n<p class=\\\"p1\\\"><i class=\\\"fa fa-envelope fa- \\\"><\\\/i>\\u00a0<a href=\\\"mailto:joseantonio.luque@conservatoriolucena.es\\\">joseantonio.luque@conservatoriolucena.es<\\\/a><\\\/p>\\n<\\\/div>\\n\n\n<div class=\\\"el-meta uk-text-meta\\\">Se encarga de aspectos relacionados con la mejora en la calidad de la ense\\u00f1anza y la formaci\\u00f3n del profesorado.<\\\/div>\\n<\\\/td>\\n<\\\/tr>\\n\n\n<tr class=\\\"el-item\\\">\\n\n\n<td>\\n\n\n<div>\\n\n\n<h4 class=\\\"el-title\\\">Guitarra<\\\/h4>\\nJefatura de departamento: Antonio Gonz\\u00e1lez \\u00c9cija. Aula 24.<\\\/div>\\n\n\n<div class=\\\"el-content\\\">\\n\n\n<p class=\\\"p1\\\"><i class=\\\"fa fa-envelope fa- \\\"><\\\/i>\\u00a0<a href=\\\"mailto:antonio.gonzalezecija@conservatoriolucena.es\\\">antonio.gonzalezecija@conservatoriolucena.es<\\\/a><\\\/p>\\n<\\\/div>\\n\n\n<div class=\\\"el-meta uk-text-meta\\\">Asignaturas y\\\/o especialidades instrumentales dependientes de este departamento: Guitarra, Literatura del instrumento.<\\\/div>\\n<\\\/td>\\n<\\\/tr>\\n\n\n<tr class=\\\"el-item\\\">\\n\n\n<td>\\n\n\n<div>\\n\n\n<h4 class=\\\"el-title\\\">Lenguaje Musical, Coro y Canto<\\\/h4>\\nJefatura de departamento: Roc\\u00edo Delgado S\\u00e1nchez. Aula 38.<\\\/div>\\n\n\n<div class=\\\"el-content\\\">\\n\n\n<p class=\\\"p1\\\"><i class=\\\"fa fa-envelope fa- \\\"><\\\/i>\\u00a0<a href=\\\"mailto:rocio.delgado@conservatoriolucena.es\\\">rocio.delgado@conservatoriolucena.es<\\\/a><\\\/p>\\n<\\\/div>\\n\n\n<div class=\\\"el-meta uk-text-meta\\\">Asignaturas y\\\/o especialidades instrumentales dependientes de este departamento: Canto, Coro y Lenguaje Musical e idiomas aplicados al canto.<\\\/div>\\n<\\\/td>\\n<\\\/tr>\\n\n\n<tr class=\\\"el-item\\\">\\n\n\n<td>\\n\n\n<div>\\n\n\n<h4 class=\\\"el-title\\\">M\\u00fasica de C\\u00e1mara<\\\/h4>\\nJefatura de departamento: Mar\\u00eda Fern\\u00e1ndez Bueno. Aula 4.<\\\/div>\\n\n\n<div class=\\\"el-content\\\">\\n\n\n<p class=\\\"p1\\\"><i class=\\\"fa fa-envelope fa- \\\"><\\\/i>\\u00a0<a href=\\\"mailto:francisco.valdes@conservatoriolucena.es\\\">maria.fernandez@conservatoriolucena.es<\\\/a><\\\/p>\\n<\\\/div>\\n\n\n<div class=\\\"el-meta uk-text-meta\\\">Se encarga de coordinar al profesorado de diversos instrumentos que imparte dicha asignatura y de realizar actividades de promoci\\u00f3n de la misma.<\\\/div>\\n<\\\/td>\\n<\\\/tr>\\n\n\n<tr class=\\\"el-item\\\">\\n\n\n<td>\\n\n\n<div>\\n\n\n<h4 class=\\\"el-title\\\">Orquesta y Actividades Musicales<\\\/h4>\\nJefatura de departamento: V\\u00edctor N\\u00e1jera S\\u00e1nchez. Aula 28.<\\\/div>\\n\n\n<div class=\\\"el-content\\\">\\n\n\n<p class=\\\"p1\\\"><i class=\\\"fa fa-envelope fa- \\\"><\\\/i>\\u00a0<a href=\\\"mailto:victor.najera@conservatoriolucena.es\\\">victor.najera@conservatoriolucena.es<\\\/a><\\\/p>\\n<\\\/div>\\n\n\n<div class=\\\"el-meta uk-text-meta\\\">Se encarga de coordinar la actividad de las diferentes agrupaciones orquestales y bandas y de difundir su labor con la programaci\\u00f3n de diferentes conciertos a lo largo del curso.<\\\/div>\\n<\\\/td>\\n<\\\/tr>\\n\n\n<tr class=\\\"el-item\\\">\\n\n\n<td>\\n\n\n<div>\\n\n\n<h4 class=\\\"el-title\\\">Piano<\\\/h4>\\nJefatura de departamento: \\u00c1ngel P\\u00e9rez Cantero. Aula 32.<\\\/div>\\n\n\n<div class=\\\"el-content\\\">\\n\n\n<p class=\\\"p1\\\"><i class=\\\"fa fa-envelope fa- \\\"><\\\/i>\\u00a0<a href=\\\"mailto:angel.perez@conservatoriolucena.es\\\">angel.perez@conservatoriolucena.es<\\\/a><\\\/p>\\n<\\\/div>\\n\n\n<div class=\\\"el-meta uk-text-meta\\\">Asignaturas y\\\/o especialidades instrumentales dependientes de este departamento: Piano, Piano Complementario, Literatura del Instrumento, Acompa\\u00f1amiento e Improvisaci\\u00f3n al piano.<\\\/div>\\n<\\\/td>\\n<\\\/tr>\\n\n\n<tr class=\\\"el-item\\\">\\n\n\n<td>\\n\n\n<div>\\n\n\n<h4 class=\\\"el-title\\\">Viento y Percusi\\u00f3n<\\\/h4>\\nJefatura de departamento: Pedro Yuste Reyes. Aula 1.<\\\/div>\\n\n\n<div class=\\\"el-content\\\">\\n\n\n<p class=\\\"p1\\\"><i class=\\\"fa fa-envelope fa- \\\"><\\\/i>\\u00a0<a href=\\\"mailto:pedro.yuste@conservatoriolucena.es\\\">pedro.yuste@conservatoriolucena.es<\\\/a><\\\/p>\\n<\\\/div>\\n\n\n<div class=\\\"el-meta uk-text-meta\\\">Asignaturas y\\\/o especialidades instrumentales dependientes de este departamento: Clarinete, Flauta, Fagot, Oboe, Percusi\\u00f3n, Saxof\\u00f3n, Tromb\\u00f3n, Trompa, Trompeta, Tuba, agrupaci\\u00f3n de viento y las diferentes literaturas de los mencionados instrumentos.<\\\/div>\\n<\\\/td>\\n<\\\/tr>\\n<\\\/tbody>\\n<\\\/table>\\n<\\\/div>\\n\n\n<div class=\\\"uk-width-expand@m uk-grid-item-match\\\">\\u00a0<\\\/div>\",\"meta\":\"\",\"title\":\"Departamentos (Curso 2024\\\/2025)\"}}]}]}]}]}],\"version\":\"4.0.11\"} --><\/p>\n","protected":false},"excerpt":{"rendered":"<p>Departamentos Departamentos (Curso 2024\/2025) Los Departamentos son los \u00f3rganos b\u00e1sicos encargados de organizar y desarrollar las ense\u00f1anzas propias de las materias que tengan asignados. Nuestro Conservatorio cuenta con la siguiente estructura por Departamentos: Composici\u00f3n Jefatura de departamento: Sergio Lasu\u00e9n Hern\u00e1ndez. Aula 45. \u00a0sergio.lasuen@conservatoriolucena.es Asignaturas y\/o especialidades instrumentales dependientes de este departamento: Acompa\u00f1amiento, Ac\u00fastica y Organolog\u00eda, [&hellip;]<\/p>\n","protected":false},"author":1,"featured_media":0,"parent":0,"menu_order":0,"comment_status":"closed","ping_status":"closed","template":"","meta":{"jetpack_post_was_ever_published":false,"footnotes":""},"class_list":["post-794","page","type-page","status-publish","hentry"],"jetpack_sharing_enabled":true,"jetpack_shortlink":"https:\/\/wp.me\/PanE4f-cO","jetpack-related-posts":[],"_links":{"self":[{"href":"https:\/\/www.conservatoriolucena.es\/index.php?rest_route=\/wp\/v2\/pages\/794","targetHints":{"allow":["GET"]}}],"collection":[{"href":"https:\/\/www.conservatoriolucena.es\/index.php?rest_route=\/wp\/v2\/pages"}],"about":[{"href":"https:\/\/www.conservatoriolucena.es\/index.php?rest_route=\/wp\/v2\/types\/page"}],"author":[{"embeddable":true,"href":"https:\/\/www.conservatoriolucena.es\/index.php?rest_route=\/wp\/v2\/users\/1"}],"replies":[{"embeddable":true,"href":"https:\/\/www.conservatoriolucena.es\/index.php?rest_route=%2Fwp%2Fv2%2Fcomments&post=794"}],"version-history":[{"count":37,"href":"https:\/\/www.conservatoriolucena.es\/index.php?rest_route=\/wp\/v2\/pages\/794\/revisions"}],"predecessor-version":[{"id":2802,"href":"https:\/\/www.conservatoriolucena.es\/index.php?rest_route=\/wp\/v2\/pages\/794\/revisions\/2802"}],"wp:attachment":[{"href":"https:\/\/www.conservatoriolucena.es\/index.php?rest_route=%2Fwp%2Fv2%2Fmedia&parent=794"}],"curies":[{"name":"wp","href":"https:\/\/api.w.org\/{rel}","templated":true}]}}