{"id":780,"date":"2019-09-09T18:19:58","date_gmt":"2019-09-09T17:19:58","guid":{"rendered":"http:\/\/www.conservatoriolucena.es\/?page_id=780"},"modified":"2019-09-09T18:19:58","modified_gmt":"2019-09-09T17:19:58","slug":"acceder-al-conservatorio","status":"publish","type":"page","link":"https:\/\/www.conservatoriolucena.es\/?page_id=780","title":{"rendered":"Acceder al Conservatorio"},"content":{"rendered":"<h1>\n<h1 class=\"uk-margin-small uk-margin-remove-top uk-margin-remove-bottom uk-scrollspy-inview uk-animation-slide-bottom\" uk-scrollspy-class=\"\" data-id=\"page#4\">Acceder al Conservatorio<\/h1>\n<\/h1>\n<hr>\n<h4>ENSE\u00d1ANZAS B\u00c1SICAS<\/h4>\n<ul>\n<li>\n<h3>Solicitud de admisi\u00f3n<\/h3>\n<div>\n<p><a class=\"uk-button uk-button-primary uk-button-large\" href=\"http:\/\/web.conservatoriodebaena.es\/wp-content\/uploads\/Impreso_solicitud_admision.pdf\" target=\"_blank\" rel=\"noopener\"> Descarga del impreso <\/a><\/p>\n<\/div>\n<\/li>\n<li>\n<h3>Prueba de aptitud<\/h3>\n<div>\n<p style=\"text-align: justify;\">La superaci\u00f3n de la prueba de aptitud es un\u00a0<strong>requisito obligatorio<\/strong>\u00a0para ser admitido en el primer curso de las ense\u00f1anzas b\u00e1sicas de m\u00fasica en nuestro conservatorio.<\/p>\n<p style=\"text-align: justify;\">Esta prueba viene regulada por la siguiente normativa:<\/p>\n<p style=\"text-align: justify;\"><em>ORDEN de 7 de julio de 2009, por la que se regulan las pruebas de aptitud y de acceso a las ense\u00f1anzas b\u00e1sicas de las ense\u00f1anzas elementales de M\u00fasica en Andaluc\u00eda.<\/em><\/p>\n<p style=\"text-align: justify;\"><strong>Caracter\u00edsticas de la prueba y su convocatoria:<\/strong><\/p>\n<ul style=\"text-align: justify;\">\n<li>La direcci\u00f3n del conservatorio convocar\u00e1 la prueba antes del 15 de mayo. En la convocatoria se indicar\u00e1n las fechas de celebraci\u00f3n y el tipo de ejercicios.<\/li>\n<li>La prueba se realizar\u00e1 entre el 15 de mayo y el 5 de junio.<\/li>\n<li>Estructura y contenido de la prueba de aptitud:<\/li>\n<\/ul>\n<p style=\"text-align: justify;\">La prueba de aptitud, que\u00a0<strong>no estar\u00e1 vinculada a ning\u00fan instrumento musical<\/strong>, ser\u00e1 elaborada por el centro, y deber\u00e1 valorar las capacidades siguientes:<\/p>\n<p style=\"text-align: justify;\">a) Capacidad r\u00edtmica. Calificaci\u00f3n de 1 a 10 puntos.<\/p>\n<p style=\"text-align: justify;\">b) Capacidad auditiva, a trav\u00e9s de la percepci\u00f3n del tono e intensidad de los sonidos, de una l\u00ednea mel\u00f3dica y del canto de melod\u00edas sencillas. Calificaci\u00f3n de 1 a 10 puntos.<\/p>\n<ul>\n<li style=\"text-align: justify;\">La calificaci\u00f3n global de la prueba de aptitud ser\u00e1 la media aritm\u00e9tica de las calificaciones obtenidas en los apartados anteriormente mencionados.<\/li>\n<li style=\"text-align: justify;\">Para superar la prueba ser\u00e1 necesario obtener en la calificaci\u00f3n global un\u00a0<strong>m\u00ednimo de 5 puntos<\/strong>.<\/li>\n<li style=\"text-align: justify;\">Superar la prueba de aptitud\u00a0<strong>no da derecho a obtenci\u00f3n autom\u00e1tica de plaza<\/strong>, depender\u00e1 de las vacantes escolares disponibles.<\/li>\n<li style=\"text-align: justify;\">El centro publicar\u00e1 en los tablones de anuncios y a modo informativo en esta web, los resultados de las pruebas de aptitud, as\u00ed como informaci\u00f3n acerca de otros procedimientos relacionados (reclamaciones, matriculaci\u00f3n, etc.)<\/li>\n<\/ul>\n<\/div>\n<\/li>\n<li>\n<h3>Matr\u00edcula<\/h3>\n<div>\n<div>\n<p style=\"text-align: justify;\"><strong>Documentaci\u00f3n necesaria para la\u00a0matr\u00edcula<\/strong>.\u00a0Los alumnos que ya estaban cursando ense\u00f1anzas en nuestro centro y los de nuevo ingreso deben\u00a0<strong>recoger en las oficinas\u00a0<\/strong>del centro el\u00a0<strong>sobre de matr\u00edcula<\/strong>, el cual incluye todos los\u00a0documentos e instrucciones para formalizar la matr\u00edcula.<strong>\u00a0Plazo de entrega: 1 a 10 de julio<\/strong><\/p>\n<\/div>\n<\/div>\n<\/li>\n<li>\n<h3>Prueba de acceso a cursos distintos a primero<\/h3>\n<div>\n<p style=\"text-align: justify;\">En el caso de existir<strong>\u00a0vacantes<\/strong>\u00a0y siempre que se haya presentado solicitud de admisi\u00f3n en el plazo correspondiente, el conservatorio podr\u00e1 convocar pruebas de acceso a cursos distintos de primero, sin que se requiera haber cursado los anteriores.<\/p>\n<p style=\"text-align: justify;\">Esta prueba viene regulada por la siguiente orden:<\/p>\n<p style=\"text-align: justify;\"><em>ORDEN de 7 de julio de 2009, por la que se regulan las pruebas de aptitud y de acceso a las ense\u00f1anzas b\u00e1sicas de las ense\u00f1anzas elementales de M\u00fasica en Andaluc\u00eda.<\/em><\/p>\n<p style=\"text-align: justify;\"><strong>Caracter\u00edsticas de la prueba y su convocatoria:<\/strong><\/p>\n<ul>\n<li style=\"text-align: justify;\">Convocatoria de la prueba de acceso a cursos distintos de primero por la direcci\u00f3n del centro en la\u00a0<strong>primera quincena del mes de julio<\/strong>. En la convocatoria se indicar\u00e1n fechas de celebraci\u00f3n y tipo de ejercicios, con el fin de orientar a los aspirantes.<\/li>\n<li style=\"text-align: justify;\">La prueba de acceso se celebrar\u00e1, en caso de existir vacantes,\u00a0<strong>entre el 1 y el 10 de septiembre<\/strong>.<\/li>\n<li style=\"text-align: justify;\"><strong>Estructura y contenido<\/strong>\u00a0de la prueba de acceso a cursos distintos de 1\u00ba:\n<ul>\n<li>Interpretaci\u00f3n, en el instrumento que vaya a cursar el aspirante, de dos obras de entre las que fije el centro para cada curso. Se calificar\u00e1 este apartado de 1 a 10 puntos.<\/li>\n<li>Ejercicio te\u00f3rico-pr\u00e1ctico para valorar los conocimientos propios del curso al que el aspirante tuviera ocasi\u00f3n de incorporarse de acuerdo con el ejercicio anterior. Se calificar\u00e1 de 1 a 10 puntos.<\/li>\n<\/ul>\n<\/li>\n<li style=\"text-align: justify;\">La calificaci\u00f3n global ser\u00e1 la\u00a0<strong>media ponderada<\/strong>\u00a0de las puntuaciones obtenidas en los dos ejercicios, ponder\u00e1ndose el primero de ellos en un 70% y el segundo en un 30%.<\/li>\n<li style=\"text-align: justify;\">Para superar la prueba ser\u00e1 necesario obtener en la calificaci\u00f3n global un\u00a0<strong>m\u00ednimo de 5 puntos<\/strong>.<\/li>\n<li style=\"text-align: justify;\">Superar la prueba de acceso\u00a0<strong>no da derecho a obtenci\u00f3n autom\u00e1tica de plaza<\/strong>, depender\u00e1 de las vacantes escolares disponibles.<\/li>\n<li style=\"text-align: justify;\">El centro publicar\u00e1 en los tablones de anuncios y a modo informativo en esta web, los resultados de las pruebas de acceso as\u00ed como informaci\u00f3n acerca de otros procedimientos relacionados (reclamaciones, matriculaci\u00f3n, etc.)<\/li>\n<\/ul>\n<\/div>\n<\/li>\n<\/ul>\n<h4>ENSE\u00d1ANZAS PROFESIONALES<\/h4>\n<ul>\n<li>\n<h3>Solicitud de admisi\u00f3n<\/h3>\n<div>\n<p><a class=\"uk-button uk-button-primary uk-button-large\" href=\"http:\/\/web.conservatoriodebaena.es\/wp-content\/uploads\/Impreso_solicitud_admision.pdf\" target=\"_blank\" rel=\"noopener\"> Descarga del impreso <\/a><\/p>\n<\/div>\n<\/li>\n<li>\n<h3>Prueba de acceso a cursos distintos a primero<\/h3>\n<div>\n<p style=\"text-align: justify;\">En el caso de existir<strong>\u00a0vacantes<\/strong>\u00a0y siempre que se haya presentado solicitud de admisi\u00f3n en el plazo correspondiente, el conservatorio podr\u00e1 convocar pruebas de acceso a cursos distintos de primero, sin que se requiera haber cursado los anteriores.<\/p>\n<p style=\"text-align: justify;\">Esta prueba viene regulada por la siguiente orden:<\/p>\n<p style=\"text-align: justify;\"><em>ORDEN de 7 de julio de 2009, por la que se regulan las pruebas de aptitud y de acceso a las ense\u00f1anzas b\u00e1sicas de las ense\u00f1anzas elementales de M\u00fasica en Andaluc\u00eda.<\/em><\/p>\n<p style=\"text-align: justify;\"><strong>Caracter\u00edsticas de la prueba y su convocatoria:<\/strong><\/p>\n<ul>\n<li style=\"text-align: justify;\">Convocatoria de la prueba de acceso a cursos distintos de primero por la direcci\u00f3n del centro en la\u00a0<strong>primera quincena del mes de julio<\/strong>. En la convocatoria se indicar\u00e1n fechas de celebraci\u00f3n y tipo de ejercicios, con el fin de orientar a los aspirantes.<\/li>\n<li style=\"text-align: justify;\">La prueba de acceso se celebrar\u00e1, en caso de existir vacantes,\u00a0<strong>entre el 1 y el 10 de septiembre<\/strong>.<\/li>\n<li style=\"text-align: justify;\"><strong>Estructura y contenido<\/strong>\u00a0de la prueba de acceso a cursos distintos de 1\u00ba:\n<ul>\n<li>Interpretaci\u00f3n, en el instrumento que vaya a cursar el aspirante, de dos obras de entre las que fije el centro para cada curso. Se calificar\u00e1 este apartado de 1 a 10 puntos.<\/li>\n<li>Ejercicio te\u00f3rico-pr\u00e1ctico para valorar los conocimientos propios del curso al que el aspirante tuviera ocasi\u00f3n de incorporarse de acuerdo con el ejercicio anterior. Se calificar\u00e1 de 1 a 10 puntos.<\/li>\n<\/ul>\n<\/li>\n<li style=\"text-align: justify;\">La calificaci\u00f3n global ser\u00e1 la\u00a0<strong>media ponderada<\/strong>\u00a0de las puntuaciones obtenidas en los dos ejercicios, ponder\u00e1ndose el primero de ellos en un 70% y el segundo en un 30%.<\/li>\n<li style=\"text-align: justify;\">Para superar la prueba ser\u00e1 necesario obtener en la calificaci\u00f3n global un\u00a0<strong>m\u00ednimo de 5 puntos<\/strong>.<\/li>\n<li style=\"text-align: justify;\">Superar la prueba de acceso\u00a0<strong>no da derecho a obtenci\u00f3n autom\u00e1tica de plaza<\/strong>, depender\u00e1 de las vacantes escolares disponibles.<\/li>\n<li style=\"text-align: justify;\">El centro publicar\u00e1 en los tablones de anuncios y a modo informativo en esta web, los resultados de las pruebas de acceso as\u00ed como informaci\u00f3n acerca de otros procedimientos relacionados (reclamaciones, matriculaci\u00f3n, etc.)<\/li>\n<\/ul>\n<\/div>\n<\/li>\n<\/ul>\n<p><!-- {\"type\":\"layout\",\"children\":[{\"type\":\"section\",\"props\":{\"style\":\"default\",\"width\":\"default\",\"vertical_align\":\"middle\",\"title_position\":\"top-left\",\"title_rotation\":\"left\",\"title_breakpoint\":\"xl\",\"image_position\":\"center-center\",\"text_color\":\"\",\"width_expand\":\"\",\"height\":\"\",\"padding\":\"xsmall\",\"header_transparent\":\"\",\"animation\":\"\",\"padding_remove_top\":true,\"padding_remove_bottom\":false},\"children\":[{\"type\":\"row\",\"props\":{\"layout\":\"1-1\",\"breakpoint\":\"m\",\"fixed_width\":\"large\",\"gutter\":\"\",\"width\":\"\",\"width_expand\":\"\",\"height\":\"\",\"margin\":\"\",\"margin_remove_bottom\":true},\"children\":[{\"type\":\"column\",\"props\":{\"widths\":[\"1-1\"],\"image_position\":\"center-center\",\"media_overlay_gradient\":\"\",\"vertical_align\":\"\",\"style\":\"\",\"text_color\":\"\",\"padding\":\"\"},\"children\":[{\"type\":\"headline\",\"props\":{\"title_element\":\"h1\",\"title_style\":\"\",\"title_decoration\":\"\",\"title_color\":\"\",\"text_align\":\"\",\"text_align_breakpoint\":\"\",\"text_align_fallback\":\"\",\"maxwidth\":\"\",\"maxwidth_align\":\"\",\"maxwidth_breakpoint\":\"\",\"margin\":\"\",\"animation\":\"\",\"visibility\":\"\",\"content\":\"\n\n<h1 class=\\\"uk-margin-small uk-margin-remove-top uk-margin-remove-bottom uk-scrollspy-inview uk-animation-slide-bottom\\\" uk-scrollspy-class=\\\"\\\" data-id=\\\"page#4\\\">Acceder al Conservatorio<\\\/h1>\"}},{\"type\":\"divider\",\"props\":{\"divider_element\":\"hr\",\"divider_style\":\"\",\"divider_align\":\"\",\"divider_align_breakpoint\":\"\",\"divider_align_fallback\":\"\",\"maxwidth\":\"\",\"maxwidth_align\":\"\",\"maxwidth_breakpoint\":\"\",\"margin\":\"\",\"animation\":\"\",\"visibility\":\"\"}}]}]}]},{\"type\":\"section\",\"props\":{\"style\":\"default\",\"width\":\"default\",\"vertical_align\":\"middle\",\"title_position\":\"top-left\",\"title_rotation\":\"left\",\"title_breakpoint\":\"xl\",\"image_position\":\"center-center\",\"text_color\":\"\",\"width_expand\":\"\",\"height\":\"\",\"padding\":\"\",\"header_transparent\":\"\",\"animation\":\"\",\"padding_remove_top\":true},\"children\":[{\"type\":\"row\",\"props\":{\"layout\":\",\",\"breakpoint\":\"m\",\"fixed_width\":\"large\",\"gutter\":\"\",\"width\":\"\",\"width_expand\":\"\",\"height\":\"\",\"margin\":\"\"},\"children\":[{\"type\":\"column\",\"props\":{\"widths\":[\"\"],\"image_position\":\"center-center\",\"media_overlay_gradient\":\"\",\"vertical_align\":\"\",\"style\":\"primary\",\"text_color\":\"\",\"padding\":\"\"},\"children\":[{\"type\":\"headline\",\"props\":{\"title_element\":\"h4\",\"title_style\":\"h3\",\"title_decoration\":\"divider\",\"title_color\":\"\",\"text_align\":\"\",\"text_align_breakpoint\":\"\",\"text_align_fallback\":\"\",\"maxwidth\":\"\",\"maxwidth_align\":\"\",\"maxwidth_breakpoint\":\"\",\"margin\":\"\",\"animation\":\"\",\"visibility\":\"\",\"content\":\"ENSE\\u00d1ANZAS B\\u00c1SICAS\"}},{\"type\":\"accordion\",\"props\":{\"show_image\":true,\"show_link\":true,\"collapsible\":true,\"image_svg_color\":\"emphasis\",\"image_align\":\"top\",\"image_grid_width\":\"1-2\",\"image_breakpoint\":\"m\",\"link_text\":\"Read more\",\"link_style\":\"default\",\"content_style\":\"\",\"content_margin\":\"\",\"image_border\":\"\",\"image_gutter\":\"\",\"image_margin\":\"\",\"link_size\":\"\",\"link_margin\":\"\",\"text_align\":\"\",\"text_align_breakpoint\":\"\",\"text_align_fallback\":\"\",\"maxwidth\":\"\",\"maxwidth_align\":\"\",\"maxwidth_breakpoint\":\"\",\"margin\":\"\",\"animation\":\"\",\"visibility\":\"\"},\"children\":[{\"type\":\"accordion_item\",\"props\":{\"title\":\"Solicitud de admisi\\u00f3n\",\"content\":\"\n\n<p><a class=\\\"uk-button uk-button-primary uk-button-large\\\" href=\\\"http:\\\/\\\/web.conservatoriodebaena.es\\\/wp-content\\\/uploads\\\/Impreso_solicitud_admision.pdf\\\" target=\\\"_blank\\\" rel=\\\"noopener\\\"> Descarga del impreso <\\\/a><\\\/p>\"}},{\"type\":\"accordion_item\",\"props\":{\"title\":\"Prueba de aptitud\",\"content\":\"\n\n<p style=\\\"text-align: justify;\\\">La superaci\\u00f3n de la prueba de aptitud es un\\u00a0<strong>requisito obligatorio<\\\/strong>\\u00a0para ser admitido en el primer curso de las ense\\u00f1anzas b\\u00e1sicas de m\\u00fasica en nuestro conservatorio.<\\\/p>\\n\n\n<p style=\\\"text-align: justify;\\\">Esta prueba viene regulada por la siguiente normativa:<\\\/p>\\n\n\n<p style=\\\"text-align: justify;\\\"><em>ORDEN de 7 de julio de 2009, por la que se regulan las pruebas de aptitud y de acceso a las ense\\u00f1anzas b\\u00e1sicas de las ense\\u00f1anzas elementales de M\\u00fasica en Andaluc\\u00eda.<\\\/em><\\\/p>\\n\n\n<p style=\\\"text-align: justify;\\\"><strong>Caracter\\u00edsticas de la prueba y su convocatoria:<\\\/strong><\\\/p>\\n\n\n<ul style=\\\"text-align: justify;\\\">\\n\n\n<li>La direcci\\u00f3n del conservatorio convocar\\u00e1 la prueba antes del 15 de mayo. En la convocatoria se indicar\\u00e1n las fechas de celebraci\\u00f3n y el tipo de ejercicios.<\\\/li>\\n\n\n<li>La prueba se realizar\\u00e1 entre el 15 de mayo y el 5 de junio.<\\\/li>\\n\n\n<li>Estructura y contenido de la prueba de aptitud:<\\\/li>\\n<\\\/ul>\\n\n\n<p style=\\\"text-align: justify;\\\">La prueba de aptitud, que\\u00a0<strong>no estar\\u00e1 vinculada a ning\\u00fan instrumento musical<\\\/strong>, ser\\u00e1 elaborada por el centro, y deber\\u00e1 valorar las capacidades siguientes:<\\\/p>\\n\n\n<p style=\\\"text-align: justify;\\\">a) Capacidad r\\u00edtmica. Calificaci\\u00f3n de 1 a 10 puntos.<\\\/p>\\n\n\n<p style=\\\"text-align: justify;\\\">b) Capacidad auditiva, a trav\\u00e9s de la percepci\\u00f3n del tono e intensidad de los sonidos, de una l\\u00ednea mel\\u00f3dica y del canto de melod\\u00edas sencillas. Calificaci\\u00f3n de 1 a 10 puntos.<\\\/p>\\n\n\n<ul>\\n\n\n<li style=\\\"text-align: justify;\\\">La calificaci\\u00f3n global de la prueba de aptitud ser\\u00e1 la media aritm\\u00e9tica de las calificaciones obtenidas en los apartados anteriormente mencionados.<\\\/li>\\n\n\n<li style=\\\"text-align: justify;\\\">Para superar la prueba ser\\u00e1 necesario obtener en la calificaci\\u00f3n global un\\u00a0<strong>m\\u00ednimo de 5 puntos<\\\/strong>.<\\\/li>\\n\n\n<li style=\\\"text-align: justify;\\\">Superar la prueba de aptitud\\u00a0<strong>no da derecho a obtenci\\u00f3n autom\\u00e1tica de plaza<\\\/strong>, depender\\u00e1 de las vacantes escolares disponibles.<\\\/li>\\n\n\n<li style=\\\"text-align: justify;\\\">El centro publicar\\u00e1 en los tablones de anuncios y a modo informativo en esta web, los resultados de las pruebas de aptitud, as\\u00ed como informaci\\u00f3n acerca de otros procedimientos relacionados (reclamaciones, matriculaci\\u00f3n, etc.)<\\\/li>\\n<\\\/ul>\"}},{\"type\":\"accordion_item\",\"props\":{\"title\":\"Matr\\u00edcula\",\"content\":\"\n\n<div>\\n\n\n<p style=\\\"text-align: justify;\\\"><strong>Documentaci\\u00f3n necesaria para la\\u00a0matr\\u00edcula<\\\/strong>.\\u00a0Los alumnos que ya estaban cursando ense\\u00f1anzas en nuestro centro y los de nuevo ingreso deben\\u00a0<strong>recoger en las oficinas\\u00a0<\\\/strong>del centro el\\u00a0<strong>sobre de matr\\u00edcula<\\\/strong>, el cual incluye todos los\\u00a0documentos e instrucciones para formalizar la matr\\u00edcula.<strong>\\u00a0Plazo de entrega: 1 a 10 de julio<\\\/strong><\\\/p>\\n<\\\/div>\"}},{\"type\":\"accordion_item\",\"props\":{\"content\":\"\n\n<p style=\\\"text-align: justify;\\\">En el caso de existir<strong>\\u00a0vacantes<\\\/strong>\\u00a0y siempre que se haya presentado solicitud de admisi\\u00f3n en el plazo correspondiente, el conservatorio podr\\u00e1 convocar pruebas de acceso a cursos distintos de primero, sin que se requiera haber cursado los anteriores.<\\\/p>\\n\n\n<p style=\\\"text-align: justify;\\\">Esta prueba viene regulada por la siguiente orden:<\\\/p>\\n\n\n<p style=\\\"text-align: justify;\\\"><em>ORDEN de 7 de julio de 2009, por la que se regulan las pruebas de aptitud y de acceso a las ense\\u00f1anzas b\\u00e1sicas de las ense\\u00f1anzas elementales de M\\u00fasica en Andaluc\\u00eda.<\\\/em><\\\/p>\\n\n\n<p style=\\\"text-align: justify;\\\"><strong>Caracter\\u00edsticas de la prueba y su convocatoria:<\\\/strong><\\\/p>\\n\n\n<ul>\\n\n\n<li style=\\\"text-align: justify;\\\">Convocatoria de la prueba de acceso a cursos distintos de primero por la direcci\\u00f3n del centro en la\\u00a0<strong>primera quincena del mes de julio<\\\/strong>. En la convocatoria se indicar\\u00e1n fechas de celebraci\\u00f3n y tipo de ejercicios, con el fin de orientar a los aspirantes.<\\\/li>\\n\n\n<li style=\\\"text-align: justify;\\\">La prueba de acceso se celebrar\\u00e1, en caso de existir vacantes,\\u00a0<strong>entre el 1 y el 10 de septiembre<\\\/strong>.<\\\/li>\\n\n\n<li style=\\\"text-align: justify;\\\"><strong>Estructura y contenido<\\\/strong>\\u00a0de la prueba de acceso a cursos distintos de 1\\u00ba:\\n\n\n<ul>\\n\n\n<li>Interpretaci\\u00f3n, en el instrumento que vaya a cursar el aspirante, de dos obras de entre las que fije el centro para cada curso. Se calificar\\u00e1 este apartado de 1 a 10 puntos.<\\\/li>\\n\n\n<li>Ejercicio te\\u00f3rico-pr\\u00e1ctico para valorar los conocimientos propios del curso al que el aspirante tuviera ocasi\\u00f3n de incorporarse de acuerdo con el ejercicio anterior. Se calificar\\u00e1 de 1 a 10 puntos.<\\\/li>\\n<\\\/ul>\\n<\\\/li>\\n\n\n<li style=\\\"text-align: justify;\\\">La calificaci\\u00f3n global ser\\u00e1 la\\u00a0<strong>media ponderada<\\\/strong>\\u00a0de las puntuaciones obtenidas en los dos ejercicios, ponder\\u00e1ndose el primero de ellos en un 70% y el segundo en un 30%.<\\\/li>\\n\n\n<li style=\\\"text-align: justify;\\\">Para superar la prueba ser\\u00e1 necesario obtener en la calificaci\\u00f3n global un\\u00a0<strong>m\\u00ednimo de 5 puntos<\\\/strong>.<\\\/li>\\n\n\n<li style=\\\"text-align: justify;\\\">Superar la prueba de acceso\\u00a0<strong>no da derecho a obtenci\\u00f3n autom\\u00e1tica de plaza<\\\/strong>, depender\\u00e1 de las vacantes escolares disponibles.<\\\/li>\\n\n\n<li style=\\\"text-align: justify;\\\">El centro publicar\\u00e1 en los tablones de anuncios y a modo informativo en esta web, los resultados de las pruebas de acceso as\\u00ed como informaci\\u00f3n acerca de otros procedimientos relacionados (reclamaciones, matriculaci\\u00f3n, etc.)<\\\/li>\\n<\\\/ul>\",\"title\":\"Prueba de acceso a cursos distintos a primero\"}}]}]},{\"type\":\"column\",\"props\":{\"widths\":[\"\"],\"image_position\":\"center-center\",\"media_overlay_gradient\":\"\",\"vertical_align\":\"\",\"style\":\"primary\",\"text_color\":\"\",\"padding\":\"\"},\"children\":[{\"type\":\"headline\",\"props\":{\"title_element\":\"h4\",\"title_style\":\"h3\",\"title_decoration\":\"divider\",\"title_color\":\"\",\"text_align\":\"\",\"text_align_breakpoint\":\"\",\"text_align_fallback\":\"\",\"maxwidth\":\"\",\"maxwidth_align\":\"\",\"maxwidth_breakpoint\":\"\",\"margin\":\"\",\"animation\":\"\",\"visibility\":\"\",\"content\":\"ENSE\\u00d1ANZAS PROFESIONALES\"}},{\"type\":\"accordion\",\"props\":{\"show_image\":true,\"show_link\":true,\"collapsible\":true,\"image_svg_color\":\"emphasis\",\"image_align\":\"top\",\"image_grid_width\":\"1-2\",\"image_breakpoint\":\"m\",\"link_text\":\"Read more\",\"link_style\":\"default\",\"content_style\":\"\",\"content_margin\":\"\",\"image_border\":\"\",\"image_gutter\":\"\",\"image_margin\":\"\",\"link_size\":\"\",\"link_margin\":\"\",\"text_align\":\"\",\"text_align_breakpoint\":\"\",\"text_align_fallback\":\"\",\"maxwidth\":\"\",\"maxwidth_align\":\"\",\"maxwidth_breakpoint\":\"\",\"margin\":\"\",\"animation\":\"\",\"visibility\":\"\"},\"children\":[{\"type\":\"accordion_item\",\"props\":{\"title\":\"Solicitud de admisi\\u00f3n\",\"content\":\"\n\n<p><a class=\\\"uk-button uk-button-primary uk-button-large\\\" href=\\\"http:\\\/\\\/web.conservatoriodebaena.es\\\/wp-content\\\/uploads\\\/Impreso_solicitud_admision.pdf\\\" target=\\\"_blank\\\" rel=\\\"noopener\\\"> Descarga del impreso <\\\/a><\\\/p>\"}},{\"type\":\"accordion_item\",\"props\":{\"title\":\"Prueba de acceso a cursos distintos a primero\",\"content\":\"\n\n<p style=\\\"text-align: justify;\\\">En el caso de existir<strong>\\u00a0vacantes<\\\/strong>\\u00a0y siempre que se haya presentado solicitud de admisi\\u00f3n en el plazo correspondiente, el conservatorio podr\\u00e1 convocar pruebas de acceso a cursos distintos de primero, sin que se requiera haber cursado los anteriores.<\\\/p>\\n\n\n<p style=\\\"text-align: justify;\\\">Esta prueba viene regulada por la siguiente orden:<\\\/p>\\n\n\n<p style=\\\"text-align: justify;\\\"><em>ORDEN de 7 de julio de 2009, por la que se regulan las pruebas de aptitud y de acceso a las ense\\u00f1anzas b\\u00e1sicas de las ense\\u00f1anzas elementales de M\\u00fasica en Andaluc\\u00eda.<\\\/em><\\\/p>\\n\n\n<p style=\\\"text-align: justify;\\\"><strong>Caracter\\u00edsticas de la prueba y su convocatoria:<\\\/strong><\\\/p>\\n\n\n<ul>\\n\n\n<li style=\\\"text-align: justify;\\\">Convocatoria de la prueba de acceso a cursos distintos de primero por la direcci\\u00f3n del centro en la\\u00a0<strong>primera quincena del mes de julio<\\\/strong>. En la convocatoria se indicar\\u00e1n fechas de celebraci\\u00f3n y tipo de ejercicios, con el fin de orientar a los aspirantes.<\\\/li>\\n\n\n<li style=\\\"text-align: justify;\\\">La prueba de acceso se celebrar\\u00e1, en caso de existir vacantes,\\u00a0<strong>entre el 1 y el 10 de septiembre<\\\/strong>.<\\\/li>\\n\n\n<li style=\\\"text-align: justify;\\\"><strong>Estructura y contenido<\\\/strong>\\u00a0de la prueba de acceso a cursos distintos de 1\\u00ba:\\n\n\n<ul>\\n\n\n<li>Interpretaci\\u00f3n, en el instrumento que vaya a cursar el aspirante, de dos obras de entre las que fije el centro para cada curso. Se calificar\\u00e1 este apartado de 1 a 10 puntos.<\\\/li>\\n\n\n<li>Ejercicio te\\u00f3rico-pr\\u00e1ctico para valorar los conocimientos propios del curso al que el aspirante tuviera ocasi\\u00f3n de incorporarse de acuerdo con el ejercicio anterior. Se calificar\\u00e1 de 1 a 10 puntos.<\\\/li>\\n<\\\/ul>\\n<\\\/li>\\n\n\n<li style=\\\"text-align: justify;\\\">La calificaci\\u00f3n global ser\\u00e1 la\\u00a0<strong>media ponderada<\\\/strong>\\u00a0de las puntuaciones obtenidas en los dos ejercicios, ponder\\u00e1ndose el primero de ellos en un 70% y el segundo en un 30%.<\\\/li>\\n\n\n<li style=\\\"text-align: justify;\\\">Para superar la prueba ser\\u00e1 necesario obtener en la calificaci\\u00f3n global un\\u00a0<strong>m\\u00ednimo de 5 puntos<\\\/strong>.<\\\/li>\\n\n\n<li style=\\\"text-align: justify;\\\">Superar la prueba de acceso\\u00a0<strong>no da derecho a obtenci\\u00f3n autom\\u00e1tica de plaza<\\\/strong>, depender\\u00e1 de las vacantes escolares disponibles.<\\\/li>\\n\n\n<li style=\\\"text-align: justify;\\\">El centro publicar\\u00e1 en los tablones de anuncios y a modo informativo en esta web, los resultados de las pruebas de acceso as\\u00ed como informaci\\u00f3n acerca de otros procedimientos relacionados (reclamaciones, matriculaci\\u00f3n, etc.)<\\\/li>\\n<\\\/ul>\"}}]}]}]}]}],\"version\":\"1.18.15\"} --><\/p>\n","protected":false},"excerpt":{"rendered":"<p>Acceder al Conservatorio ENSE\u00d1ANZAS B\u00c1SICAS Solicitud de admisi\u00f3n Descarga del impreso Prueba de aptitud La superaci\u00f3n de la prueba de aptitud es un\u00a0requisito obligatorio\u00a0para ser admitido en el primer curso de las ense\u00f1anzas b\u00e1sicas de m\u00fasica en nuestro conservatorio. Esta prueba viene regulada por la siguiente normativa: ORDEN de 7 de julio de 2009, por [&hellip;]<\/p>\n","protected":false},"author":1,"featured_media":0,"parent":0,"menu_order":0,"comment_status":"closed","ping_status":"closed","template":"","meta":{"jetpack_post_was_ever_published":false,"footnotes":""},"class_list":["post-780","page","type-page","status-publish","hentry"],"jetpack_sharing_enabled":true,"jetpack_shortlink":"https:\/\/wp.me\/PanE4f-cA","jetpack-related-posts":[],"_links":{"self":[{"href":"https:\/\/www.conservatoriolucena.es\/index.php?rest_route=\/wp\/v2\/pages\/780","targetHints":{"allow":["GET"]}}],"collection":[{"href":"https:\/\/www.conservatoriolucena.es\/index.php?rest_route=\/wp\/v2\/pages"}],"about":[{"href":"https:\/\/www.conservatoriolucena.es\/index.php?rest_route=\/wp\/v2\/types\/page"}],"author":[{"embeddable":true,"href":"https:\/\/www.conservatoriolucena.es\/index.php?rest_route=\/wp\/v2\/users\/1"}],"replies":[{"embeddable":true,"href":"https:\/\/www.conservatoriolucena.es\/index.php?rest_route=%2Fwp%2Fv2%2Fcomments&post=780"}],"version-history":[{"count":9,"href":"https:\/\/www.conservatoriolucena.es\/index.php?rest_route=\/wp\/v2\/pages\/780\/revisions"}],"predecessor-version":[{"id":789,"href":"https:\/\/www.conservatoriolucena.es\/index.php?rest_route=\/wp\/v2\/pages\/780\/revisions\/789"}],"wp:attachment":[{"href":"https:\/\/www.conservatoriolucena.es\/index.php?rest_route=%2Fwp%2Fv2%2Fmedia&parent=780"}],"curies":[{"name":"wp","href":"https:\/\/api.w.org\/{rel}","templated":true}]}}