{"id":771,"date":"2019-09-09T18:03:07","date_gmt":"2019-09-09T17:03:07","guid":{"rendered":"http:\/\/www.conservatoriolucena.es\/?page_id=771"},"modified":"2019-09-09T18:03:07","modified_gmt":"2019-09-09T17:03:07","slug":"las-ensenanzas-de-musica","status":"publish","type":"page","link":"https:\/\/www.conservatoriolucena.es\/?page_id=771","title":{"rendered":"Las ense\u00f1anzas de m\u00fasica"},"content":{"rendered":"<h1>\n<h1 class=\"uk-margin-small uk-margin-remove-top uk-margin-remove-bottom uk-scrollspy-inview uk-animation-slide-bottom\" uk-scrollspy-class=\"\" data-id=\"page#4\">Las ense\u00f1anzas de m\u00fasica<\/h1>\n<\/h1>\n<hr>\n<div>\n<p style=\"text-align: justify;\">Las ense\u00f1anzas musicales en Espa\u00f1a est\u00e1n organizadas en tres niveles con una duraci\u00f3n total de 14 cursos.<\/p>\n<p style=\"text-align: justify;\"><strong>ENSE\u00d1ANZAS B\u00c1SICAS DE M\u00daSICA (4 cursos)<\/strong><\/p>\n<p style=\"text-align: justify;\">En la ense\u00f1anza p\u00fablica se realizan en los conservatorios elementales y profesionales. Constan de dos ciclos de dos cursos cada uno. Para acceder es necesario tener 8 a\u00f1os de edad m\u00ednima o cumplirlos el a\u00f1o de la solicitud y superar una prueba de aptitud.<\/p>\n<p style=\"text-align: justify;\"><strong>Primer ciclo<\/strong><\/p>\n<p style=\"text-align: justify;\">Consta de dos cursos y se asiste a dos asignaturas por curso: Instrumento Principal y Lenguaje Musical. Las clases de estas asignaturas se imparten en dos clases semanales de una hora, normalmente una a continuaci\u00f3n de la otra y en d\u00edas alternos, por ejemplo: lunes y mi\u00e9rcoles o martes y jueves.<\/p>\n<p style=\"text-align: justify;\"><strong>Segundo ciclo<\/strong><\/p>\n<p style=\"text-align: justify;\">Nuevamente son dos cursos y esta vez constan de cuatro asignaturas por curso. Normalmente se asiste tres d\u00edas al conservatorio.<\/p>\n<ul style=\"text-align: justify;\">\n<li>Lenguaje Musical: dos clases semanales de una hora.<\/li>\n<li>Instrumento Principal: una clase semanal.<\/li>\n<li>Coro: una clase semanal de una hora.<\/li>\n<li>Agrupaciones Musicales: una clase semanal.<\/li>\n<\/ul>\n<p>\u00a0<\/p>\n<p style=\"text-align: justify;\"><strong>Evaluaci\u00f3n de las asignaturas<\/strong><\/p>\n<p style=\"text-align: justify;\">El funcionamiento de un conservatorio elemental de m\u00fasica es a todos los efectos similar al de un colegio o instituto. Se realizan evaluaciones trimestrales y se emite un bolet\u00edn de calificaciones al final de cada evaluaci\u00f3n. La evaluaci\u00f3n es continua y para superar un curso no puede quedar m\u00e1s de una asignatura pendiente. Se dispone de un m\u00e1ximo de cinco a\u00f1os para realizar las ense\u00f1anzas b\u00e1sicas de m\u00fasica no pudiendo repetir m\u00e1s de una vez un curso cualquiera.<\/p>\n<p style=\"text-align: justify;\"><strong>Obtenci\u00f3n del T\u00edtulo Elemental de M\u00fasica<\/strong><\/p>\n<p style=\"text-align: justify;\">La superaci\u00f3n de las ense\u00f1anzas b\u00e1sicas de m\u00fasica dar\u00e1 derecho a la obtenci\u00f3n del t\u00edtulo elemental de m\u00fasica, como t\u00edtulo propio de la Comunidad Aut\u00f3noma de Andaluc\u00eda, que ser\u00e1 expedido por la Consejer\u00eda competente en materia de educaci\u00f3n previa solicitud del interesado.<\/p>\n<p style=\"text-align: justify;\"><strong>ENSE\u00d1ANZAS PROFESIONALES DE M\u00daSICA (6 cursos)<\/strong><\/p>\n<p style=\"text-align: justify;\">En la ense\u00f1anza p\u00fablica se realizan en los conservatorios profesionales. Para acceder a estas ense\u00f1anzas es necesario superar una prueba de acceso.<\/p>\n<p style=\"text-align: justify;\"><strong>ENSE\u00d1ANZAS ART\u00cdSTICAS SUPERIORES DE M\u00daSICA (4 cursos)<\/strong><\/p>\n<p style=\"text-align: justify;\">En la ense\u00f1anza p\u00fablica se imparten en los conservatorios de grado superior. Del mismo modo, es necesario superar una prueba de acceso para acceder a estas ense\u00f1anzas.<\/p>\n<\/div>\n<p><!-- {\"type\":\"layout\",\"children\":[{\"type\":\"section\",\"props\":{\"style\":\"default\",\"width\":\"default\",\"vertical_align\":\"middle\",\"title_position\":\"top-left\",\"title_rotation\":\"left\",\"title_breakpoint\":\"xl\",\"image_position\":\"center-center\",\"text_color\":\"\",\"width_expand\":\"\",\"height\":\"\",\"padding\":\"\",\"header_transparent\":\"\",\"animation\":\"\"},\"children\":[{\"type\":\"row\",\"props\":{\"layout\":\"1-1\",\"breakpoint\":\"m\",\"fixed_width\":\"large\",\"gutter\":\"\",\"width\":\"\",\"width_expand\":\"\",\"height\":\"\",\"margin\":\"small\",\"margin_remove_bottom\":true,\"margin_remove_top\":true},\"children\":[{\"type\":\"column\",\"props\":{\"widths\":[\"1-1\"],\"image_position\":\"center-center\",\"media_overlay_gradient\":\"\",\"vertical_align\":\"\",\"style\":\"\",\"text_color\":\"\",\"padding\":\"\",\"image\":\"\",\"image_size\":\"cover\",\"image_effect\":\"\",\"image_parallax_breakpoint\":\"\",\"image_visibility\":\"\",\"media_blend_mode\":\"\"},\"children\":[{\"type\":\"headline\",\"props\":{\"title_element\":\"h1\",\"title_style\":\"\",\"title_decoration\":\"\",\"title_color\":\"\",\"text_align\":\"\",\"text_align_breakpoint\":\"\",\"text_align_fallback\":\"\",\"maxwidth\":\"\",\"maxwidth_align\":\"\",\"maxwidth_breakpoint\":\"\",\"margin\":\"\",\"animation\":\"\",\"visibility\":\"\",\"content\":\"\n\n<h1 class=\\\"uk-margin-small uk-margin-remove-top uk-margin-remove-bottom uk-scrollspy-inview uk-animation-slide-bottom\\\" uk-scrollspy-class=\\\"\\\" data-id=\\\"page#4\\\">Las ense\\u00f1anzas de m\\u00fasica<\\\/h1>\"}},{\"type\":\"divider\",\"props\":{\"divider_element\":\"hr\",\"divider_style\":\"\",\"divider_align\":\"\",\"divider_align_breakpoint\":\"\",\"divider_align_fallback\":\"\",\"maxwidth\":\"\",\"maxwidth_align\":\"\",\"maxwidth_breakpoint\":\"\",\"margin\":\"\",\"animation\":\"\",\"visibility\":\"\"}}]}]}]},{\"type\":\"section\",\"props\":{\"style\":\"default\",\"width\":\"default\",\"vertical_align\":\"middle\",\"title_position\":\"top-left\",\"title_rotation\":\"left\",\"title_breakpoint\":\"xl\",\"image_position\":\"center-center\",\"text_color\":\"\",\"width_expand\":\"\",\"height\":\"\",\"padding\":\"\",\"header_transparent\":\"\",\"animation\":\"\",\"image\":\"wp-content\\\/uploads\\\/pizarra-musica.jpg\",\"overlap\":true,\"padding_remove_bottom\":false,\"padding_remove_top\":false},\"children\":[{\"type\":\"row\",\"props\":{\"layout\":\"1-1\",\"breakpoint\":\"m\",\"fixed_width\":\"large\",\"gutter\":\"\",\"width\":\"\",\"width_expand\":\"\",\"height\":\"\",\"margin\":\"\"},\"children\":[{\"type\":\"column\",\"props\":{\"widths\":[\"1-1\"],\"image_position\":\"center-center\",\"media_overlay_gradient\":\"\",\"vertical_align\":\"\",\"style\":\"\",\"text_color\":\"\",\"padding\":\"\"},\"children\":[]}]}]},{\"type\":\"section\",\"props\":{\"style\":\"default\",\"width\":\"default\",\"vertical_align\":\"middle\",\"title_position\":\"top-left\",\"title_rotation\":\"left\",\"title_breakpoint\":\"xl\",\"image_position\":\"center-center\",\"text_color\":\"\",\"width_expand\":\"\",\"height\":\"\",\"padding\":\"xsmall\",\"header_transparent\":\"\",\"animation\":\"\",\"padding_remove_top\":false},\"children\":[{\"type\":\"row\",\"props\":{\"layout\":\"1-1\",\"breakpoint\":\"m\",\"fixed_width\":\"large\",\"gutter\":\"\",\"width\":\"\",\"width_expand\":\"\",\"height\":\"\",\"margin\":\"small\",\"margin_remove_top\":true},\"children\":[{\"type\":\"column\",\"props\":{\"widths\":[\"1-1\"],\"image_position\":\"center-center\",\"media_overlay_gradient\":\"\",\"vertical_align\":\"\",\"style\":\"\",\"text_color\":\"\",\"padding\":\"\"},\"children\":[{\"type\":\"text\",\"props\":{\"margin\":\"default\",\"column_breakpoint\":\"m\",\"text_style\":\"\",\"text_color\":\"\",\"text_size\":\"\",\"column\":\"1-2\",\"text_align\":\"\",\"text_align_breakpoint\":\"\",\"text_align_fallback\":\"\",\"maxwidth\":\"\",\"maxwidth_align\":\"\",\"maxwidth_breakpoint\":\"\",\"animation\":\"\",\"visibility\":\"\",\"content\":\"\n\n<p style=\\\"text-align: justify;\\\">Las ense\\u00f1anzas musicales en Espa\\u00f1a est\\u00e1n organizadas en tres niveles con una duraci\\u00f3n total de 14 cursos.<\\\/p>\\n\n\n<p style=\\\"text-align: justify;\\\"><strong>ENSE\\u00d1ANZAS B\\u00c1SICAS DE M\\u00daSICA (4 cursos)<\\\/strong><\\\/p>\\n\n\n<p style=\\\"text-align: justify;\\\">En la ense\\u00f1anza p\\u00fablica se realizan en los conservatorios elementales y profesionales. Constan de dos ciclos de dos cursos cada uno. Para acceder es necesario tener 8 a\\u00f1os de edad m\\u00ednima o cumplirlos el a\\u00f1o de la solicitud y superar una prueba de aptitud.<\\\/p>\\n\n\n<p style=\\\"text-align: justify;\\\"><strong>Primer ciclo<\\\/strong><\\\/p>\\n\n\n<p style=\\\"text-align: justify;\\\">Consta de dos cursos y se asiste a dos asignaturas por curso: Instrumento Principal y Lenguaje Musical. Las clases de estas asignaturas se imparten en dos clases semanales de una hora, normalmente una a continuaci\\u00f3n de la otra y en d\\u00edas alternos, por ejemplo: lunes y mi\\u00e9rcoles o martes y jueves.<\\\/p>\\n\n\n<p style=\\\"text-align: justify;\\\"><strong>Segundo ciclo<\\\/strong><\\\/p>\\n\n\n<p style=\\\"text-align: justify;\\\">Nuevamente son dos cursos y esta vez constan de cuatro asignaturas por curso. Normalmente se asiste tres d\\u00edas al conservatorio.<\\\/p>\\n\n\n<ul style=\\\"text-align: justify;\\\">\\n\n\n<li>Lenguaje Musical: dos clases semanales de una hora.<\\\/li>\\n\n\n<li>Instrumento Principal: una clase semanal.<\\\/li>\\n\n\n<li>Coro: una clase semanal de una hora.<\\\/li>\\n\n\n<li>Agrupaciones Musicales: una clase semanal.<\\\/li>\\n<\\\/ul>\\n\n\n<p>\\u00a0<\\\/p>\\n\n\n<p style=\\\"text-align: justify;\\\"><strong>Evaluaci\\u00f3n de las asignaturas<\\\/strong><\\\/p>\\n\n\n<p style=\\\"text-align: justify;\\\">El funcionamiento de un conservatorio elemental de m\\u00fasica es a todos los efectos similar al de un colegio o instituto. Se realizan evaluaciones trimestrales y se emite un bolet\\u00edn de calificaciones al final de cada evaluaci\\u00f3n. La evaluaci\\u00f3n es continua y para superar un curso no puede quedar m\\u00e1s de una asignatura pendiente. Se dispone de un m\\u00e1ximo de cinco a\\u00f1os para realizar las ense\\u00f1anzas b\\u00e1sicas de m\\u00fasica no pudiendo repetir m\\u00e1s de una vez un curso cualquiera.<\\\/p>\\n\n\n<p style=\\\"text-align: justify;\\\"><strong>Obtenci\\u00f3n del T\\u00edtulo Elemental de M\\u00fasica<\\\/strong><\\\/p>\\n\n\n<p style=\\\"text-align: justify;\\\">La superaci\\u00f3n de las ense\\u00f1anzas b\\u00e1sicas de m\\u00fasica dar\\u00e1 derecho a la obtenci\\u00f3n del t\\u00edtulo elemental de m\\u00fasica, como t\\u00edtulo propio de la Comunidad Aut\\u00f3noma de Andaluc\\u00eda, que ser\\u00e1 expedido por la Consejer\\u00eda competente en materia de educaci\\u00f3n previa solicitud del interesado.<\\\/p>\\n\n\n<p style=\\\"text-align: justify;\\\"><strong>ENSE\\u00d1ANZAS PROFESIONALES DE M\\u00daSICA (6 cursos)<\\\/strong><\\\/p>\\n\n\n<p style=\\\"text-align: justify;\\\">En la ense\\u00f1anza p\\u00fablica se realizan en los conservatorios profesionales. Para acceder a estas ense\\u00f1anzas es necesario superar una prueba de acceso.<\\\/p>\\n\n\n<p style=\\\"text-align: justify;\\\"><strong>ENSE\\u00d1ANZAS ART\\u00cdSTICAS SUPERIORES DE M\\u00daSICA (4 cursos)<\\\/strong><\\\/p>\\n\n\n<p style=\\\"text-align: justify;\\\">En la ense\\u00f1anza p\\u00fablica se imparten en los conservatorios de grado superior. Del mismo modo, es necesario superar una prueba de acceso para acceder a estas ense\\u00f1anzas.<\\\/p>\"}}]}]}]}],\"version\":\"1.18.15\"} --><\/p>\n","protected":false},"excerpt":{"rendered":"<p>Las ense\u00f1anzas de m\u00fasica Las ense\u00f1anzas musicales en Espa\u00f1a est\u00e1n organizadas en tres niveles con una duraci\u00f3n total de 14 cursos. ENSE\u00d1ANZAS B\u00c1SICAS DE M\u00daSICA (4 cursos) En la ense\u00f1anza p\u00fablica se realizan en los conservatorios elementales y profesionales. Constan de dos ciclos de dos cursos cada uno. Para acceder es necesario tener 8 a\u00f1os [&hellip;]<\/p>\n","protected":false},"author":1,"featured_media":0,"parent":0,"menu_order":0,"comment_status":"closed","ping_status":"closed","template":"","meta":{"jetpack_post_was_ever_published":false,"footnotes":""},"class_list":["post-771","page","type-page","status-publish","hentry"],"jetpack_sharing_enabled":true,"jetpack_shortlink":"https:\/\/wp.me\/PanE4f-cr","jetpack-related-posts":[],"_links":{"self":[{"href":"https:\/\/www.conservatoriolucena.es\/index.php?rest_route=\/wp\/v2\/pages\/771","targetHints":{"allow":["GET"]}}],"collection":[{"href":"https:\/\/www.conservatoriolucena.es\/index.php?rest_route=\/wp\/v2\/pages"}],"about":[{"href":"https:\/\/www.conservatoriolucena.es\/index.php?rest_route=\/wp\/v2\/types\/page"}],"author":[{"embeddable":true,"href":"https:\/\/www.conservatoriolucena.es\/index.php?rest_route=\/wp\/v2\/users\/1"}],"replies":[{"embeddable":true,"href":"https:\/\/www.conservatoriolucena.es\/index.php?rest_route=%2Fwp%2Fv2%2Fcomments&post=771"}],"version-history":[{"count":6,"href":"https:\/\/www.conservatoriolucena.es\/index.php?rest_route=\/wp\/v2\/pages\/771\/revisions"}],"predecessor-version":[{"id":778,"href":"https:\/\/www.conservatoriolucena.es\/index.php?rest_route=\/wp\/v2\/pages\/771\/revisions\/778"}],"wp:attachment":[{"href":"https:\/\/www.conservatoriolucena.es\/index.php?rest_route=%2Fwp%2Fv2%2Fmedia&parent=771"}],"curies":[{"name":"wp","href":"https:\/\/api.w.org\/{rel}","templated":true}]}}