{"id":537,"date":"2019-04-09T16:42:25","date_gmt":"2019-04-09T15:42:25","guid":{"rendered":"http:\/\/www.conservatoriolucena.es\/?page_id=537"},"modified":"2024-10-24T09:50:44","modified_gmt":"2024-10-24T08:50:44","slug":"musintegrate-2","status":"publish","type":"page","link":"https:\/\/www.conservatoriolucena.es\/?page_id=537","title":{"rendered":"MusInt\u00e9grate"},"content":{"rendered":"<h1>MusInt\u00e9grate<\/h1>\n<div>\n<p class=\"p1\"><span class=\"s1\"><b>\u00bfQu\u00e9 es MusInt\u00e9grate?<\/b><\/span><\/p>\n<p class=\"p3\"><span class=\"s1\">MusInt\u00e9grate es un programa de innovaci\u00f3n educativa cuyo objetivo principal es incluir al alumnado con diversidad funcional en las Ense\u00f1anzas B\u00e1sicas de M\u00fasica. <\/span><\/p>\n<p class=\"p1\"><span class=\"s1\"><b>\u00bfEn qu\u00e9 consiste y por qu\u00e9 es necesario?<\/b><\/span><\/p>\n<p class=\"p3\"><span class=\"s1\">Para poder acceder a las Ense\u00f1anzas Musicales en un Conservatorio de M\u00fasica es necesario superar con \u00e9xito una prueba de aptitud. MusInt\u00e9grate realiza una adaptaci\u00f3n de la misma conforme a las caracter\u00edsticas espec\u00edficas del alumnado que lo solicite, de modo que se puedan apreciar \u00f3ptimamente toda sus capacidad y potencial. A su vez, se realiza una reserva de plazas destinadas exclusivamente para el mismo.<\/span><\/p>\n<p class=\"p1\"><span class=\"s1\"><b>\u00bfQu\u00e9 requisitos debe reunir el alumnado que quiera formar parte de MusInt\u00e9grate?<\/b><\/span><\/p>\n<p class=\"p4\"><span class=\"s1\"> El alumnado que desee acceder a las Ense\u00f1anzas B\u00e1sicas de M\u00fasica mediante esta modalidad deber\u00e1:<\/span><\/p>\n<ul class=\"ul1\">\n<li class=\"li4\"><span class=\"s1\">Cumplir un m\u00ednimo de 8 a\u00f1os de edad durante el curso acad\u00e9mico para el que se solicita la entrada.<\/span><\/li>\n<li class=\"li4\"><span class=\"s1\">Presentar informe que acredite la diversidad funcional.<\/span><\/li>\n<li class=\"li4\"><span class=\"s1\">Presentar certificado de escolarizaci\u00f3n en un Centro ordinario. <\/span><\/li>\n<li class=\"li4\"><span class=\"s1\">Realizar la preinscripci\u00f3n en las fechas que determine la Administraci\u00f3n. <\/span><\/li>\n<\/ul>\n<p class=\"p1\"><span class=\"s1\"><b>\u00bfQu\u00e9 es necesario para que un Conservatorio se adscriba a MusInt\u00e9grate? <\/b><\/span><\/p>\n<p class=\"p3\"><span class=\"s1\">MusInt\u00e9grate fue aprobado en el Parlamento de Andaluc\u00eda en Proposici\u00f3n no de Ley el d\u00eda 28 de Abril de 2011 tras la elaboraci\u00f3n de un primer proyecto en el Conservatorio Profesional de M\u00fasica \u201cMaestro Chicano Mu\u00f1oz\u201d de Lucena (C\u00f3rdoba). Los pasos para solicitar su adscripci\u00f3n son los siguientes:<\/span><\/p>\n<ul class=\"ul1\">\n<li class=\"li4\"><span class=\"s1\">Contar con el respaldo de la Directiva, el Claustro de Profesorado y el Consejo Escolar del Centro. <\/span><\/li>\n<li class=\"li4\"><span class=\"s1\">Elaborar un proyecto que deber\u00e1 ser presentado a la Administraci\u00f3n para su estudio. <\/span><\/li>\n<li class=\"li4\"><span class=\"s1\">La Consejer\u00eda de Educaci\u00f3n publicar\u00e1 anualmente mediante Resoluci\u00f3n especificando los Centros que son autorizados para llevar a cabo el programa, as\u00ed como las plazas concedidas. <\/span><\/li>\n<li class=\"li4\"><span class=\"s1\">Una vez implantado, es necesario que la Directiva solicite su prorrogaci\u00f3n a la Administraci\u00f3n anualmente. <\/span><\/li>\n<li class=\"li4\"><span class=\"s1\">Cada Centro nombrar\u00e1 a un coordinador o coordinadora que se encargar\u00e1 de la organizaci\u00f3n y desarrollo del programa.<\/span><\/li>\n<\/ul>\n<\/div>\n<div>\n<p align=\u201dcenter\u201d><iframe loading=\"lazy\" src=\"https:\/\/www.facebook.com\/plugins\/page.php?href=https%3A%2F%2Fwww.facebook.com%2Fmusintegrate&#038;tabs=timeline&#038;width=350&#038;height=500&#038;small_header=true&#038;adapt_container_width=true&#038;hide_cover=true&#038;show_facepile=false&#038;appId=403149913144565\" width=\"350\" height=\"500\" style=\"border:none;overflow:hidden\" scrolling=\"no\" frameborder=\"0\" allowTransparency=\"true\" allow=\"encrypted-media\"><\/iframe><\/p>\n<\/div>\n<p><iframe src=\"https:\/\/vimeo.com\/42463806\"><\/iframe><br \/>\n<iframe src=\"https:\/\/www.youtube.com\/watch?v=7jDwJ01n7fg\"><\/iframe><br \/>\n<img decoding=\"async\" src=\"\/wp-content\/uploads\/musIntegrate.png\" alt=\"\"><\/p>\n<h5>Contacta con MusInt\u00e9grate<\/h5>\n<div>\n\n<div class=\"wpcf7 no-js\" id=\"wpcf7-f549-o1\" lang=\"es-ES\" dir=\"ltr\" data-wpcf7-id=\"549\">\n<div class=\"screen-reader-response\"><p role=\"status\" aria-live=\"polite\" aria-atomic=\"true\"><\/p> <ul><\/ul><\/div>\n<form action=\"\/index.php?rest_route=%2Fwp%2Fv2%2Fpages%2F537#wpcf7-f549-o1\" method=\"post\" class=\"wpcf7-form init\" aria-label=\"Formulario de contacto\" novalidate=\"novalidate\" data-status=\"init\">\n<fieldset class=\"hidden-fields-container\"><input type=\"hidden\" name=\"_wpcf7\" value=\"549\" \/><input type=\"hidden\" name=\"_wpcf7_version\" value=\"6.1.5\" \/><input type=\"hidden\" name=\"_wpcf7_locale\" value=\"es_ES\" \/><input type=\"hidden\" name=\"_wpcf7_unit_tag\" value=\"wpcf7-f549-o1\" \/><input type=\"hidden\" name=\"_wpcf7_container_post\" value=\"0\" \/><input type=\"hidden\" name=\"_wpcf7_posted_data_hash\" value=\"\" \/>\n<\/fieldset>\n<p><label> Tu nombre (requerido)<br \/>\n<span class=\"wpcf7-form-control-wrap\" data-name=\"your-name\"><input size=\"40\" maxlength=\"400\" class=\"wpcf7-form-control wpcf7-text wpcf7-validates-as-required\" aria-required=\"true\" aria-invalid=\"false\" value=\"\" type=\"text\" name=\"your-name\" \/><\/span> <\/label>\n<\/p>\n<p><label> Tu correo electr\u00f3nico (requerido)<br \/>\n<span class=\"wpcf7-form-control-wrap\" data-name=\"your-email\"><input size=\"40\" maxlength=\"400\" class=\"wpcf7-form-control wpcf7-email wpcf7-validates-as-required wpcf7-text wpcf7-validates-as-email\" aria-required=\"true\" aria-invalid=\"false\" value=\"\" type=\"email\" name=\"your-email\" \/><\/span> <\/label>\n<\/p>\n<p><label> Asunto<br \/>\n<span class=\"wpcf7-form-control-wrap\" data-name=\"your-subject\"><input size=\"40\" maxlength=\"400\" class=\"wpcf7-form-control wpcf7-text\" aria-invalid=\"false\" value=\"\" type=\"text\" name=\"your-subject\" \/><\/span> <\/label>\n<\/p>\n<p><label> Tu mensaje<br \/>\n<span class=\"wpcf7-form-control-wrap\" data-name=\"your-message\"><textarea cols=\"40\" rows=\"10\" maxlength=\"2000\" class=\"wpcf7-form-control wpcf7-textarea\" aria-invalid=\"false\" name=\"your-message\"><\/textarea><\/span> <\/label>\n<\/p>\n<p><input class=\"wpcf7-form-control wpcf7-submit has-spinner\" type=\"submit\" value=\"Enviar\" \/>\n<\/p><p style=\"display: none !important;\" class=\"akismet-fields-container\" data-prefix=\"_wpcf7_ak_\"><label>&#916;<textarea name=\"_wpcf7_ak_hp_textarea\" cols=\"45\" rows=\"8\" maxlength=\"100\"><\/textarea><\/label><input type=\"hidden\" id=\"ak_js_1\" name=\"_wpcf7_ak_js\" value=\"235\"\/><script>document.getElementById( \"ak_js_1\" ).setAttribute( \"value\", ( new Date() ).getTime() );<\/script><\/p><div class=\"wpcf7-response-output\" aria-hidden=\"true\"><\/div>\n<\/form>\n<\/div>\n<\/div>\n<div>\n<p class=\"p1\"><span class=\"s1\"><b>\u00bfD\u00f3nde se est\u00e1 llevando a cabo MusInt\u00e9grate?<\/b><\/span><\/p>\n<p class=\"p3\"><span class=\"s1\">MusInt\u00e9grate se est\u00e1 llevando a cabo en los siguientes Conservatorios de Andaluc\u00eda:<\/span><\/p>\n<ul class=\"ul1\">\n<li class=\"li5\"><span class=\"s1\">Conservatorio Profesional de M\u00fasica \u201cMaestro Chicano Mu\u00f1oz\u201d de Lucena (C\u00f3rdoba).<\/span><\/li>\n<li class=\"li5\"><span class=\"s1\">Conservatorio Profesional de M\u00fasica \u201cAndr\u00e9s Segovia\u201d de Linares (Ja\u00e9n).<\/span><\/li>\n<li class=\"li5\"><span class=\"s1\">Conservatorio Elemental de M\u00fasica \u201cAntonio L\u00f3pez Serrano\u201d de Priego de C\u00f3rdoba (C\u00f3rdoba).<\/span><\/li>\n<li class=\"li5\"><span class=\"s1\">Conservatorio Profesional de M\u00fasica \u201cMarcos Redondo\u201d de Pozoblanco (C\u00f3rdoba).<\/span><\/li>\n<li>Conservatorio Elemental de M\u00fasica &#8220;Juan de Castro&#8221; de And\u00fajar (Ja\u00e9n).<\/li>\n<li><span>Conservatorio Elemental de Mu\u0301sica &#8220;Juan Mohedo Canales&#8221; de Montoro (C\u00f3rdoba)<\/span><\/li>\n<li><span>Conservatorio Profesional de Mu\u0301sica &#8220;Mu\u0301sico Ziryab&#8221; de C\u00f3rdoba<\/span><\/li>\n<li><span>Conservatorio Profesional de Mu\u0301sica &#8220;Gonzalo Marti\u0301n Tenllado&#8221; de M\u00e1laga<\/span><\/li>\n<li>Real Conservatorio Profesional de M\u00fasica Manuel de Falla de C\u00e1diz<\/li>\n<li>Conservatorio Profesional de M\u00fasica Mu\u00f1oz Molleda de La L\u00ednea de la Concepci\u00f3n (C\u00e1diz)<\/li>\n<li>Conservatorio Profesional de M\u00fasica Javier Perianes de Huelva.<\/li>\n<\/ul>\n<p>Es un programa \u00fanico y pionero en la Comunidad Aut\u00f3noma de Andaluc\u00eda y el segundo de estas caracter\u00edsticas en todo el territorio nacional, siendo el primero<span class=\"Apple-converted-space\">\u00a0 <\/span>en desarrollarse<i>\u201cTots M\u00fasics, Tots Diferents\u201d <\/i>en el Conservatorio Profesional de M\u00fasica de Torrent (Valencia).<\/p>\n<p class=\"p1\"><span class=\"s1\"><b>\u00bfQu\u00e9 medidas principales se est\u00e1n desarrollan en cada Centro para llevar a cabo MusInt\u00e9grate?<\/b><\/span><\/p>\n<p class=\"p5\"><span class=\"s1\"> Las medidas principales que se desarrollan en cada Centro son las siguientes:<\/span><\/p>\n<ul class=\"ul1\">\n<li class=\"li5\"><span class=\"s1\">Adaptaci\u00f3n y\/o elaboraci\u00f3n de material did\u00e1ctico y curricular para garantizar el \u00e9xito en el proceso de ense\u00f1anza-aprendizaje del alumnado adscrito.<\/span><\/li>\n<li class=\"li5\"><span class=\"s1\">Clase de apoyo y refuerzo si es necesario. <\/span><\/li>\n<li class=\"li5\"><span class=\"s1\">Formaci\u00f3n espec\u00edfica para el profesorado. <\/span><\/li>\n<\/ul>\n<p class=\"p1\"><span class=\"s1\"><b>\u00bfC\u00f3mo puedo obtener m\u00e1s informaci\u00f3n acerca de MusInt\u00e9grate?<\/b><\/span><\/p>\n<p class=\"p5\"><span class=\"s1\"> A trav\u00e9s de la p\u00e1gina web de cualquier Centro adscrito o mediante correo electr\u00f3nico a Jos\u00e9 Antonio Luque Osuna: <a href=\"mailto:musintegrate@conservatoriolucena.es\"><span class=\"s3\">musintegrate@conservatoriolucena.es<\/span><\/a> .<\/span><\/p>\n<\/div>\n<p><!--more--><br \/>\n<!-- {\"type\":\"layout\",\"children\":[{\"type\":\"section\",\"props\":{\"image_position\":\"center-center\",\"overlap\":true,\"padding\":\"xsmall\",\"padding_remove_bottom\":true,\"style\":\"default\",\"title_breakpoint\":\"xl\",\"title_position\":\"top-left\",\"title_rotation\":\"left\",\"vertical_align\":\"middle\",\"width\":\"default\"},\"children\":[{\"type\":\"row\",\"props\":{\"margin\":\"small\",\"margin_remove_bottom\":true},\"children\":[{\"type\":\"column\",\"props\":{\"image_position\":\"center-center\",\"position_sticky_breakpoint\":\"m\",\"width_medium\":\"1-1\"},\"children\":[{\"type\":\"headline\",\"props\":{\"content\":\"MusInt\\u00e9grate\",\"title_decoration\":\"line\",\"title_element\":\"h1\"}}]}]}]},{\"type\":\"section\",\"props\":{\"image_position\":\"center-center\",\"padding\":\"xsmall\",\"padding_remove_top\":false,\"style\":\"default\",\"title_breakpoint\":\"xl\",\"title_position\":\"top-left\",\"title_rotation\":\"left\",\"vertical_align\":\"middle\",\"width\":\"default\"},\"children\":[{\"type\":\"row\",\"props\":{\"layout\":\"expand,large\"},\"children\":[{\"type\":\"column\",\"props\":{\"image_position\":\"center-center\",\"position_sticky_breakpoint\":\"m\",\"width_medium\":\"expand\"},\"children\":[{\"type\":\"text\",\"props\":{\"column\":\"1-2\",\"column_breakpoint\":\"m\",\"content\":\"\n\n<p class=\\\"p1\\\"><span class=\\\"s1\\\"><b>\\u00bfQu\\u00e9 es MusInt\\u00e9grate?<\\\/b><\\\/span><\\\/p>\\n\n\n<p class=\\\"p3\\\"><span class=\\\"s1\\\">MusInt\\u00e9grate es un programa de innovaci\\u00f3n educativa cuyo objetivo principal es incluir al alumnado con diversidad funcional en las Ense\\u00f1anzas B\\u00e1sicas de M\\u00fasica. <\\\/span><\\\/p>\\n\n\n<p class=\\\"p1\\\"><span class=\\\"s1\\\"><b>\\u00bfEn qu\\u00e9 consiste y por qu\\u00e9 es necesario?<\\\/b><\\\/span><\\\/p>\\n\n\n<p class=\\\"p3\\\"><span class=\\\"s1\\\">Para poder acceder a las Ense\\u00f1anzas Musicales en un Conservatorio de M\\u00fasica es necesario superar con \\u00e9xito una prueba de aptitud. MusInt\\u00e9grate realiza una adaptaci\\u00f3n de la misma conforme a las caracter\\u00edsticas espec\\u00edficas del alumnado que lo solicite, de modo que se puedan apreciar \\u00f3ptimamente toda sus capacidad y potencial. A su vez, se realiza una reserva de plazas destinadas exclusivamente para el mismo.<\\\/span><\\\/p>\\n\n\n<p class=\\\"p1\\\"><span class=\\\"s1\\\"><b>\\u00bfQu\\u00e9 requisitos debe reunir el alumnado que quiera formar parte de MusInt\\u00e9grate?<\\\/b><\\\/span><\\\/p>\\n\n\n<p class=\\\"p4\\\"><span class=\\\"s1\\\"> El alumnado que desee acceder a las Ense\\u00f1anzas B\\u00e1sicas de M\\u00fasica mediante esta modalidad deber\\u00e1:<\\\/span><\\\/p>\\n\n\n<ul class=\\\"ul1\\\">\\n\n\n<li class=\\\"li4\\\"><span class=\\\"s1\\\">Cumplir un m\\u00ednimo de 8 a\\u00f1os de edad durante el curso acad\\u00e9mico para el que se solicita la entrada.<\\\/span><\\\/li>\\n\n\n<li class=\\\"li4\\\"><span class=\\\"s1\\\">Presentar informe que acredite la diversidad funcional.<\\\/span><\\\/li>\\n\n\n<li class=\\\"li4\\\"><span class=\\\"s1\\\">Presentar certificado de escolarizaci\\u00f3n en un Centro ordinario. <\\\/span><\\\/li>\\n\n\n<li class=\\\"li4\\\"><span class=\\\"s1\\\">Realizar la preinscripci\\u00f3n en las fechas que determine la Administraci\\u00f3n. <\\\/span><\\\/li>\\n<\\\/ul>\\n\n\n<p class=\\\"p1\\\"><span class=\\\"s1\\\"><b>\\u00bfQu\\u00e9 es necesario para que un Conservatorio se adscriba a MusInt\\u00e9grate? <\\\/b><\\\/span><\\\/p>\\n\n\n<p class=\\\"p3\\\"><span class=\\\"s1\\\">MusInt\\u00e9grate fue aprobado en el Parlamento de Andaluc\\u00eda en Proposici\\u00f3n no de Ley el d\\u00eda 28 de Abril de 2011 tras la elaboraci\\u00f3n de un primer proyecto en el Conservatorio Profesional de M\\u00fasica \\u201cMaestro Chicano Mu\\u00f1oz\\u201d de Lucena (C\\u00f3rdoba). Los pasos para solicitar su adscripci\\u00f3n son los siguientes:<\\\/span><\\\/p>\\n\n\n<ul class=\\\"ul1\\\">\\n\n\n<li class=\\\"li4\\\"><span class=\\\"s1\\\">Contar con el respaldo de la Directiva, el Claustro de Profesorado y el Consejo Escolar del Centro. <\\\/span><\\\/li>\\n\n\n<li class=\\\"li4\\\"><span class=\\\"s1\\\">Elaborar un proyecto que deber\\u00e1 ser presentado a la Administraci\\u00f3n para su estudio. <\\\/span><\\\/li>\\n\n\n<li class=\\\"li4\\\"><span class=\\\"s1\\\">La Consejer\\u00eda de Educaci\\u00f3n publicar\\u00e1 anualmente mediante Resoluci\\u00f3n especificando los Centros que son autorizados para llevar a cabo el programa, as\\u00ed como las plazas concedidas. <\\\/span><\\\/li>\\n\n\n<li class=\\\"li4\\\"><span class=\\\"s1\\\">Una vez implantado, es necesario que la Directiva solicite su prorrogaci\\u00f3n a la Administraci\\u00f3n anualmente. <\\\/span><\\\/li>\\n\n\n<li class=\\\"li4\\\"><span class=\\\"s1\\\">Cada Centro nombrar\\u00e1 a un coordinador o coordinadora que se encargar\\u00e1 de la organizaci\\u00f3n y desarrollo del programa.<\\\/span><\\\/li>\\n<\\\/ul>\",\"margin\":\"default\",\"margin_remove_top\":true}}]},{\"type\":\"column\",\"props\":{\"image_position\":\"center-center\",\"padding\":\"large\",\"position_sticky_breakpoint\":\"m\",\"style\":\"tile-muted\",\"vertical_align\":\"middle\",\"width_medium\":\"large\"},\"children\":[{\"type\":\"html\",\"props\":{\"content\":\"\n\n<p align=\\u201dcenter\\u201d><iframe src=\\\"https:\\\/\\\/www.facebook.com\\\/plugins\\\/page.php?href=https%3A%2F%2Fwww.facebook.com%2Fmusintegrate&tabs=timeline&width=350&height=500&small_header=true&adapt_container_width=true&hide_cover=true&show_facepile=false&appId=403149913144565\\\" width=\\\"350\\\" height=\\\"500\\\" style=\\\"border:none;overflow:hidden\\\" scrolling=\\\"no\\\" frameborder=\\\"0\\\" allowTransparency=\\\"true\\\" allow=\\\"encrypted-media\\\"><\\\/iframe><\\\/p>\"}},{\"type\":\"video\",\"props\":{\"margin\":\"default\",\"video\":\"https:\\\/\\\/vimeo.com\\\/42463806\",\"video_box_decoration_inverse\":false,\"video_controls\":true,\"video_width\":\"375\"}}]}]},{\"type\":\"row\",\"props\":{\"match\":true},\"children\":[{\"type\":\"column\",\"props\":{\"image_position\":\"center-center\",\"padding\":\"xsmall\",\"position_sticky_breakpoint\":\"m\",\"style\":\"tile-secondary\",\"vertical_align\":\"middle\",\"width_medium\":\"1-1\"},\"children\":[{\"type\":\"video\",\"props\":{\"margin\":\"large\",\"text_align\":\"center\",\"video\":\"https:\\\/\\\/www.youtube.com\\\/watch?v=7jDwJ01n7fg\",\"video_controls\":true,\"video_height\":\"600\",\"video_width\":\"900\"}}]}]},{\"type\":\"row\",\"props\":{\"layout\":\"large,expand\"},\"children\":[{\"type\":\"column\",\"props\":{\"image_position\":\"center-center\",\"position_sticky_breakpoint\":\"m\",\"width_medium\":\"large\"},\"children\":[{\"type\":\"image\",\"props\":{\"image\":\"wp-content\\\/uploads\\\/musIntegrate.png\",\"image_svg_color\":\"emphasis\",\"margin\":\"default\"}},{\"type\":\"headline\",\"props\":{\"content\":\"Contacta con MusInt\\u00e9grate\",\"title_element\":\"h5\"}},{\"type\":\"html\",\"props\":{\"content\":\"[contact-form-7 id=\\\"549\\\" title=\\\"Formulario de contacto MusInt\\u00e9grate\\\"]\"}}]},{\"type\":\"column\",\"props\":{\"image_position\":\"center-center\",\"position_sticky_breakpoint\":\"m\",\"width_medium\":\"expand\"},\"children\":[{\"type\":\"text\",\"props\":{\"column_breakpoint\":\"m\",\"content\":\"\n\n<p class=\\\"p1\\\"><span class=\\\"s1\\\"><b>\\u00bfD\\u00f3nde se est\\u00e1 llevando a cabo MusInt\\u00e9grate?<\\\/b><\\\/span><\\\/p>\\n\n\n<p class=\\\"p3\\\"><span class=\\\"s1\\\">MusInt\\u00e9grate se est\\u00e1 llevando a cabo en los siguientes Conservatorios de Andaluc\\u00eda:<\\\/span><\\\/p>\\n\n\n<ul class=\\\"ul1\\\">\\n\n\n<li class=\\\"li5\\\"><span class=\\\"s1\\\">Conservatorio Profesional de M\\u00fasica \\u201cMaestro Chicano Mu\\u00f1oz\\u201d de Lucena (C\\u00f3rdoba).<\\\/span><\\\/li>\\n\n\n<li class=\\\"li5\\\"><span class=\\\"s1\\\">Conservatorio Profesional de M\\u00fasica \\u201cAndr\\u00e9s Segovia\\u201d de Linares (Ja\\u00e9n).<\\\/span><\\\/li>\\n\n\n<li class=\\\"li5\\\"><span class=\\\"s1\\\">Conservatorio Elemental de M\\u00fasica \\u201cAntonio L\\u00f3pez Serrano\\u201d de Priego de C\\u00f3rdoba (C\\u00f3rdoba).<\\\/span><\\\/li>\\n\n\n<li class=\\\"li5\\\"><span class=\\\"s1\\\">Conservatorio Profesional de M\\u00fasica \\u201cMarcos Redondo\\u201d de Pozoblanco (C\\u00f3rdoba).<\\\/span><\\\/li>\\n\n\n<li>Conservatorio Elemental de M\\u00fasica \\\"Juan de Castro\\\" de And\\u00fajar (Ja\\u00e9n).<\\\/li>\\n\n\n<li><span>Conservatorio Elemental de Mu\\u0301sica \\\"Juan Mohedo Canales\\\" de Montoro (C\\u00f3rdoba)<\\\/span><\\\/li>\\n\n\n<li><span>Conservatorio Profesional de Mu\\u0301sica \\\"Mu\\u0301sico Ziryab\\\" de C\\u00f3rdoba<\\\/span><\\\/li>\\n\n\n<li><span>Conservatorio Profesional de Mu\\u0301sica \\\"Gonzalo Marti\\u0301n Tenllado\\\" de M\\u00e1laga<\\\/span><\\\/li>\\n\n\n<li>Real Conservatorio Profesional de M\\u00fasica Manuel de Falla de C\\u00e1diz<\\\/li>\\n\n\n<li>Conservatorio Profesional de M\\u00fasica Mu\\u00f1oz Molleda de La L\\u00ednea de la Concepci\\u00f3n (C\\u00e1diz)<\\\/li>\\n\n\n<li>Conservatorio Profesional de M\\u00fasica Javier Perianes de Huelva.<\\\/li>\\n<\\\/ul>\\n\n\n<p>Es un programa \\u00fanico y pionero en la Comunidad Aut\\u00f3noma de Andaluc\\u00eda y el segundo de estas caracter\\u00edsticas en todo el territorio nacional, siendo el primero<span class=\\\"Apple-converted-space\\\">\\u00a0 <\\\/span>en desarrollarse<i>\\u201cTots M\\u00fasics, Tots Diferents\\u201d <\\\/i>en el Conservatorio Profesional de M\\u00fasica de Torrent (Valencia).<\\\/p>\\n\n\n<p class=\\\"p1\\\"><span class=\\\"s1\\\"><b>\\u00bfQu\\u00e9 medidas principales se est\\u00e1n desarrollan en cada Centro para llevar a cabo MusInt\\u00e9grate?<\\\/b><\\\/span><\\\/p>\\n\n\n<p class=\\\"p5\\\"><span class=\\\"s1\\\"> Las medidas principales que se desarrollan en cada Centro son las siguientes:<\\\/span><\\\/p>\\n\n\n<ul class=\\\"ul1\\\">\\n\n\n<li class=\\\"li5\\\"><span class=\\\"s1\\\">Adaptaci\\u00f3n y\\\/o elaboraci\\u00f3n de material did\\u00e1ctico y curricular para garantizar el \\u00e9xito en el proceso de ense\\u00f1anza-aprendizaje del alumnado adscrito.<\\\/span><\\\/li>\\n\n\n<li class=\\\"li5\\\"><span class=\\\"s1\\\">Clase de apoyo y refuerzo si es necesario. <\\\/span><\\\/li>\\n\n\n<li class=\\\"li5\\\"><span class=\\\"s1\\\">Formaci\\u00f3n espec\\u00edfica para el profesorado. <\\\/span><\\\/li>\\n<\\\/ul>\\n\n\n<p class=\\\"p1\\\"><span class=\\\"s1\\\"><b>\\u00bfC\\u00f3mo puedo obtener m\\u00e1s informaci\\u00f3n acerca de MusInt\\u00e9grate?<\\\/b><\\\/span><\\\/p>\\n\n\n<p class=\\\"p5\\\"><span class=\\\"s1\\\"> A trav\\u00e9s de la p\\u00e1gina web de cualquier Centro adscrito o mediante correo electr\\u00f3nico a Jos\\u00e9 Antonio Luque Osuna: <a href=\\\"mailto:musintegrate@conservatoriolucena.es\\\"><span class=\\\"s3\\\">musintegrate@conservatoriolucena.es<\\\/span><\\\/a> .<\\\/span><\\\/p>\",\"margin\":\"default\"}}]}]}]}],\"version\":\"4.0.11\"} --><\/p>\n","protected":false},"excerpt":{"rendered":"<p>MusInt\u00e9grate \u00bfQu\u00e9 es MusInt\u00e9grate? MusInt\u00e9grate es un programa de innovaci\u00f3n educativa cuyo objetivo principal es incluir al alumnado con diversidad funcional en las Ense\u00f1anzas B\u00e1sicas de M\u00fasica. \u00bfEn qu\u00e9 consiste y por qu\u00e9 es necesario? Para poder acceder a las Ense\u00f1anzas Musicales en un Conservatorio de M\u00fasica es necesario superar con \u00e9xito una prueba de [&hellip;]<\/p>\n","protected":false},"author":1,"featured_media":0,"parent":0,"menu_order":0,"comment_status":"closed","ping_status":"closed","template":"","meta":{"jetpack_post_was_ever_published":false,"footnotes":""},"class_list":["post-537","page","type-page","status-publish","hentry"],"jetpack_sharing_enabled":true,"jetpack_shortlink":"https:\/\/wp.me\/PanE4f-8F","jetpack-related-posts":[],"_links":{"self":[{"href":"https:\/\/www.conservatoriolucena.es\/index.php?rest_route=\/wp\/v2\/pages\/537","targetHints":{"allow":["GET"]}}],"collection":[{"href":"https:\/\/www.conservatoriolucena.es\/index.php?rest_route=\/wp\/v2\/pages"}],"about":[{"href":"https:\/\/www.conservatoriolucena.es\/index.php?rest_route=\/wp\/v2\/types\/page"}],"author":[{"embeddable":true,"href":"https:\/\/www.conservatoriolucena.es\/index.php?rest_route=\/wp\/v2\/users\/1"}],"replies":[{"embeddable":true,"href":"https:\/\/www.conservatoriolucena.es\/index.php?rest_route=%2Fwp%2Fv2%2Fcomments&post=537"}],"version-history":[{"count":17,"href":"https:\/\/www.conservatoriolucena.es\/index.php?rest_route=\/wp\/v2\/pages\/537\/revisions"}],"predecessor-version":[{"id":2843,"href":"https:\/\/www.conservatoriolucena.es\/index.php?rest_route=\/wp\/v2\/pages\/537\/revisions\/2843"}],"wp:attachment":[{"href":"https:\/\/www.conservatoriolucena.es\/index.php?rest_route=%2Fwp%2Fv2%2Fmedia&parent=537"}],"curies":[{"name":"wp","href":"https:\/\/api.w.org\/{rel}","templated":true}]}}