{"id":2404,"date":"2023-07-13T10:10:41","date_gmt":"2023-07-13T09:10:41","guid":{"rendered":"http:\/\/www.conservatoriolucena.es\/?page_id=2404"},"modified":"2024-06-29T12:24:13","modified_gmt":"2024-06-29T11:24:13","slug":"matricula-2023-2024","status":"publish","type":"page","link":"https:\/\/www.conservatoriolucena.es\/?page_id=2404","title":{"rendered":"Matr\u00edcula 2024\/2025"},"content":{"rendered":"<h3>Matr\u00edcula Curso 2024\/2025<\/h3>\n<div>\n<h3>Plazo del 1 al 10 de julio inclusive<\/h3>\n<\/div>\n<h4>MATR\u00cdCULA ENSE\u00d1ANZAS B\u00c1SICAS<\/h4>\n<div>\n<h6><strong>Instrucciones<\/strong><\/h6>\n<ul>\n<li style=\"list-style-type: none;\">\n<ul>\n<li><a href=\"https:\/\/www.conservatoriolucena.es\/wp-content\/uploads\/Instrucciones-Matricula-EEBB-2024.pdf\" target=\"_blank\" rel=\"noopener\">Instrucciones para la matr\u00edcula en EE.BB.<\/a><\/li>\n<li><a href=\"https:\/\/www.conservatoriolucena.es\/wp-content\/uploads\/Instrucciones-modelo_169-EEBB_v2.pdf\" target=\"_blank\" rel=\"noopener\">Instrucciones pago de matr\u00edcula -modelo 169-<\/a><\/li>\n<\/ul>\n<\/li>\n<\/ul>\n<h6><strong>Asignaturas<\/strong><\/h6>\n<ul>\n<li><a href=\"https:\/\/www.conservatoriolucena.es\/wp-content\/uploads\/curriculoeebb.pdf\" target=\"_blank\" rel=\"noopener\">Curr\u00edculo de Ense\u00f1anzas B\u00e1sicas<\/a><\/li>\n<\/ul>\n<h6><strong>Impresos<\/strong><\/h6>\n<p style=\"text-align: center;\"><em><strong>(estos son los documentos que hay que cumplimentar y enviar para formalizar la matr\u00edcula)<\/strong><\/em><\/p>\n<ul>\n<li><a href=\"https:\/\/www.conservatoriolucena.es\/wp-content\/uploads\/Matricula-Ensenanzas-Basicas.pdf\" target=\"_blank\" rel=\"noopener\">Impreso matr\u00edcula en EE.BB. (incluye autorizaci\u00f3n protecci\u00f3n de datos y formulario preferencia horarios)<\/a><\/li>\n<li>Resguardo de pago modelo 169 (<a href=\"https:\/\/www.conservatoriolucena.es\/wp-content\/uploads\/Instrucciones-modelo_169-EEBB_v2.pdf\" target=\"_blank\" rel=\"noopener\">ver instrucciones para su cumplimentaci\u00f3n<\/a>)<\/li>\n<\/ul>\n<h6><strong>Solo para alumnos de 1\u00ba de EEBB<\/strong><\/h6>\n<ul>\n<li><a href=\"https:\/\/www.conservatoriolucena.es\/wp-content\/uploads\/Anexo_V-ReservadePlaza-2024.pdf\" target=\"_blank\" rel=\"noopener\">Anexo V. Reserva de plaza en el instrumento adjudicado, en espera de obtener otro ma\u0301s favorable en la segunda adjudicacio\u0301n<\/a><\/li>\n<\/ul>\n<h6><strong>Ay\u00fadanos a mejorar<\/strong><\/h6>\n<ul>\n<li><a href=\"https:\/\/www.conservatoriolucena.es\/wp-content\/uploads\/Encuesta_1EEBB-v2.pdf\" target=\"_blank\" rel=\"noopener\">Encuesta para el alumnado de 1\u00ba de EE.BB.<\/a><\/li>\n<\/ul>\n<\/div>\n<h4>MATR\u00cdCULA ENSE\u00d1ANZAS PROFESIONALES<\/h4>\n<div>\n<h6><strong>Instrucciones<\/strong><\/h6>\n<ul>\n<li style=\"list-style-type: none\">\n<ul>\n<li><a href=\"https:\/\/www.conservatoriolucena.es\/wp-content\/uploads\/INSTRUCCIONES-PARA-LA-MATRICULA-EEPP-2024.pdf\" target=\"_blank\" rel=\"noopener\">Instrucciones para la matr\u00edcula en EE.PP.<\/a><\/li>\n<li><a href=\"https:\/\/www.conservatoriolucena.es\/wp-content\/uploads\/Instrucciones-modelo-169-EEPP.pdf\" target=\"_blank\" rel=\"noopener\">Instrucciones pago de matr\u00edcula (modelo 169)<\/a><\/li>\n<\/ul>\n<\/li>\n<\/ul>\n<h6><strong>Asignaturas<\/strong><\/h6>\n<ul>\n<li><a href=\"https:\/\/www.conservatoriolucena.es\/wp-content\/uploads\/PLAN-DE-ESTUDIOS-1_a_4EEPP.pdf\" target=\"_blank\" rel=\"noopener\">Curr\u00edculo de 1\u00ba a 4\u00ba de EE.PP.<\/a><\/li>\n<li><a href=\"https:\/\/www.conservatoriolucena.es\/wp-content\/uploads\/Itinerarios-5o-EP.pdf\" target=\"_blank\" rel=\"noopener\">Itinerarios 5\u00ba de EE.PP.<\/a><\/li>\n<li><a href=\"https:\/\/www.conservatoriolucena.es\/wp-content\/uploads\/Itinerarios-6oEP.pdf\" target=\"_blank\" rel=\"noopener\">Itinerarios 6\u00ba de EE.PP.<\/a><\/li>\n<\/ul>\n<h6><strong>Impresos<\/strong><\/h6>\n<p style=\"text-align: center;\"><em><strong>(estos son los documentos que hay que cumplimentar y enviar para formalizar la matr\u00edcula)<\/strong><\/em><\/p>\n<ul>\n<li><a href=\"https:\/\/www.conservatoriolucena.es\/wp-content\/uploads\/Matricula-Ensenanzas-Profesionales-2024.pdf\" target=\"_blank\" rel=\"noopener\">Impreso matr\u00edcula en EE.PP.(incluye autorizaci\u00f3n protecci\u00f3n de datos y \u00a0formulario preferencia horarios)<\/a><a href=\"https:\/\/www.conservatoriolucena.es\/wp-content\/uploads\/Matricula-Ensenanzas-Profesionales-2024.pdf\" target=\"_blank\" rel=\"noopener\"><\/a><\/li>\n<li>Resguardo de pago modelo 169 (<a href=\"https:\/\/www.conservatoriolucena.es\/wp-content\/uploads\/Instrucciones-modelo-169-EEPP.pdf\" target=\"_blank\" rel=\"noopener\" class=\"customize-unpreviewable\">ver instrucciones para su cumplimentaci\u00f3n<\/a>)<\/li>\n<\/ul>\n<\/div>\n<p>\n    <a href=\"\/wp-content\/uploads\/Resol_adjudi_EEBB2024.pdf\">Resoluci\u00f3n adjudicaci\u00f3n 1\u00ba EE.BB.<\/a>\n<\/p>\n<p>\n    <a href=\"\/wp-content\/uploads\/Resol_adjudi_EEPP2024.pdf\">Resolucio\u0301n adjudicacio\u0301n 1\u00ba EE.PP.<\/a>\n<\/p>\n<ul>\n<li>\n        <a href=\"\/wp-content\/uploads\/Ofertadeplazas-24-25.pdf\">Oferta Plazas Escolares 24-25<\/a>\n    <\/li>\n<li>\n        <a href=\"\/wp-content\/uploads\/Calendario-conservatorios-24-25.pdf\">Calendario procedimiento admisi\u00f3n<\/a>\n    <\/li>\n<\/ul>\n<ul>\n<li>\n        <a href=\"\/wp-content\/uploads\/Anexo-VI.pdf\">Solicitud de plaza por traslado<\/a>\n    <\/li>\n<li>\n        <a href=\"\/wp-content\/uploads\/Preguntas-frecuentes.pdf\">Preguntas frecuentes<\/a>\n    <\/li>\n<\/ul>\n<h1><a href=\"https:\/\/www.conservatoriolucena.es\/wp-content\/uploads\/Inscripcion_AMPA_2020.pdf\"><\/p>\n<h5>\u00bfA\u00fan no perteneces al AMPA? \u00bfConoces su importante labor en el Conservatorio?\u00a0<\/h5>\n<p><\/a><\/h1>\n<p>\n    <a href=\"https:\/\/www.conservatoriolucena.es\/wp-content\/uploads\/Inscripcion_AMPA_2020.pdf\">Te animamos a que descargues este documento y te sumes.<\/a>\n<\/p>\n<p><!--more--><br \/>\n<!-- {\"type\":\"layout\",\"children\":[{\"type\":\"section\",\"props\":{\"image_position\":\"center-center\",\"style\":\"default\",\"title_breakpoint\":\"xl\",\"title_position\":\"top-left\",\"title_rotation\":\"left\",\"vertical_align\":\"middle\",\"width\":\"default\"},\"children\":[{\"type\":\"row\",\"props\":{\"column_gap\":\"large\",\"row_gap\":\"large\"},\"children\":[{\"type\":\"column\",\"props\":{\"image_position\":\"center-center\",\"position_sticky_breakpoint\":\"m\"},\"children\":[{\"name\":\"Headline Style Large\",\"type\":\"headline\",\"props\":{\"content\":\"Matr\\u00edcula Curso 2024\\\/2025\",\"title_element\":\"h3\",\"title_style\":\"h2\"}},{\"type\":\"alert\",\"props\":{\"alert_style\":\"danger\",\"title\":\"Plazo del 1 al 10 de julio inclusive\",\"title_element\":\"h3\"}}]}]},{\"type\":\"row\",\"props\":{\"column_gap\":\"medium\",\"layout\":\"1-2,1-2\",\"margin\":\"small\"},\"children\":[{\"type\":\"column\",\"props\":{\"image_position\":\"center-center\",\"padding\":\"xsmall\",\"position_sticky_breakpoint\":\"m\",\"style\":\"tile-secondary\",\"width_medium\":\"1-2\"},\"children\":[{\"type\":\"headline\",\"props\":{\"content\":\"MATR\\u00cdCULA ENSE\\u00d1ANZAS B\\u00c1SICAS\",\"title_element\":\"h4\"}},{\"type\":\"text\",\"props\":{\"column_breakpoint\":\"m\",\"content\":\"\n\n<h6><strong>Instrucciones<\\\/strong><\\\/h6>\\n\n\n<ul>\\n\n\n<li style=\\\"list-style-type: none;\\\">\\n\n\n<ul>\\n\n\n<li><a href=\\\"https:\\\/\\\/www.conservatoriolucena.es\\\/wp-content\\\/uploads\\\/Instrucciones-Matricula-EEBB-2024.pdf\\\" target=\\\"_blank\\\" rel=\\\"noopener\\\">Instrucciones para la matr\\u00edcula en EE.BB.<\\\/a><\\\/li>\\n\n\n<li><a href=\\\"https:\\\/\\\/www.conservatoriolucena.es\\\/wp-content\\\/uploads\\\/Instrucciones-modelo_169-EEBB_v2.pdf\\\" target=\\\"_blank\\\" rel=\\\"noopener\\\">Instrucciones pago de matr\\u00edcula -modelo 169-<\\\/a><\\\/li>\\n<\\\/ul>\\n<\\\/li>\\n<\\\/ul>\\n\n\n<p><\\\/p>\\n\n\n<h6><strong>Asignaturas<\\\/strong><\\\/h6>\\n\n\n<ul>\\n\n\n<li><a href=\\\"https:\\\/\\\/www.conservatoriolucena.es\\\/wp-content\\\/uploads\\\/curriculoeebb.pdf\\\" target=\\\"_blank\\\" rel=\\\"noopener\\\">Curr\\u00edculo de Ense\\u00f1anzas B\\u00e1sicas<\\\/a><\\\/li>\\n<\\\/ul>\\n\n\n<h6><strong>Impresos<\\\/strong><\\\/h6>\\n\n\n<p style=\\\"text-align: center;\\\"><em><strong>(estos son los documentos que hay que cumplimentar y enviar para formalizar la matr\\u00edcula)<\\\/strong><\\\/em><\\\/p>\\n\n\n<ul>\\n\n\n<li><a href=\\\"https:\\\/\\\/www.conservatoriolucena.es\\\/wp-content\\\/uploads\\\/Matricula-Ensenanzas-Basicas.pdf\\\" target=\\\"_blank\\\" rel=\\\"noopener\\\">Impreso matr\\u00edcula en EE.BB. (incluye autorizaci\\u00f3n protecci\\u00f3n de datos y formulario preferencia horarios)<\\\/a><\\\/li>\\n\n\n<li>Resguardo de pago modelo 169 (<a href=\\\"https:\\\/\\\/www.conservatoriolucena.es\\\/wp-content\\\/uploads\\\/Instrucciones-modelo_169-EEBB_v2.pdf\\\" target=\\\"_blank\\\" rel=\\\"noopener\\\">ver instrucciones para su cumplimentaci\\u00f3n<\\\/a>)<\\\/li>\\n<\\\/ul>\\n\n\n<h6><strong>Solo para alumnos de 1\\u00ba de EEBB<\\\/strong><\\\/h6>\\n\n\n<ul>\\n\n\n<li><a href=\\\"https:\\\/\\\/www.conservatoriolucena.es\\\/wp-content\\\/uploads\\\/Anexo_V-ReservadePlaza-2024.pdf\\\" target=\\\"_blank\\\" rel=\\\"noopener\\\">Anexo V. Reserva de plaza en el instrumento adjudicado, en espera de obtener otro ma\\u0301s favorable en la segunda adjudicacio\\u0301n<\\\/a><\\\/li>\\n<\\\/ul>\\n\n\n<h6><strong>Ay\\u00fadanos a mejorar<\\\/strong><\\\/h6>\\n\n\n<ul>\\n\n\n<li><a href=\\\"https:\\\/\\\/www.conservatoriolucena.es\\\/wp-content\\\/uploads\\\/Encuesta_1EEBB-v2.pdf\\\" target=\\\"_blank\\\" rel=\\\"noopener\\\">Encuesta para el alumnado de 1\\u00ba de EE.BB.<\\\/a><\\\/li>\\n<\\\/ul>\",\"margin\":\"default\"}}]},{\"type\":\"column\",\"props\":{\"image_position\":\"center-center\",\"padding\":\"xsmall\",\"position_sticky_breakpoint\":\"m\",\"style\":\"tile-secondary\",\"width_medium\":\"1-2\"},\"children\":[{\"type\":\"headline\",\"props\":{\"content\":\"MATR\\u00cdCULA ENSE\\u00d1ANZAS PROFESIONALES\",\"title_element\":\"h4\"}},{\"type\":\"text\",\"props\":{\"column_breakpoint\":\"m\",\"content\":\"\n\n<h6><strong>Instrucciones<\\\/strong><\\\/h6>\\n\n\n<ul>\\n\n\n<li style=\\\"list-style-type: none\\\">\\n\n\n<ul>\\n\n\n<li><a href=\\\"https:\\\/\\\/www.conservatoriolucena.es\\\/wp-content\\\/uploads\\\/INSTRUCCIONES-PARA-LA-MATRICULA-EEPP-2024.pdf\\\" target=\\\"_blank\\\" rel=\\\"noopener\\\">Instrucciones para la matr\\u00edcula en EE.PP.<\\\/a><\\\/li>\\n\n\n<li><a href=\\\"https:\\\/\\\/www.conservatoriolucena.es\\\/wp-content\\\/uploads\\\/Instrucciones-modelo-169-EEPP.pdf\\\" target=\\\"_blank\\\" rel=\\\"noopener\\\">Instrucciones pago de matr\\u00edcula (modelo 169)<\\\/a><\\\/li>\\n<\\\/ul>\\n<\\\/li>\\n<\\\/ul>\\n\n\n<p><\\\/p>\\n\n\n<h6><strong>Asignaturas<\\\/strong><\\\/h6>\\n\n\n<ul>\\n\n\n<li><a href=\\\"https:\\\/\\\/www.conservatoriolucena.es\\\/wp-content\\\/uploads\\\/PLAN-DE-ESTUDIOS-1_a_4EEPP.pdf\\\" target=\\\"_blank\\\" rel=\\\"noopener\\\">Curr\\u00edculo de 1\\u00ba a 4\\u00ba de EE.PP.<\\\/a><\\\/li>\\n\n\n<li><a href=\\\"https:\\\/\\\/www.conservatoriolucena.es\\\/wp-content\\\/uploads\\\/Itinerarios-5o-EP.pdf\\\" target=\\\"_blank\\\" rel=\\\"noopener\\\">Itinerarios 5\\u00ba de EE.PP.<\\\/a><\\\/li>\\n\n\n<li><a href=\\\"https:\\\/\\\/www.conservatoriolucena.es\\\/wp-content\\\/uploads\\\/Itinerarios-6oEP.pdf\\\" target=\\\"_blank\\\" rel=\\\"noopener\\\">Itinerarios 6\\u00ba de EE.PP.<\\\/a><\\\/li>\\n<\\\/ul>\\n\n\n<h6><strong>Impresos<\\\/strong><\\\/h6>\\n\n\n<p style=\\\"text-align: center;\\\"><em><strong>(estos son los documentos que hay que cumplimentar y enviar para formalizar la matr\\u00edcula)<\\\/strong><\\\/em><\\\/p>\\n\n\n<ul>\\n\n\n<li><a href=\\\"https:\\\/\\\/www.conservatoriolucena.es\\\/wp-content\\\/uploads\\\/Matricula-Ensenanzas-Profesionales-2024.pdf\\\" target=\\\"_blank\\\" rel=\\\"noopener\\\">Impreso matr\\u00edcula en EE.PP.(incluye autorizaci\\u00f3n protecci\\u00f3n de datos y \\u00a0formulario preferencia horarios)<\\\/a><a href=\\\"https:\\\/\\\/www.conservatoriolucena.es\\\/wp-content\\\/uploads\\\/Matricula-Ensenanzas-Profesionales-2024.pdf\\\" target=\\\"_blank\\\" rel=\\\"noopener\\\"><\\\/a><\\\/li>\\n\n\n<li>Resguardo de pago modelo 169 (<a href=\\\"https:\\\/\\\/www.conservatoriolucena.es\\\/wp-content\\\/uploads\\\/Instrucciones-modelo-169-EEPP.pdf\\\" target=\\\"_blank\\\" rel=\\\"noopener\\\" class=\\\"customize-unpreviewable\\\">ver instrucciones para su cumplimentaci\\u00f3n<\\\/a>)<\\\/li>\\n<\\\/ul>\",\"margin\":\"default\"}}]}]},{\"type\":\"row\",\"props\":{\"layout\":\"1-3,1-3,1-3\"},\"children\":[{\"type\":\"column\",\"props\":{\"image_position\":\"center-center\",\"position_sticky_breakpoint\":\"m\",\"width_medium\":\"1-3\"},\"children\":[{\"type\":\"button\",\"props\":{\"button_size\":\"small\",\"fullwidth\":true,\"grid_column_gap\":\"small\",\"grid_row_gap\":\"small\",\"margin\":\"small\",\"margin_remove_top\":false},\"children\":[{\"type\":\"button_item\",\"props\":{\"button_style\":\"primary\",\"content\":\"Resoluci\\u00f3n adjudicaci\\u00f3n 1\\u00ba EE.BB.\",\"icon\":\"file-pdf\",\"icon_align\":\"left\",\"link\":\"wp-content\\\/uploads\\\/Resol_adjudi_EEBB2024.pdf\",\"link_target\":\"blank\"}}],\"name\":\"acc_9_23_1\"},{\"type\":\"button\",\"props\":{\"button_size\":\"small\",\"fullwidth\":true,\"grid_column_gap\":\"small\",\"grid_row_gap\":\"small\",\"margin\":\"small\",\"margin_remove_top\":false},\"children\":[{\"type\":\"button_item\",\"props\":{\"button_style\":\"danger\",\"content\":\"Resolucio\\u0301n adjudicacio\\u0301n 1\\u00ba EE.PP.\",\"icon\":\"file-pdf\",\"icon_align\":\"left\",\"link\":\"wp-content\\\/uploads\\\/Resol_adjudi_EEPP2024.pdf\",\"link_target\":\"blank\"}}],\"name\":\"acc_9_23_2\"}]},{\"type\":\"column\",\"props\":{\"image_position\":\"center-center\",\"position_sticky_breakpoint\":\"m\",\"width_medium\":\"1-3\"},\"children\":[{\"type\":\"button\",\"props\":{\"button_size\":\"small\",\"fullwidth\":true,\"grid_column_gap\":\"small\",\"grid_row_gap\":\"small\",\"margin\":\"default\",\"text_align\":\"center\"},\"children\":[{\"type\":\"button_item\",\"props\":{\"button_style\":\"default\",\"content\":\"Oferta Plazas Escolares 24-25\",\"icon_align\":\"left\",\"link\":\"wp-content\\\/uploads\\\/Ofertadeplazas-24-25.pdf\",\"link_target\":\"blank\"}},{\"type\":\"button_item\",\"props\":{\"button_style\":\"default\",\"content\":\"Calendario procedimiento admisi\\u00f3n\",\"icon_align\":\"left\",\"link\":\"wp-content\\\/uploads\\\/Calendario-conservatorios-24-25.pdf\",\"link_target\":\"blank\"}}],\"name\":\"acc_9_23_3\"}]},{\"type\":\"column\",\"props\":{\"image_position\":\"center-center\",\"position_sticky_breakpoint\":\"m\",\"width_medium\":\"1-3\"},\"children\":[{\"type\":\"button\",\"props\":{\"button_size\":\"small\",\"fullwidth\":true,\"grid_column_gap\":\"small\",\"grid_row_gap\":\"small\",\"margin\":\"\",\"margin_remove_bottom\":false,\"margin_remove_top\":false,\"text_align\":\"center\"},\"children\":[{\"type\":\"button_item\",\"props\":{\"button_style\":\"default\",\"content\":\"Solicitud de plaza por traslado\",\"icon_align\":\"left\",\"link\":\"wp-content\\\/uploads\\\/Anexo-VI.pdf\",\"link_target\":\"blank\"}},{\"type\":\"button_item\",\"props\":{\"button_style\":\"default\",\"content\":\"Preguntas frecuentes\",\"icon_align\":\"left\",\"link\":\"wp-content\\\/uploads\\\/Preguntas-frecuentes.pdf\",\"link_target\":\"blank\"}}],\"name\":\"acc_9_23_4\"}]}]},{\"type\":\"row\",\"children\":[{\"type\":\"column\",\"props\":{\"image_position\":\"center-center\",\"position_sticky_breakpoint\":\"m\"},\"children\":[{\"type\":\"headline\",\"props\":{\"content\":\"\n\n<h5>\\u00bfA\\u00fan no perteneces al AMPA? \\u00bfConoces su importante labor en el Conservatorio?\\u00a0<\\\/h5>\",\"link\":\"https:\\\/\\\/www.conservatoriolucena.es\\\/wp-content\\\/uploads\\\/Inscripcion_AMPA_2020.pdf\",\"link_target\":true,\"title_color\":\"success\",\"title_element\":\"h1\"},\"name\":\"titular_ampa\"},{\"type\":\"button\",\"props\":{\"grid_column_gap\":\"small\",\"grid_row_gap\":\"small\",\"margin\":\"default\"},\"children\":[{\"type\":\"button_item\",\"props\":{\"button_style\":\"secondary\",\"content\":\"Te animamos a que descargues este documento y te sumes.\",\"icon\":\"users\",\"icon_align\":\"left\",\"link\":\"https:\\\/\\\/www.conservatoriolucena.es\\\/wp-content\\\/uploads\\\/Inscripcion_AMPA_2020.pdf\",\"link_target\":\"blank\"}}],\"name\":\"boton_ampa\"}]}]}]}],\"version\":\"4.0.11\"} --><\/p>\n","protected":false},"excerpt":{"rendered":"<p>Matr\u00edcula Curso 2024\/2025 Plazo del 1 al 10 de julio inclusive MATR\u00cdCULA ENSE\u00d1ANZAS B\u00c1SICAS Instrucciones Instrucciones para la matr\u00edcula en EE.BB. Instrucciones pago de matr\u00edcula -modelo 169- Asignaturas Curr\u00edculo de Ense\u00f1anzas B\u00e1sicas Impresos (estos son los documentos que hay que cumplimentar y enviar para formalizar la matr\u00edcula) Impreso matr\u00edcula en EE.BB. (incluye autorizaci\u00f3n protecci\u00f3n de [&hellip;]<\/p>\n","protected":false},"author":1,"featured_media":0,"parent":0,"menu_order":0,"comment_status":"closed","ping_status":"closed","template":"","meta":{"jetpack_post_was_ever_published":false,"footnotes":""},"class_list":["post-2404","page","type-page","status-publish","hentry"],"jetpack_sharing_enabled":true,"jetpack_shortlink":"https:\/\/wp.me\/PanE4f-CM","jetpack-related-posts":[],"_links":{"self":[{"href":"https:\/\/www.conservatoriolucena.es\/index.php?rest_route=\/wp\/v2\/pages\/2404","targetHints":{"allow":["GET"]}}],"collection":[{"href":"https:\/\/www.conservatoriolucena.es\/index.php?rest_route=\/wp\/v2\/pages"}],"about":[{"href":"https:\/\/www.conservatoriolucena.es\/index.php?rest_route=\/wp\/v2\/types\/page"}],"author":[{"embeddable":true,"href":"https:\/\/www.conservatoriolucena.es\/index.php?rest_route=\/wp\/v2\/users\/1"}],"replies":[{"embeddable":true,"href":"https:\/\/www.conservatoriolucena.es\/index.php?rest_route=%2Fwp%2Fv2%2Fcomments&post=2404"}],"version-history":[{"count":21,"href":"https:\/\/www.conservatoriolucena.es\/index.php?rest_route=\/wp\/v2\/pages\/2404\/revisions"}],"predecessor-version":[{"id":2743,"href":"https:\/\/www.conservatoriolucena.es\/index.php?rest_route=\/wp\/v2\/pages\/2404\/revisions\/2743"}],"wp:attachment":[{"href":"https:\/\/www.conservatoriolucena.es\/index.php?rest_route=%2Fwp%2Fv2%2Fmedia&parent=2404"}],"curies":[{"name":"wp","href":"https:\/\/api.w.org\/{rel}","templated":true}]}}