{"id":18,"date":"2016-11-16T10:51:04","date_gmt":"2016-11-16T10:51:04","guid":{"rendered":"http:\/\/julio.conservatoriolucena.es\/index.php\/branding\/"},"modified":"2025-10-08T09:22:22","modified_gmt":"2025-10-08T08:22:22","slug":"branding","status":"publish","type":"page","link":"https:\/\/www.conservatoriolucena.es\/?page_id=18","title":{"rendered":"Planes y proyectos"},"content":{"rendered":"<h1>Planes y Proyectos<\/h1>\n<div>\n<h3>PLAN DE CENTRO<\/h3>\n<p>Archivo PDF curso anterior (5 Mb)<\/p>\n<div>\n<p>En proceso de actualizaci\u00f3n curso 2025-2026<\/p>\n<p><a href=\"https:\/\/docs.google.com\/document\/d\/e\/2PACX-1vTqlSXJyiGa-6aljDlEbmULdV_PE3vB2HPCO1UezXp-pqXG_IBejM5sXTjgsT_MmhlLxl_j8tcEum4e\/pub\" target=\"_blank\" rel=\"noopener\">(Pulsar aqu\u00ed para el enlace permanente al documento con actualizaciones inmediatas)<\/a><\/p>\n<\/div>\n<p><a href=\"https:\/\/www.conservatoriolucena.es\/wp-content\/uploads\/Plan-de-Centro.-Revision-2024-2025.pdf\">Plan de Centro en PDF<\/a><\/p>\n<\/div>\n<div>\n<p>        <img decoding=\"async\" src=\"\/wp-content\/uploads\/musIntegrate.png\" alt=\"\"><\/p>\n<p><a href=\"\/index.php?page_id=537\">MusInt\u00e9grate<\/a><\/p>\n<\/div>\n<div>\n<h3>Plan de Autoprotecci\u00f3n 25\/26<\/h3>\n<p>(PDF 3,2 Mb)<\/p>\n<p><a href=\"\/wp-content\/uploads\/PAE_25-26.pdf\">Plan de Autoprotecci\u00f3n<\/a><\/p>\n<\/div>\n<p><!--more--><br \/>\n<!-- {\"type\":\"layout\",\"children\":[{\"name\":\"Intro\",\"type\":\"section\",\"props\":{\"animation\":\"fade\",\"animation_delay\":\"200\",\"image_position\":\"center-center\",\"image_size\":\"cover\",\"padding\":\"large\",\"style\":\"default\",\"title_breakpoint\":\"xl\",\"title_position\":\"top-left\",\"title_rotation\":\"left\",\"vertical_align\":\"\",\"width\":\"default\"},\"children\":[{\"type\":\"row\",\"children\":[{\"type\":\"column\",\"props\":{\"image_position\":\"center-center\",\"position_sticky_breakpoint\":\"m\",\"width_medium\":\"1-1\"},\"children\":[{\"type\":\"headline\",\"props\":{\"content\":\"Planes y Proyectos\",\"text_align\":\"center\",\"title_element\":\"h1\"}}]}]}]},{\"type\":\"section\",\"props\":{\"image_position\":\"center-center\",\"style\":\"default\",\"title_breakpoint\":\"xl\",\"title_position\":\"top-left\",\"title_rotation\":\"left\",\"vertical_align\":\"\",\"width\":\"default\"},\"children\":[{\"type\":\"row\",\"props\":{\"layout\":\"1-3,1-3,1-3\"},\"children\":[{\"type\":\"column\",\"props\":{\"image_position\":\"center-center\",\"position_sticky_breakpoint\":\"m\",\"width_medium\":\"1-3\"},\"children\":[{\"type\":\"panel\",\"props\":{\"content\":\"\n\n<p>En proceso de actualizaci\\u00f3n curso 2025-2026<\\\/p>\\n\n\n<p><a href=\\\"https:\\\/\\\/docs.google.com\\\/document\\\/d\\\/e\\\/2PACX-1vTqlSXJyiGa-6aljDlEbmULdV_PE3vB2HPCO1UezXp-pqXG_IBejM5sXTjgsT_MmhlLxl_j8tcEum4e\\\/pub\\\" target=\\\"_blank\\\" rel=\\\"noopener\\\">(Pulsar aqu\\u00ed para el enlace permanente al documento con actualizaciones inmediatas)<\\\/a><\\\/p>\",\"content_column_breakpoint\":\"m\",\"height_expand\":true,\"icon\":\"file-pdf\",\"icon_width\":80,\"image\":\"\",\"image_align\":\"top\",\"image_grid_breakpoint\":\"m\",\"image_grid_width\":\"1-2\",\"image_svg_color\":\"emphasis\",\"link\":\"https:\\\/\\\/www.conservatoriolucena.es\\\/wp-content\\\/uploads\\\/Plan-de-Centro.-Revision-2024-2025.pdf\",\"link_margin\":\"medium\",\"link_style\":\"default\",\"link_text\":\"Plan de Centro en PDF\",\"margin\":\"default\",\"meta\":\"Archivo PDF curso anterior (5 Mb)\",\"meta_align\":\"below-title\",\"meta_element\":\"div\",\"meta_style\":\"text-meta\",\"panel_padding\":\"default\",\"panel_style\":\"card-primary\",\"text_align\":\"center\",\"title\":\"PLAN DE CENTRO\",\"title_align\":\"top\",\"title_element\":\"h3\",\"title_grid_breakpoint\":\"m\",\"title_grid_width\":\"1-2\",\"title_hover_style\":\"reset\"}}]},{\"type\":\"column\",\"props\":{\"image_position\":\"center-center\",\"position_sticky_breakpoint\":\"m\",\"width_medium\":\"1-3\"},\"children\":[{\"type\":\"panel\",\"props\":{\"content_column_breakpoint\":\"m\",\"height_expand\":true,\"icon_width\":80,\"image\":\"wp-content\\\/uploads\\\/musIntegrate.png\",\"image_align\":\"top\",\"image_grid_breakpoint\":\"m\",\"image_grid_width\":\"1-2\",\"image_svg_color\":\"emphasis\",\"link\":\"index.php?page_id=537\",\"link_margin\":\"medium\",\"link_style\":\"default\",\"link_text\":\"MusInt\\u00e9grate\",\"margin\":\"default\",\"meta_align\":\"below-title\",\"meta_element\":\"div\",\"meta_style\":\"text-meta\",\"panel_padding\":\"default\",\"panel_style\":\"card-primary\",\"text_align\":\"center\",\"title\":\"\",\"title_align\":\"top\",\"title_element\":\"h3\",\"title_grid_breakpoint\":\"m\",\"title_grid_width\":\"1-2\",\"title_hover_style\":\"reset\"}}]},{\"type\":\"column\",\"props\":{\"image_position\":\"center-center\",\"position_sticky_breakpoint\":\"m\",\"width_medium\":\"1-3\"},\"children\":[{\"type\":\"panel\",\"props\":{\"content_column_breakpoint\":\"m\",\"height_expand\":true,\"icon\":\"home\",\"icon_width\":80,\"image\":\"\",\"image_align\":\"top\",\"image_grid_breakpoint\":\"m\",\"image_grid_width\":\"1-2\",\"image_svg_color\":\"emphasis\",\"link\":\"wp-content\\\/uploads\\\/PAE_25-26.pdf\",\"link_margin\":\"medium\",\"link_style\":\"default\",\"link_target\":true,\"link_text\":\"Plan de Autoprotecci\\u00f3n\",\"margin\":\"default\",\"meta\":\"(PDF 3,2 Mb)\",\"meta_align\":\"below-title\",\"meta_element\":\"div\",\"meta_style\":\"text-meta\",\"panel_padding\":\"default\",\"panel_style\":\"card-primary\",\"text_align\":\"center\",\"title\":\"Plan de Autoprotecci\\u00f3n 25\\\/26\",\"title_align\":\"top\",\"title_element\":\"h3\",\"title_grid_breakpoint\":\"m\",\"title_grid_width\":\"1-2\",\"title_hover_style\":\"reset\"}}]}]}]}],\"version\":\"4.5.23\"} --><\/p>\n","protected":false},"excerpt":{"rendered":"<p>Planes y Proyectos PLAN DE CENTRO Archivo PDF curso anterior (5 Mb) En proceso de actualizaci\u00f3n curso 2025-2026 (Pulsar aqu\u00ed para el enlace permanente al documento con actualizaciones inmediatas) Plan de Centro en PDF MusInt\u00e9grate Plan de Autoprotecci\u00f3n 25\/26 (PDF 3,2 Mb) Plan de Autoprotecci\u00f3n<\/p>\n","protected":false},"author":1,"featured_media":0,"parent":0,"menu_order":1,"comment_status":"closed","ping_status":"closed","template":"","meta":{"jetpack_post_was_ever_published":false,"footnotes":""},"class_list":["post-18","page","type-page","status-publish","hentry"],"jetpack_sharing_enabled":true,"jetpack_shortlink":"https:\/\/wp.me\/PanE4f-i","jetpack-related-posts":[],"_links":{"self":[{"href":"https:\/\/www.conservatoriolucena.es\/index.php?rest_route=\/wp\/v2\/pages\/18","targetHints":{"allow":["GET"]}}],"collection":[{"href":"https:\/\/www.conservatoriolucena.es\/index.php?rest_route=\/wp\/v2\/pages"}],"about":[{"href":"https:\/\/www.conservatoriolucena.es\/index.php?rest_route=\/wp\/v2\/types\/page"}],"author":[{"embeddable":true,"href":"https:\/\/www.conservatoriolucena.es\/index.php?rest_route=\/wp\/v2\/users\/1"}],"replies":[{"embeddable":true,"href":"https:\/\/www.conservatoriolucena.es\/index.php?rest_route=%2Fwp%2Fv2%2Fcomments&post=18"}],"version-history":[{"count":34,"href":"https:\/\/www.conservatoriolucena.es\/index.php?rest_route=\/wp\/v2\/pages\/18\/revisions"}],"predecessor-version":[{"id":3109,"href":"https:\/\/www.conservatoriolucena.es\/index.php?rest_route=\/wp\/v2\/pages\/18\/revisions\/3109"}],"wp:attachment":[{"href":"https:\/\/www.conservatoriolucena.es\/index.php?rest_route=%2Fwp%2Fv2%2Fmedia&parent=18"}],"curies":[{"name":"wp","href":"https:\/\/api.w.org\/{rel}","templated":true}]}}