{"id":15,"date":"2016-11-14T09:59:28","date_gmt":"2016-11-14T09:59:28","guid":{"rendered":"http:\/\/julio.conservatoriolucena.es\/index.php\/services\/"},"modified":"2019-04-09T16:45:09","modified_gmt":"2019-04-09T15:45:09","slug":"services","status":"publish","type":"page","link":"https:\/\/www.conservatoriolucena.es\/?page_id=15","title":{"rendered":"Multimedia"},"content":{"rendered":"<h1>Multimedia<\/h1>\n<div>\n<h3>P\u00c1GINA WEB EN PROCESO DE MIGRACI\u00d3N<\/h3>\n<div>\n<div class=\"el-content\">\n<p>Nos encontramos migrando contenidos a esta nueva web. Si lo desea puede consultar la antigua p\u00e1gina desde la direcci\u00f3n:\u00a0<\/p>\n<p><a class=\"customize-unpreviewable\" href=\"http:\/\/archivo.conservatoriolucena.es\/\">archivo.conservatoriolucena.es<\/a><\/p>\n<p>Disculpe las molestias.<\/p>\n<\/div>\n<\/div>\n<\/div>\n<p><!-- {\"name\":\"\",\"type\":\"layout\",\"children\":[{\"name\":\"Hero\",\"type\":\"section\",\"props\":{\"style\":\"default\",\"width\":\"default\",\"image_size\":\"cover\",\"image\":\"wp-content\\\/uploads\\\/multimedia.jpg\",\"padding\":\"large\",\"header_transparent\":\"light\",\"text_color\":\"light\",\"media_background\":\"#00a0de\",\"media_blend_mode\":\"multiply\",\"animation\":\"fade\",\"image_position\":\"center-center\",\"vertical_align\":\"middle\",\"title_position\":\"top-left\",\"title_rotation\":\"left\",\"title_breakpoint\":\"xl\",\"image_width\":\"2560\",\"image_effect\":\"\",\"width_expand\":\"\",\"height\":\"\",\"padding_remove_top\":false},\"children\":[{\"name\":\"\",\"type\":\"row\",\"props\":{\"fixed_width\":\"large\",\"breakpoint\":\"m\",\"layout\":\"1-1\"},\"children\":[{\"name\":\"\",\"type\":\"column\",\"props\":{\"image_position\":\"center-center\",\"widths\":[\"1-1\"],\"media_overlay_gradient\":\"\"},\"children\":[{\"name\":\"\",\"type\":\"headline\",\"props\":{\"title_element\":\"h1\",\"content\":\"Multimedia\",\"text_align\":\"center\",\"margin\":\"\",\"title_style\":\"h1\"}}]}]}]},{\"name\":\"\",\"type\":\"section\",\"props\":{\"style\":\"default\",\"width\":\"default\",\"vertical_align\":\"middle\",\"title_position\":\"top-left\",\"title_rotation\":\"left\",\"title_breakpoint\":\"xl\",\"image_position\":\"center-center\",\"image_effect\":\"\"},\"children\":[{\"name\":\"\",\"type\":\"row\",\"props\":{\"fixed_width\":\"large\",\"breakpoint\":\"m\",\"layout\":\"1-1\"},\"children\":[{\"name\":\"\",\"type\":\"column\",\"props\":{\"widths\":[\"1-1\"],\"image_position\":\"center-center\",\"media_overlay_gradient\":\"\"},\"children\":[{\"name\":\"\",\"type\":\"alert\",\"props\":{\"content\":\"\n\n<div class=\\\"el-content\\\">\\n\n\n<p>Nos encontramos migrando contenidos a esta nueva web. Si lo desea puede consultar la antigua p\\u00e1gina desde la direcci\\u00f3n:\\u00a0<\\\/p>\\n\n\n<p><a class=\\\"customize-unpreviewable\\\" href=\\\"http:\\\/\\\/archivo.conservatoriolucena.es\\\/\\\">archivo.conservatoriolucena.es<\\\/a><\\\/p>\\n\n\n<p>Disculpe las molestias.<\\\/p>\\n<\\\/div>\",\"title\":\"P\\u00c1GINA WEB EN PROCESO DE MIGRACI\\u00d3N\",\"alert_style\":\"danger\"}}]}]}]}],\"props\":[],\"version\":\"1.18.15\"} --><\/p>\n","protected":false},"excerpt":{"rendered":"<p>Multimedia P\u00c1GINA WEB EN PROCESO DE MIGRACI\u00d3N Nos encontramos migrando contenidos a esta nueva web. Si lo desea puede consultar la antigua p\u00e1gina desde la direcci\u00f3n:\u00a0 archivo.conservatoriolucena.es Disculpe las molestias.<\/p>\n","protected":false},"author":1,"featured_media":0,"parent":0,"menu_order":4,"comment_status":"closed","ping_status":"closed","template":"","meta":{"jetpack_post_was_ever_published":false,"footnotes":""},"class_list":["post-15","page","type-page","status-publish","hentry"],"jetpack_sharing_enabled":true,"jetpack_shortlink":"https:\/\/wp.me\/PanE4f-f","jetpack-related-posts":[],"_links":{"self":[{"href":"https:\/\/www.conservatoriolucena.es\/index.php?rest_route=\/wp\/v2\/pages\/15","targetHints":{"allow":["GET"]}}],"collection":[{"href":"https:\/\/www.conservatoriolucena.es\/index.php?rest_route=\/wp\/v2\/pages"}],"about":[{"href":"https:\/\/www.conservatoriolucena.es\/index.php?rest_route=\/wp\/v2\/types\/page"}],"author":[{"embeddable":true,"href":"https:\/\/www.conservatoriolucena.es\/index.php?rest_route=\/wp\/v2\/users\/1"}],"replies":[{"embeddable":true,"href":"https:\/\/www.conservatoriolucena.es\/index.php?rest_route=%2Fwp%2Fv2%2Fcomments&post=15"}],"version-history":[{"count":17,"href":"https:\/\/www.conservatoriolucena.es\/index.php?rest_route=\/wp\/v2\/pages\/15\/revisions"}],"predecessor-version":[{"id":544,"href":"https:\/\/www.conservatoriolucena.es\/index.php?rest_route=\/wp\/v2\/pages\/15\/revisions\/544"}],"wp:attachment":[{"href":"https:\/\/www.conservatoriolucena.es\/index.php?rest_route=%2Fwp%2Fv2%2Fmedia&parent=15"}],"curies":[{"name":"wp","href":"https:\/\/api.w.org\/{rel}","templated":true}]}}