{"id":14,"date":"2016-11-14T09:59:17","date_gmt":"2016-11-14T09:59:17","guid":{"rendered":"http:\/\/julio.conservatoriolucena.es\/index.php\/about\/"},"modified":"2023-09-05T18:03:29","modified_gmt":"2023-09-05T17:03:29","slug":"about","status":"publish","type":"page","link":"https:\/\/www.conservatoriolucena.es\/?page_id=14","title":{"rendered":"Nuestro Centro"},"content":{"rendered":"<h1>\n<p align=\"\u201dcenter\u201d\">Un centro educativo din\u00e1mico<br \/>y abierto a la sociedad<\/p>\n<\/h1>\n<ul>\n<li>\n<h3>Saludo del director<\/h3>\n<div><figure id=\"attachment_2281\" aria-describedby=\"caption-attachment-2281\" style=\"width: 300px\" class=\"wp-caption alignleft\"><img data-recalc-dims=\"1\" loading=\"lazy\" decoding=\"async\" data-attachment-id=\"2281\" data-permalink=\"https:\/\/www.conservatoriolucena.es\/?attachment_id=2281\" data-orig-file=\"https:\/\/i0.wp.com\/www.conservatoriolucena.es\/wp-content\/uploads\/achicano.png?fit=619%2C619&amp;ssl=1\" data-orig-size=\"619,619\" data-comments-opened=\"0\" data-image-meta=\"{&quot;aperture&quot;:&quot;0&quot;,&quot;credit&quot;:&quot;&quot;,&quot;camera&quot;:&quot;&quot;,&quot;caption&quot;:&quot;&quot;,&quot;created_timestamp&quot;:&quot;0&quot;,&quot;copyright&quot;:&quot;&quot;,&quot;focal_length&quot;:&quot;0&quot;,&quot;iso&quot;:&quot;0&quot;,&quot;shutter_speed&quot;:&quot;0&quot;,&quot;title&quot;:&quot;&quot;,&quot;orientation&quot;:&quot;0&quot;}\" data-image-title=\"Antonio Chicano P\u00e9rez, director.\" data-image-description=\"&lt;p&gt;Antonio Chicano P\u00e9rez, director.&lt;\/p&gt;\n\" data-image-caption=\"&lt;p&gt;Antonio Chicano P\u00e9rez, director.&lt;\/p&gt;\n\" data-large-file=\"https:\/\/i0.wp.com\/www.conservatoriolucena.es\/wp-content\/uploads\/achicano.png?fit=619%2C619&amp;ssl=1\" src=\"https:\/\/i0.wp.com\/www.conservatoriolucena.es\/wp-content\/uploads\/achicano.png?resize=300%2C300&#038;ssl=1\" alt=\"\" width=\"300\" height=\"300\" class=\"size-medium wp-image-2281\" srcset=\"https:\/\/i0.wp.com\/www.conservatoriolucena.es\/wp-content\/uploads\/achicano.png?resize=300%2C300&amp;ssl=1 300w, https:\/\/i0.wp.com\/www.conservatoriolucena.es\/wp-content\/uploads\/achicano.png?resize=150%2C150&amp;ssl=1 150w, https:\/\/i0.wp.com\/www.conservatoriolucena.es\/wp-content\/uploads\/achicano.png?w=619&amp;ssl=1 619w\" sizes=\"(max-width: 300px) 100vw, 300px\" \/><figcaption id=\"caption-attachment-2281\" class=\"wp-caption-text\">Antonio Chicano P\u00e9rez, director.<\/figcaption><\/figure><\/p>\n<p style=\"text-align: justify;\">Bienvenidos al espacio Web del Conservatorio Profesional de M\u00fasica &#8220;Maestro Chicano Mu\u00f1oz&#8221;. Esta p\u00e1gina pretende ser una ventana a trav\u00e9s de la cual se pueda acceder a nuestro Centro, participando de los diversos contenidos e informaci\u00f3n relacionada con su estructura, organizaci\u00f3n y funcionamiento, y sobre todo con la intensa vida musical que se desarrolla en el mismo.<\/p>\n<p style=\"text-align: justify;\">Aqu\u00ed reflejamos las numerosas actividades que se programan y realizan d\u00eda a d\u00eda en este Conservatorio, mostrando a modo de ejemplo, algunos documentos multimedia tales como videos y fotograf\u00edas de eventos celebrados. Intentaremos entre todos los miembros de la Comunidad Educativa de nuestro Centro, mantener esta p\u00e1gina como un espacio vivo y din\u00e1mico, a\u00f1adiendo y actualizando nuevos contenidos interesantes.<\/p>\n<p style=\"text-align: justify;\">Agradeciendo vuestras visitas, y esperando que este espacio web sea de vuestro inter\u00e9s, recibid un cordial saludo del Director.<\/p>\n<\/div>\n<\/li>\n<li>\n<h3>Rese\u00f1a hist\u00f3rica<\/h3>\n<div>\n<p style=\"text-align: justify;\">El Conservatorio Profesional de M\u00fasica &#8220;Maestro Chicano Mu\u00f1oz&#8221; de Lucena tiene sus or\u00edgenes all\u00e1 por el a\u00f1o 1981. En sus comienzos fue creado como un Aula de Extensi\u00f3n del Conservatorio Superior de M\u00fasica de C\u00f3rdoba, iniciando su actividad acad\u00e9mica en el curso 1981-1982 con 87 alumnos y bajo las directrices de D. Fernando Chicano Mu\u00f1oz y D. Fernando Chicano Mart\u00ednez, primeros profesores del centro. En esta etapa solo se impart\u00eda el Grado Elemental de la especialidad de Piano, con sus correspondientes asignaturas Solfeo y Conjunto Coral, pero en breve, y a ra\u00edz de la demanda y el inter\u00e9s que experimentaron este tipo de ense\u00f1anzas, se convirti\u00f3 en Conservatorio Elemental, uno de los primeros que se crearon en Andaluc\u00eda en aquellos tiempos en los que r\u00e1pidamente proliferaron este tipo de Centros, configurando as\u00ed la extensa red de Conservatorios Elementales que hoy d\u00eda existen en nuestra Comunidad Aut\u00f3noma. En el Conservatorio Elemental de M\u00fasica de Lucena, adem\u00e1s de Piano, empezaron a impartirse otras especialidades como Guitarra, Clarinete, Viento Metal y Viol\u00edn.<\/p>\n<p style=\"text-align: justify;\">Las primeras instalaciones donde se ubic\u00f3 el Conservatorio se sit\u00faan en el mismo lugar que lo hace en la actualidad, la Casa Solariega de los Nieto Tamariz en la calle Calle Condesa Carmen Pizarro 17, edificio del siglo XIX que a lo largo del pasado siglo XX tambi\u00e9n alberg\u00f3 a distintos centros educativos como Colegios e Institutos, as\u00ed como al ayuntamiento de la ciudad en el periodo transcurrido entre la demolici\u00f3n de las casas consistoriales de la Plaza Nueva y su posterior construcci\u00f3n. Cuando se acometieron las primeras obras de restauraci\u00f3n y rehabilitaci\u00f3n de la vieja casa solariega, el Centro tuvo provisionalmente otros emplazamientos hasta volver definitivamente al lugar en el que hoy se encuentra, una vez finalizadas dichas obras.<\/p>\n<p style=\"text-align: justify;\">El Conservatorio Elemental fue creciendo poco a poco en n\u00famero de especialidades, alumnado y profesorado, convirti\u00e9ndose en Conservatorio Profesional de M\u00fasica en el a\u00f1o 2003, pasando as\u00ed a ser uno de los doce Centros que impart\u00edan en Andaluc\u00eda las ense\u00f1anzas de Grado Medio de M\u00fasica en aquel momento. Esta conversi\u00f3n supuso un notable aumento de especialidades, incorpor\u00e1ndose Viola, Violoncello, Contrabajo, Oboe, Flauta, Saxof\u00f3n, Fagot, Tromb\u00f3n, Trompa, Trompeta, Percusi\u00f3n y Canto. Tambi\u00e9n ha supuesto de manera progresiva un importante incremento del alumnado que cursa aqu\u00ed las Ense\u00f1anzas Profesionales de M\u00fasica, y la creaci\u00f3n de diversas formaciones musicales, tales como dos Bandas, la Orquesta de Alumnos de Grado Elemental, la Orquesta de C\u00e1mara, la Orquesta Sinf\u00f3nica del Conservatorio y otras agrupaciones instrumentales, as\u00ed como el Coro del Conservatorio y la Escolan\u00eda. En la actualidad, el Conservatorio Profesional de M\u00fasica &#8220;Maestro Chicano Mu\u00f1oz&#8221; sigue creciendo en alumnado y profesorado, contando en este momento con cerca de 600 alumnos y un total de 58 profesores.<\/p>\n<\/div>\n<\/li>\n<li>\n<h3>Instalaciones<\/h3>\n<div>\n<p style=\"text-align: justify;\">El centro educativo est\u00e1 situado en el n\u00famero 17 de la calle Condesa Carmen Pizarro -conocida popularmente como &#8220;Mesoncillo&#8221;- de Lucena (C\u00f3rdoba). Se compone de 49 aulas, un patio abierto empleado para la realizaci\u00f3n de actividades y peque\u00f1os conciertos, espacio habilitado para atenci\u00f3n administrativa y dos conserjer\u00edas y el \u00abAuditorio Fernando Chicano P\u00e9rez\u00bb que recibe el nombre de quien fuera director de nuestro centro durante casi tres d\u00e9cadas.<\/p>\n<\/div>\n<\/li>\n<\/ul>\n<div>\n<p>37.4070,-4.4841<\/p>\n<\/div>\n<ul>\n<li>\n<p>        <img decoding=\"async\" src=\"\/wp-content\/uploads\/Planta_baja_conservatorio_2022-web-scaled.jpg\" alt=\"\"><\/p>\n<h3>Planta Baja<\/h3>\n<\/li>\n<li>\n<p>        <img decoding=\"async\" src=\"\/wp-content\/uploads\/Planta_primera_conservatorio_2022-scaled.jpg\" alt=\"\"><\/p>\n<h3>Planta Primera<\/h3>\n<\/li>\n<li>\n<p>        <img decoding=\"async\" src=\"\/wp-content\/uploads\/Planta_segunda_conservatorio_2022_web-scaled.jpg\" alt=\"\"><\/p>\n<h3>Planta Segunda<\/h3>\n<\/li>\n<\/ul>\n<p><!--more--><br \/>\n<!-- {\"name\":\"\",\"type\":\"layout\",\"children\":[{\"name\":\"Hero\",\"type\":\"section\",\"props\":{\"style\":\"default\",\"width\":\"default\",\"image_size\":\"cover\",\"image\":\"wp-content\\\/uploads\\\/patio.jpg\",\"text_color\":\"light\",\"height\":\"full\",\"header_transparent\":\"light\",\"media_background\":null,\"media_overlay\":\"rgba(72, 99, 177, 0)\",\"padding\":\"small\",\"image_position\":\"center-center\",\"vertical_align\":\"middle\",\"title_position\":\"top-left\",\"title_rotation\":\"left\",\"title_breakpoint\":\"xl\",\"image_width\":\"2560\",\"padding_remove_bottom\":true,\"overlap\":true},\"children\":[{\"name\":\"\",\"type\":\"row\",\"props\":{\"width\":\"xlarge\",\"margin\":\"small\",\"margin_remove_top\":false,\"margin_remove_bottom\":false,\"column_gap\":\"medium\",\"row_gap\":\"medium\"},\"children\":[{\"name\":\"\",\"type\":\"column\",\"props\":{\"image_position\":\"center-center\",\"media_overlay_gradient\":\"\",\"width_medium\":\"1-1\",\"position_sticky_breakpoint\":\"m\"},\"children\":[{\"name\":\"\",\"type\":\"headline\",\"props\":{\"title_element\":\"h1\",\"content\":\"\n\n<p align=\\\"\\u201dcenter\\u201d\\\">Un centro educativo din\\u00e1mico<br \\\/>y abierto a la sociedad<\\\/p>\",\"text_align\":\"center\",\"title_style\":\"heading-medium\"}}]}]}]},{\"name\":\"\",\"type\":\"section\",\"props\":{\"style\":\"secondary\",\"width\":\"default\",\"vertical_align\":\"middle\",\"title_position\":\"top-left\",\"title_rotation\":\"left\",\"title_breakpoint\":\"xl\",\"image_position\":\"center-center\",\"padding\":\"xsmall\"},\"children\":[{\"name\":\"\",\"type\":\"row\",\"children\":[{\"name\":\"\",\"type\":\"column\",\"props\":{\"image_position\":\"center-center\",\"media_overlay_gradient\":\"\",\"style\":\"secondary\",\"width_medium\":\"1-1\",\"position_sticky_breakpoint\":\"m\"},\"children\":[{\"type\":\"switcher\",\"props\":{\"show_title\":true,\"show_meta\":true,\"show_content\":true,\"show_image\":true,\"show_link\":true,\"show_label\":true,\"show_thumbnail\":true,\"switcher_animation\":\"fade\",\"switcher_height\":false,\"title_element\":\"h3\",\"meta_style\":\"text-meta\",\"meta_align\":\"below-title\",\"image_svg_color\":\"emphasis\",\"image_align\":\"top\",\"image_grid_width\":\"1-2\",\"link_text\":\"Read more\",\"link_style\":\"default\",\"margin\":\"default\",\"image_grid_breakpoint\":\"m\",\"nav\":\"tab\",\"thumbnav_width\":\"100\",\"thumbnav_height\":\"75\",\"thumbnav_svg_color\":\"emphasis\",\"nav_position\":\"top\",\"nav_align\":\"left\",\"nav_margin\":\"\",\"nav_grid_width\":\"auto\",\"nav_grid_column_gap\":\"\",\"nav_grid_row_gap\":\"\",\"nav_grid_breakpoint\":\"m\",\"title_align\":\"top\",\"title_grid_width\":\"1-2\",\"title_grid_breakpoint\":\"m\",\"meta_element\":\"div\",\"content_column_breakpoint\":\"m\"},\"children\":[{\"type\":\"switcher_item\",\"props\":{\"content\":\"[caption id=\\\"attachment_2281\\\" align=\\\"alignleft\\\" width=\\\"300\\\"]<img data-attachment-id=\"2281\" data-permalink=\"https:\/\/www.conservatoriolucena.es\/?attachment_id=2281\" data-orig-file=\"https:\/\/i0.wp.com\/www.conservatoriolucena.es\/wp-content\/uploads\/achicano.png?fit=619%2C619&amp;ssl=1\" data-orig-size=\"619,619\" data-comments-opened=\"0\" data-image-meta=\"{&quot;aperture&quot;:&quot;0&quot;,&quot;credit&quot;:&quot;&quot;,&quot;camera&quot;:&quot;&quot;,&quot;caption&quot;:&quot;&quot;,&quot;created_timestamp&quot;:&quot;0&quot;,&quot;copyright&quot;:&quot;&quot;,&quot;focal_length&quot;:&quot;0&quot;,&quot;iso&quot;:&quot;0&quot;,&quot;shutter_speed&quot;:&quot;0&quot;,&quot;title&quot;:&quot;&quot;,&quot;orientation&quot;:&quot;0&quot;}\" data-image-title=\"Antonio Chicano P\u00e9rez, director.\" data-image-description=\"&lt;p&gt;Antonio Chicano P\u00e9rez, director.&lt;\/p&gt;\n\" data-image-caption=\"&lt;p&gt;Antonio Chicano P\u00e9rez, director.&lt;\/p&gt;\n\" data-large-file=\"https:\/\/i0.wp.com\/www.conservatoriolucena.es\/wp-content\/uploads\/achicano.png?fit=619%2C619&amp;ssl=1\" src=\\\"https:\\\/\\\/www.conservatoriolucena.es\\\/wp-content\\\/uploads\\\/achicano-300x300.png\\\" alt=\\\"\\\" width=\\\"300\\\" height=\\\"300\\\" class=\\\"size-medium wp-image-2281\\\" \\\/> Antonio Chicano P\\u00e9rez, director.[\\\/caption]\\n\n\n<p style=\\\"text-align: justify;\\\">Bienvenidos al espacio Web del Conservatorio Profesional de M\\u00fasica \\\"Maestro Chicano Mu\\u00f1oz\\\". Esta p\\u00e1gina pretende ser una ventana a trav\\u00e9s de la cual se pueda acceder a nuestro Centro, participando de los diversos contenidos e informaci\\u00f3n relacionada con su estructura, organizaci\\u00f3n y funcionamiento, y sobre todo con la intensa vida musical que se desarrolla en el mismo.<\\\/p>\\n\n\n<p style=\\\"text-align: justify;\\\">Aqu\\u00ed reflejamos las numerosas actividades que se programan y realizan d\\u00eda a d\\u00eda en este Conservatorio, mostrando a modo de ejemplo, algunos documentos multimedia tales como videos y fotograf\\u00edas de eventos celebrados. Intentaremos entre todos los miembros de la Comunidad Educativa de nuestro Centro, mantener esta p\\u00e1gina como un espacio vivo y din\\u00e1mico, a\\u00f1adiendo y actualizando nuevos contenidos interesantes.<\\\/p>\\n\n\n<p style=\\\"text-align: justify;\\\">Agradeciendo vuestras visitas, y esperando que este espacio web sea de vuestro inter\\u00e9s, recibid un cordial saludo del Director.<\\\/p>\",\"title\":\"Saludo del director\",\"image\":\"\"}},{\"type\":\"switcher_item\",\"props\":{\"title\":\"Rese\\u00f1a hist\\u00f3rica\",\"content\":\"\n\n<p style=\\\"text-align: justify;\\\">El Conservatorio Profesional de M\\u00fasica \\\"Maestro Chicano Mu\\u00f1oz\\\" de Lucena tiene sus or\\u00edgenes all\\u00e1 por el a\\u00f1o 1981. En sus comienzos fue creado como un Aula de Extensi\\u00f3n del Conservatorio Superior de M\\u00fasica de C\\u00f3rdoba, iniciando su actividad acad\\u00e9mica en el curso 1981-1982 con 87 alumnos y bajo las directrices de D. Fernando Chicano Mu\\u00f1oz y D. Fernando Chicano Mart\\u00ednez, primeros profesores del centro. En esta etapa solo se impart\\u00eda el Grado Elemental de la especialidad de Piano, con sus correspondientes asignaturas Solfeo y Conjunto Coral, pero en breve, y a ra\\u00edz de la demanda y el inter\\u00e9s que experimentaron este tipo de ense\\u00f1anzas, se convirti\\u00f3 en Conservatorio Elemental, uno de los primeros que se crearon en Andaluc\\u00eda en aquellos tiempos en los que r\\u00e1pidamente proliferaron este tipo de Centros, configurando as\\u00ed la extensa red de Conservatorios Elementales que hoy d\\u00eda existen en nuestra Comunidad Aut\\u00f3noma. En el Conservatorio Elemental de M\\u00fasica de Lucena, adem\\u00e1s de Piano, empezaron a impartirse otras especialidades como Guitarra, Clarinete, Viento Metal y Viol\\u00edn.<\\\/p>\\n\n\n<p style=\\\"text-align: justify;\\\">Las primeras instalaciones donde se ubic\\u00f3 el Conservatorio se sit\\u00faan en el mismo lugar que lo hace en la actualidad, la Casa Solariega de los Nieto Tamariz en la calle Calle Condesa Carmen Pizarro 17, edificio del siglo XIX que a lo largo del pasado siglo XX tambi\\u00e9n alberg\\u00f3 a distintos centros educativos como Colegios e Institutos, as\\u00ed como al ayuntamiento de la ciudad en el periodo transcurrido entre la demolici\\u00f3n de las casas consistoriales de la Plaza Nueva y su posterior construcci\\u00f3n. Cuando se acometieron las primeras obras de restauraci\\u00f3n y rehabilitaci\\u00f3n de la vieja casa solariega, el Centro tuvo provisionalmente otros emplazamientos hasta volver definitivamente al lugar en el que hoy se encuentra, una vez finalizadas dichas obras.<\\\/p>\\n\n\n<p style=\\\"text-align: justify;\\\">El Conservatorio Elemental fue creciendo poco a poco en n\\u00famero de especialidades, alumnado y profesorado, convirti\\u00e9ndose en Conservatorio Profesional de M\\u00fasica en el a\\u00f1o 2003, pasando as\\u00ed a ser uno de los doce Centros que impart\\u00edan en Andaluc\\u00eda las ense\\u00f1anzas de Grado Medio de M\\u00fasica en aquel momento. Esta conversi\\u00f3n supuso un notable aumento de especialidades, incorpor\\u00e1ndose Viola, Violoncello, Contrabajo, Oboe, Flauta, Saxof\\u00f3n, Fagot, Tromb\\u00f3n, Trompa, Trompeta, Percusi\\u00f3n y Canto. Tambi\\u00e9n ha supuesto de manera progresiva un importante incremento del alumnado que cursa aqu\\u00ed las Ense\\u00f1anzas Profesionales de M\\u00fasica, y la creaci\\u00f3n de diversas formaciones musicales, tales como dos Bandas, la Orquesta de Alumnos de Grado Elemental, la Orquesta de C\\u00e1mara, la Orquesta Sinf\\u00f3nica del Conservatorio y otras agrupaciones instrumentales, as\\u00ed como el Coro del Conservatorio y la Escolan\\u00eda. En la actualidad, el Conservatorio Profesional de M\\u00fasica \\\"Maestro Chicano Mu\\u00f1oz\\\" sigue creciendo en alumnado y profesorado, contando en este momento con cerca de 600 alumnos y un total de 58 profesores.<\\\/p>\"}},{\"type\":\"switcher_item\",\"props\":{\"title\":\"Instalaciones\",\"content\":\"\n\n<p style=\\\"text-align: justify;\\\">El centro educativo est\\u00e1 situado en el n\\u00famero 17 de la calle Condesa Carmen Pizarro -conocida popularmente como \\\"Mesoncillo\\\"- de Lucena (C\\u00f3rdoba). Se compone de 49 aulas, un patio abierto empleado para la realizaci\\u00f3n de actividades y peque\\u00f1os conciertos, espacio habilitado para atenci\\u00f3n administrativa y dos conserjer\\u00edas y el \\u00abAuditorio Fernando Chicano P\\u00e9rez\\u00bb que recibe el nombre de quien fuera director de nuestro centro durante casi tres d\\u00e9cadas.<\\\/p>\"}}]}]}]}]},{\"name\":\"\",\"type\":\"section\",\"props\":{\"style\":\"primary\",\"width\":\"default\",\"vertical_align\":\"middle\",\"title_position\":\"top-left\",\"title_rotation\":\"left\",\"title_breakpoint\":\"xl\",\"image_position\":\"center-center\"},\"children\":[{\"name\":\"\",\"type\":\"row\",\"props\":{\"layout\":\"1-2,1-2\",\"width\":\"expand\",\"column_gap\":\"collapse\",\"row_gap\":\"collapse\"},\"children\":[{\"name\":\"\",\"type\":\"column\",\"props\":{\"image_position\":\"center-center\",\"media_overlay_gradient\":\"\",\"style\":\"secondary\",\"padding\":\"xsmall\",\"width_medium\":\"1-2\",\"position_sticky_breakpoint\":\"m\"},\"children\":[{\"type\":\"map\",\"props\":{\"show_title\":true,\"type\":\"roadmap\",\"zoom\":\"16\",\"controls\":true,\"zooming\":true,\"dragging\":true,\"maxwidth\":\"2xlarge\",\"margin\":\"small\",\"styler_hue\":\"#2CB7EC\",\"container_padding_remove\":true,\"block_align\":\"center\",\"show_meta\":true,\"show_content\":true,\"show_image\":true,\"show_link\":true,\"poi\":false,\"min_zoom\":0,\"max_zoom\":18,\"title_hover_style\":\"reset\",\"title_element\":\"h3\",\"meta_style\":\"text-meta\",\"meta_align\":\"below-title\",\"meta_element\":\"div\",\"image_svg_color\":\"emphasis\",\"link_text\":\"Read more\",\"link_style\":\"default\"},\"children\":[{\"type\":\"map_item\",\"props\":{\"location\":\"37.4070,-4.4841\"}}]}]},{\"type\":\"column\",\"props\":{\"image_position\":\"center-center\",\"media_overlay_gradient\":\"\",\"style\":\"secondary\",\"width_medium\":\"1-2\",\"position_sticky_breakpoint\":\"m\"},\"children\":[{\"name\":\"Gallery Lightbox\",\"type\":\"gallery\",\"children\":[{\"type\":\"gallery_item\",\"props\":{\"hover_image\":\"\",\"image\":\"wp-content\\\/uploads\\\/Planta_baja_conservatorio_2022-web-scaled.jpg\",\"title\":\"Planta Baja\"}},{\"type\":\"gallery_item\",\"props\":{\"image\":\"wp-content\\\/uploads\\\/Planta_primera_conservatorio_2022-scaled.jpg\",\"title\":\"Planta Primera\"}},{\"type\":\"gallery_item\",\"props\":{\"image\":\"wp-content\\\/uploads\\\/Planta_segunda_conservatorio_2022_web-scaled.jpg\",\"title\":\"Planta Segunda\"}}],\"props\":{\"filter_align\":\"left\",\"filter_all\":true,\"filter_grid_breakpoint\":\"m\",\"filter_grid_width\":\"auto\",\"filter_position\":\"top\",\"filter_style\":\"tab\",\"grid_column_gap\":\"small\",\"grid_default\":\"1\",\"grid_medium\":\"\",\"grid_row_gap\":\"small\",\"grid_small\":\"3\",\"image_width\":\"610\",\"item_animation\":true,\"lightbox\":true,\"lightbox_image_height\":\"900\",\"link_style\":\"text\",\"link_text\":\"View\",\"margin\":\"default\",\"meta_align\":\"below-title\",\"meta_element\":\"div\",\"meta_style\":\"text-meta\",\"overlay_hover\":true,\"overlay_link\":true,\"overlay_mode\":\"cover\",\"overlay_position\":\"center\",\"overlay_style\":\"overlay-default\",\"overlay_transition\":\"fade\",\"parallax_easing\":\"1\",\"show_content\":true,\"show_hover_image\":true,\"show_link\":true,\"show_meta\":true,\"show_title\":true,\"text_align\":\"center\",\"text_color\":\"\",\"title_element\":\"h3\",\"title_hover_style\":\"reset\"}}]}]}]}],\"version\":\"3.0.4\"} --><\/p>\n","protected":false},"excerpt":{"rendered":"<p>Un centro educativo din\u00e1micoy abierto a la sociedad Saludo del director Bienvenidos al espacio Web del Conservatorio Profesional de M\u00fasica &#8220;Maestro Chicano Mu\u00f1oz&#8221;. Esta p\u00e1gina pretende ser una ventana a trav\u00e9s de la cual se pueda acceder a nuestro Centro, participando de los diversos contenidos e informaci\u00f3n relacionada con su estructura, organizaci\u00f3n y funcionamiento, y [&hellip;]<\/p>\n","protected":false},"author":1,"featured_media":0,"parent":0,"menu_order":5,"comment_status":"closed","ping_status":"closed","template":"","meta":{"jetpack_post_was_ever_published":false,"footnotes":""},"class_list":["post-14","page","type-page","status-publish","hentry"],"jetpack_sharing_enabled":true,"jetpack_shortlink":"https:\/\/wp.me\/PanE4f-e","jetpack-related-posts":[],"_links":{"self":[{"href":"https:\/\/www.conservatoriolucena.es\/index.php?rest_route=\/wp\/v2\/pages\/14","targetHints":{"allow":["GET"]}}],"collection":[{"href":"https:\/\/www.conservatoriolucena.es\/index.php?rest_route=\/wp\/v2\/pages"}],"about":[{"href":"https:\/\/www.conservatoriolucena.es\/index.php?rest_route=\/wp\/v2\/types\/page"}],"author":[{"embeddable":true,"href":"https:\/\/www.conservatoriolucena.es\/index.php?rest_route=\/wp\/v2\/users\/1"}],"replies":[{"embeddable":true,"href":"https:\/\/www.conservatoriolucena.es\/index.php?rest_route=%2Fwp%2Fv2%2Fcomments&post=14"}],"version-history":[{"count":30,"href":"https:\/\/www.conservatoriolucena.es\/index.php?rest_route=\/wp\/v2\/pages\/14\/revisions"}],"predecessor-version":[{"id":2419,"href":"https:\/\/www.conservatoriolucena.es\/index.php?rest_route=\/wp\/v2\/pages\/14\/revisions\/2419"}],"wp:attachment":[{"href":"https:\/\/www.conservatoriolucena.es\/index.php?rest_route=%2Fwp%2Fv2%2Fmedia&parent=14"}],"curies":[{"name":"wp","href":"https:\/\/api.w.org\/{rel}","templated":true}]}}