{"id":13,"date":"2016-11-14T09:59:05","date_gmt":"2016-11-14T09:59:05","guid":{"rendered":"http:\/\/julio.conservatoriolucena.es\/index.php\/work\/"},"modified":"2026-04-13T18:31:48","modified_gmt":"2026-04-13T17:31:48","slug":"work","status":"publish","type":"page","link":"https:\/\/www.conservatoriolucena.es\/?page_id=13","title":{"rendered":"Secretar\u00eda"},"content":{"rendered":"<h1>Secretar\u00eda<\/h1>\n<h1>Horario de atenci\u00f3n<\/h1>\n<hr>\n<div>\n<p><strong>Miguel Herrador Medina<\/strong> | Tel\u00e9fono: 626 74 83 33<\/p>\n<p>e-mail: <a href=\"mailto:conservatoriodelucena.admon@gmail.com \">conservatoriodelucena.admon@gmail.com<\/a><\/p>\n<\/div>\n<table>\n<tbody>\n<tr>\n<td>Lunes<\/td>\n<td>\n<p>Ma\u00f1anas de <strong>8:30 h. <\/strong><strong>a <\/strong><strong>13:00 h.\u00a0 \u00a0 \u00a0 \u00a0 \u00a0 \u00a0 \u00a0 \u00a0 \u00a0 \u00a0 \u00a0\u00a0<\/strong><\/p>\n<p>Tardes de <strong>16:00 h. <\/strong><strong>a\u00a0<\/strong><strong>19:00 h.\u00a0 \u00a0 \u00a0 \u00a0 \u00a0 \u00a0 \u00a0 \u00a0 \u00a0 \u00a0 \u00a0\u00a0<\/strong><\/p>\n<\/td>\n<\/tr>\n<tr>\n<td>Martes<\/td>\n<td>\n<p>Ma\u00f1anas de <strong>8:30 h. <\/strong><strong>a <\/strong><strong>11:30 h.\u00a0 \u00a0 \u00a0 \u00a0 \u00a0 \u00a0 \u00a0 \u00a0 \u00a0 \u00a0 \u00a0\u00a0<\/strong><\/p>\n<p>Tardes de <strong>16:00 h. <\/strong><strong>a\u00a0<\/strong><strong>19:00 h.\u00a0 \u00a0<\/strong><\/p>\n<\/td>\n<\/tr>\n<tr>\n<td>Mi\u00e9rcoles<\/td>\n<td>\n<p>Ma\u00f1anas de <strong>8:30 h. <\/strong><strong>a <\/strong><strong>11:30 h.\u00a0 \u00a0 \u00a0 \u00a0 \u00a0 \u00a0 \u00a0 \u00a0 \u00a0 \u00a0 \u00a0\u00a0<\/strong><\/p>\n<p>Tardes de <strong>16:00 h. <\/strong><strong>a\u00a0<\/strong><strong>19:00 h.\u00a0 \u00a0 \u00a0 \u00a0 \u00a0 \u00a0 \u00a0 \u00a0 \u00a0 \u00a0 \u00a0<\/strong><\/p>\n<\/td>\n<\/tr>\n<tr>\n<td>Jueves<\/td>\n<td>\n<p>Ma\u00f1anas de <strong>8:30 h. <\/strong><strong>a <\/strong><strong>13:00 h.\u00a0 \u00a0 \u00a0 \u00a0 \u00a0 \u00a0 \u00a0 \u00a0 \u00a0 \u00a0 \u00a0\u00a0<\/strong><\/p>\n<\/td>\n<\/tr>\n<tr>\n<td>Viernes<\/td>\n<td>\n<p>Ma\u00f1anas de <strong>8:30 h. <\/strong><strong>a <\/strong><strong>13:00 h.\u00a0 \u00a0 \u00a0 \u00a0 \u00a0 \u00a0 \u00a0 \u00a0 \u00a0 \u00a0\u00a0<\/strong><strong><span><\/span><\/strong><\/p>\n<\/td>\n<\/tr>\n<\/tbody>\n<\/table>\n<div>\n<h6>(*) Informaci\u00f3n general, solicitudes, comunicaciones, etc., tanto por tel\u00e9fono como por correo electr\u00f3nico.<\/h6>\n<\/div>\n<div>\n<h4>Contactar con secretar\u00eda:<\/h4>\n\n<div class=\"wpcf7 no-js\" id=\"wpcf7-f364-o1\" lang=\"es-ES\" dir=\"ltr\" data-wpcf7-id=\"364\">\n<div class=\"screen-reader-response\"><p role=\"status\" aria-live=\"polite\" aria-atomic=\"true\"><\/p> <ul><\/ul><\/div>\n<form action=\"\/index.php?rest_route=%2Fwp%2Fv2%2Fpages%2F13#wpcf7-f364-o1\" method=\"post\" class=\"wpcf7-form init\" aria-label=\"Formulario de contacto\" novalidate=\"novalidate\" data-status=\"init\">\n<fieldset class=\"hidden-fields-container\"><input type=\"hidden\" name=\"_wpcf7\" value=\"364\" \/><input type=\"hidden\" name=\"_wpcf7_version\" value=\"6.1.5\" \/><input type=\"hidden\" name=\"_wpcf7_locale\" value=\"es_ES\" \/><input type=\"hidden\" name=\"_wpcf7_unit_tag\" value=\"wpcf7-f364-o1\" \/><input type=\"hidden\" name=\"_wpcf7_container_post\" value=\"0\" \/><input type=\"hidden\" name=\"_wpcf7_posted_data_hash\" value=\"\" \/>\n<\/fieldset>\n<p><label> Nombre y apellidos (requerido)<br \/>\n<span class=\"wpcf7-form-control-wrap\" data-name=\"your-name\"><input size=\"40\" maxlength=\"400\" class=\"wpcf7-form-control wpcf7-text wpcf7-validates-as-required\" aria-required=\"true\" aria-invalid=\"false\" value=\"\" type=\"text\" name=\"your-name\" \/><\/span> <\/label>\n<\/p>\n<p><label> Correo electr\u00f3nico (requerido)<br \/>\n<span class=\"wpcf7-form-control-wrap\" data-name=\"your-email\"><input size=\"40\" maxlength=\"400\" class=\"wpcf7-form-control wpcf7-email wpcf7-validates-as-required wpcf7-text wpcf7-validates-as-email\" aria-required=\"true\" aria-invalid=\"false\" value=\"\" type=\"email\" name=\"your-email\" \/><\/span> <\/label>\n<\/p>\n<p><label> Tel\u00e9fono de contacto (requerido)<br \/>\n<span class=\"wpcf7-form-control-wrap\" data-name=\"tel-703\"><input size=\"40\" maxlength=\"400\" class=\"wpcf7-form-control wpcf7-tel wpcf7-validates-as-required wpcf7-text wpcf7-validates-as-tel\" aria-required=\"true\" aria-invalid=\"false\" value=\"\" type=\"tel\" name=\"tel-703\" \/><\/span><\/label>\n<\/p>\n<p><label> Asunto<br \/>\n<span class=\"wpcf7-form-control-wrap\" data-name=\"your-subject\"><input size=\"40\" maxlength=\"400\" class=\"wpcf7-form-control wpcf7-text\" aria-invalid=\"false\" value=\"\" type=\"text\" name=\"your-subject\" \/><\/span> <\/label>\n<\/p>\n<p><label> Mensaje<br \/>\n<span class=\"wpcf7-form-control-wrap\" data-name=\"your-message\"><textarea cols=\"40\" rows=\"10\" maxlength=\"2000\" class=\"wpcf7-form-control wpcf7-textarea\" aria-invalid=\"false\" name=\"your-message\"><\/textarea><\/span> <\/label>\n<\/p>\n<p><input class=\"wpcf7-form-control wpcf7-submit has-spinner\" type=\"submit\" value=\"Enviar\" \/>\n<\/p><p style=\"display: none !important;\" class=\"akismet-fields-container\" data-prefix=\"_wpcf7_ak_\"><label>&#916;<textarea name=\"_wpcf7_ak_hp_textarea\" cols=\"45\" rows=\"8\" maxlength=\"100\"><\/textarea><\/label><input type=\"hidden\" id=\"ak_js_1\" name=\"_wpcf7_ak_js\" value=\"90\"\/><script>document.getElementById( \"ak_js_1\" ).setAttribute( \"value\", ( new Date() ).getTime() );<\/script><\/p><div class=\"wpcf7-response-output\" aria-hidden=\"true\"><\/div>\n<\/form>\n<\/div>\n<\/div>\n<h1>Normativa y descarga de documentos<\/h1>\n<ul>\n<li>\n<h3>Ense\u00f1anzas B\u00e1sicas<\/h3>\n<div>\n<ul>\n<li style=\"text-align: justify;\"><strong>Prueba de aptitud y acceso a las Ense\u00f1anzas B\u00e1sicas de M\u00fasica<\/strong><\/li>\n<\/ul>\n<p style=\"text-align: justify; padding-left: 80px;\"><a href=\"https:\/\/www.conservatoriolucena.es\/wp-content\/uploads\/orden-7-de-julio-2009.pdf\" target=\"_blank\" rel=\"noopener\">ORDEN de 7 de julio de 2009, por la que se regulan las pruebas de aptitud y de acceso a las ense\u00f1anzas b\u00e1sicas de las ense\u00f1anzas elementales de M\u00fasica en Andaluc\u00eda.<\/a><\/p>\n<ul>\n<li><strong>Curr\u00edculo de las Ense\u00f1anzas B\u00e1sicas de M\u00fasica<\/strong><\/li>\n<\/ul>\n<p style=\"padding-left: 80px;\"><a href=\"https:\/\/www.conservatoriolucena.es\/wp-content\/uploads\/orden-24-6-2009-currculo-elemental.pdf\" target=\"_blank\" rel=\"noopener\">Orden de 24 de junio de 2009, por la que se desarrolla el curr\u00edculo de las ense\u00f1anzas elementales de m\u00fasica en Andaluc\u00eda (BOJA n\u00ba 135 de 14 de julio de 2009)<\/a><\/p>\n<p style=\"padding-left: 80px;\"><a href=\"https:\/\/www.conservatoriolucena.es\/wp-content\/uploads\/decreto-1709-20-enero.curriculo-de-ens-elem.pdf\">DECRETO 17\/2009, de 20 de enero, por el que se establece la Ordenaci\u00f3n y el Curr\u00edculo de las Ense\u00f1anzas Elementales de M\u00fasica en Andaluc\u00eda (BOJA n\u00ba 23 de 4 de febrero de 2009)<\/a><\/p>\n<\/div>\n<\/li>\n<li>\n<h3>Ense\u00f1anzas Profesionales<\/h3>\n<div>\n<ul>\n<li style=\"text-align: justify;\"><strong>Prueba de acceso a las Ense\u00f1anzas Profesionales de M\u00fasica<\/strong><\/li>\n<\/ul>\n<p style=\"text-align: justify; padding-left: 80px;\"><a href=\"https:\/\/www.conservatoriolucena.es\/wp-content\/uploads\/orden-16-abril-2008-pruebas-eepp.pdf\" target=\"_blank\" rel=\"noopener\">ORDEN de 16 de abril de 2008, por la que se regulan la convocatoria, estructura y procedimientos de las pruebas de acceso a las ense\u00f1anzas profesionales de m\u00fasica en Andaluc\u00eda.<\/a><\/p>\n<ul>\n<li style=\"text-align: justify;\"><strong>Curr\u00edculo de las Ense\u00f1anzas Profesionales de M\u00fasica<\/strong><\/li>\n<\/ul>\n<p style=\"text-align: justify; padding-left: 80px;\"><a href=\"https:\/\/www.conservatoriolucena.es\/wp-content\/uploads\/rd-15772006-de-22-de-diciembre-sobre-currculos.pdf\" target=\"_blank\" rel=\"noopener\">Real Decreto 1577\/2006, de 22 de diciembre, por el que se fijan los aspectos b\u00e1sicos del curr\u00edculo de las ense\u00f1anzas profesionales de m\u00fasica reguladas por la Ley Org\u00e1nica 2\/2006, de 3 de mayo, de Educaci\u00f3n\u00a0 (B.O.E. n\u00ba 18 de 20 de enero de 2007)<\/a><\/p>\n<p style=\"text-align: justify; padding-left: 80px;\"><a href=\"https:\/\/www.conservatoriolucena.es\/wp-content\/uploads\/decreto-24107-de-4-septiembre-ens.-profesionales.pdf\" target=\"_blank\" rel=\"noopener\">DECRETO 241\/2007, de 4 de septiembre, por el que se establece la ordenaci\u00f3n y el curr\u00edculo de las ense\u00f1anzas profesionales de m\u00fasica en Andaluc\u00eda. (BOJA n\u00ba 182 de 14 de septiembre de 2007)<\/a><\/p>\n<ul>\n<li style=\"text-align: justify;\"><strong>Convalidaciones<\/strong><\/li>\n<\/ul>\n<p style=\"padding-left: 80px;\"><a href=\"https:\/\/www.conservatoriolucena.es\/wp-content\/uploads\/real-decreto.-convalidaciones.pdf\" target=\"_blank\" rel=\"noopener\">Real Decreto 242\/2009, de 27 de febrero, por el que se establecen convalidaciones entre las ense\u00f1anzas profesionales de M\u00fasica y de Danza y la Educaci\u00f3n Secundaria Obligatoria y el Bachillerato, as\u00ed como los efectos que sobre la materia de Educaci\u00f3n F\u00edsica deben tener la condici\u00f3n de deportista de alto nivel o alto rendimiento y las ense\u00f1anzas profesionales de Danza (B.O.E. n\u00ba 51 de 28 de febrero de 2009)<\/a><\/p>\n<\/div>\n<\/li>\n<\/ul>\n<p><!--more--><br \/>\n<!-- {\"name\":\"secretaria\",\"type\":\"layout\",\"children\":[{\"name\":\"Inro\",\"type\":\"section\",\"props\":{\"animation\":\"fade\",\"animation_delay\":\"200\",\"image\":\"wp-content\\\/uploads\\\/archivos.jpg\",\"image_height\":\"300\",\"image_position\":\"center-center\",\"image_size\":\"cover\",\"media_background\":\"#00a0de\",\"media_overlay\":\"rgba(0, 160, 222, 0.55)\",\"padding_remove_bottom\":false,\"padding_remove_top\":false,\"preserve_color\":false,\"style\":\"primary\",\"title_breakpoint\":\"xl\",\"title_position\":\"top-left\",\"title_rotation\":\"left\",\"vertical_align\":\"\",\"width\":\"default\"},\"children\":[{\"type\":\"row\",\"children\":[{\"type\":\"column\",\"props\":{\"image_position\":\"center-center\",\"position_sticky_breakpoint\":\"m\",\"width_medium\":\"1-1\"},\"children\":[{\"type\":\"headline\",\"props\":{\"content\":\"Secretar\\u00eda\",\"text_align\":\"center\",\"title_element\":\"h1\"}}]}]}]},{\"type\":\"section\",\"props\":{\"image_position\":\"center-center\",\"style\":\"default\",\"title_breakpoint\":\"xl\",\"title_position\":\"top-left\",\"title_rotation\":\"left\",\"vertical_align\":\"\",\"width\":\"small\"},\"children\":[{\"type\":\"row\",\"children\":[{\"type\":\"column\",\"props\":{\"image_position\":\"center-center\",\"position_sticky_breakpoint\":\"m\",\"width_medium\":\"1-1\"},\"children\":[{\"type\":\"headline\",\"props\":{\"content\":\"Horario de atenci\\u00f3n\",\"title_element\":\"h1\"}},{\"type\":\"divider\",\"props\":{\"divider_element\":\"hr\"}}]}]},{\"type\":\"row\",\"props\":{\"layout\":\"1-2,1-2\"},\"children\":[{\"type\":\"column\",\"props\":{\"image_position\":\"center-center\",\"position_sticky_breakpoint\":\"m\",\"width_medium\":\"1-2\"},\"children\":[{\"type\":\"text\",\"props\":{\"column_breakpoint\":\"m\",\"content\":\"\n\n<p><strong>Miguel Herrador Medina<\\\/strong> | Tel\\u00e9fono: 626 74 83 33<\\\/p>\\n\n\n<p>e-mail: <a href=\\\"mailto:conservatoriodelucena.admon@gmail.com \\\">conservatoriodelucena.admon@gmail.com<\\\/a><\\\/p>\",\"margin\":\"default\"}},{\"type\":\"table\",\"props\":{\"image_svg_color\":\"emphasis\",\"link_style\":\"default\",\"link_text\":\"Read more\",\"meta_style\":\"text-meta\",\"show_content\":true,\"show_image\":true,\"show_link\":true,\"show_meta\":true,\"show_title\":true,\"table_hover\":true,\"table_order\":\"1\",\"table_responsive\":\"responsive\",\"table_size\":\"small\",\"table_style\":\"striped\",\"table_width_meta\":\"shrink\",\"table_width_title\":\"shrink\",\"title_style\":\"h4\"},\"children\":[{\"type\":\"table_item\",\"props\":{\"content\":\"\n\n<p>Ma\\u00f1anas de <strong>8:30 h. <\\\/strong><strong>a <\\\/strong><strong>13:00 h.\\u00a0 \\u00a0 \\u00a0 \\u00a0 \\u00a0 \\u00a0 \\u00a0 \\u00a0 \\u00a0 \\u00a0 \\u00a0\\u00a0<\\\/strong><\\\/p>\\n\n\n<p>Tardes de <strong>16:00 h. <\\\/strong><strong>a\\u00a0<\\\/strong><strong>19:00 h.\\u00a0 \\u00a0 \\u00a0 \\u00a0 \\u00a0 \\u00a0 \\u00a0 \\u00a0 \\u00a0 \\u00a0 \\u00a0\\u00a0<\\\/strong><\\\/p>\",\"title\":\"Lunes\"}},{\"type\":\"table_item\",\"props\":{\"content\":\"\n\n<p>Ma\\u00f1anas de <strong>8:30 h. <\\\/strong><strong>a <\\\/strong><strong>11:30 h.\\u00a0 \\u00a0 \\u00a0 \\u00a0 \\u00a0 \\u00a0 \\u00a0 \\u00a0 \\u00a0 \\u00a0 \\u00a0\\u00a0<\\\/strong><\\\/p>\\n\n\n<p>Tardes de <strong>16:00 h. <\\\/strong><strong>a\\u00a0<\\\/strong><strong>19:00 h.\\u00a0 \\u00a0<\\\/strong><\\\/p>\",\"title\":\"Martes\"}},{\"type\":\"table_item\",\"props\":{\"content\":\"\n\n<p>Ma\\u00f1anas de <strong>8:30 h. <\\\/strong><strong>a <\\\/strong><strong>11:30 h.\\u00a0 \\u00a0 \\u00a0 \\u00a0 \\u00a0 \\u00a0 \\u00a0 \\u00a0 \\u00a0 \\u00a0 \\u00a0\\u00a0<\\\/strong><\\\/p>\\n\n\n<p>Tardes de <strong>16:00 h. <\\\/strong><strong>a\\u00a0<\\\/strong><strong>19:00 h.\\u00a0 \\u00a0 \\u00a0 \\u00a0 \\u00a0 \\u00a0 \\u00a0 \\u00a0 \\u00a0 \\u00a0 \\u00a0<\\\/strong><\\\/p>\",\"title\":\"Mi\\u00e9rcoles\"}},{\"type\":\"table_item\",\"props\":{\"content\":\"\n\n<p>Ma\\u00f1anas de <strong>8:30 h. <\\\/strong><strong>a <\\\/strong><strong>13:00 h.\\u00a0 \\u00a0 \\u00a0 \\u00a0 \\u00a0 \\u00a0 \\u00a0 \\u00a0 \\u00a0 \\u00a0 \\u00a0\\u00a0<\\\/strong><\\\/p>\",\"title\":\"Jueves\"}},{\"type\":\"table_item\",\"props\":{\"content\":\"\n\n<p>Ma\\u00f1anas de <strong>8:30 h. <\\\/strong><strong>a <\\\/strong><strong>13:00 h.\\u00a0 \\u00a0 \\u00a0 \\u00a0 \\u00a0 \\u00a0 \\u00a0 \\u00a0 \\u00a0 \\u00a0\\u00a0<\\\/strong><strong><span><\\\/span><\\\/strong><\\\/p>\",\"title\":\"Viernes\"}}]},{\"type\":\"alert\",\"props\":{\"alert_style\":\"primary\",\"content\":\"\",\"title\":\"(*) Informaci\\u00f3n general, solicitudes, comunicaciones, etc., tanto por tel\\u00e9fono como por correo electr\\u00f3nico.\",\"title_element\":\"h6\"}}]},{\"type\":\"column\",\"props\":{\"image_position\":\"center-center\",\"padding\":\"xsmall\",\"position_sticky_breakpoint\":\"m\",\"style\":\"tile-muted\",\"width_medium\":\"1-2\"},\"children\":[{\"type\":\"html\",\"props\":{\"content\":\"\n\n<h4>Contactar con secretar\\u00eda:<\\\/h4>\\n[contact-form-7 id=\\\"364\\\" title=\\\"Formulario de contacto secretaria\\\"]\"}}]}]}]},{\"type\":\"section\",\"props\":{\"image_position\":\"center-center\",\"padding\":\"small\",\"padding_remove_bottom\":true,\"style\":\"muted\",\"title_breakpoint\":\"xl\",\"title_position\":\"top-left\",\"title_rotation\":\"left\",\"vertical_align\":\"\",\"width\":\"small\"},\"children\":[{\"type\":\"row\",\"props\":{\"margin\":\"default\"},\"children\":[{\"type\":\"column\",\"props\":{\"image_position\":\"center-center\",\"position_sticky_breakpoint\":\"m\",\"width_medium\":\"1-1\"},\"children\":[{\"type\":\"headline\",\"props\":{\"content\":\"Normativa y descarga de documentos\",\"title_decoration\":\"bullet\",\"title_element\":\"h1\"}},{\"type\":\"switcher\",\"props\":{\"content_column_breakpoint\":\"m\",\"image_align\":\"top\",\"image_grid_breakpoint\":\"m\",\"image_grid_width\":\"1-2\",\"image_svg_color\":\"emphasis\",\"link_style\":\"default\",\"link_text\":\"Read more\",\"margin\":\"default\",\"meta_align\":\"below-title\",\"meta_element\":\"div\",\"meta_style\":\"text-meta\",\"nav\":\"tab\",\"nav_align\":\"left\",\"nav_grid_breakpoint\":\"m\",\"nav_grid_width\":\"auto\",\"nav_margin\":\"small\",\"nav_position\":\"top\",\"show_content\":true,\"show_image\":true,\"show_label\":true,\"show_link\":true,\"show_meta\":true,\"show_thumbnail\":true,\"show_title\":true,\"switcher_animation\":\"fade\",\"switcher_height\":false,\"thumbnav_height\":\"75\",\"thumbnav_svg_color\":\"emphasis\",\"thumbnav_width\":\"100\",\"title_align\":\"top\",\"title_element\":\"h3\",\"title_grid_breakpoint\":\"m\",\"title_grid_width\":\"1-2\"},\"children\":[{\"type\":\"switcher_item\",\"props\":{\"content\":\"\n\n<ul>\\n\n\n<li style=\\\"text-align: justify;\\\"><strong>Prueba de aptitud y acceso a las Ense\\u00f1anzas B\\u00e1sicas de M\\u00fasica<\\\/strong><\\\/li>\\n<\\\/ul>\\n\n\n<p style=\\\"text-align: justify; padding-left: 80px;\\\"><a href=\\\"https:\\\/\\\/www.conservatoriolucena.es\\\/wp-content\\\/uploads\\\/orden-7-de-julio-2009.pdf\\\" target=\\\"_blank\\\" rel=\\\"noopener\\\">ORDEN de 7 de julio de 2009, por la que se regulan las pruebas de aptitud y de acceso a las ense\\u00f1anzas b\\u00e1sicas de las ense\\u00f1anzas elementales de M\\u00fasica en Andaluc\\u00eda.<\\\/a><\\\/p>\\n\n\n<ul>\\n\n\n<li><strong>Curr\\u00edculo de las Ense\\u00f1anzas B\\u00e1sicas de M\\u00fasica<\\\/strong><\\\/li>\\n<\\\/ul>\\n\n\n<p style=\\\"padding-left: 80px;\\\"><a href=\\\"https:\\\/\\\/www.conservatoriolucena.es\\\/wp-content\\\/uploads\\\/orden-24-6-2009-currculo-elemental.pdf\\\" target=\\\"_blank\\\" rel=\\\"noopener\\\">Orden de 24 de junio de 2009, por la que se desarrolla el curr\\u00edculo de las ense\\u00f1anzas elementales de m\\u00fasica en Andaluc\\u00eda (BOJA n\\u00ba 135 de 14 de julio de 2009)<\\\/a><\\\/p>\\n\n\n<p style=\\\"padding-left: 80px;\\\"><a href=\\\"https:\\\/\\\/www.conservatoriolucena.es\\\/wp-content\\\/uploads\\\/decreto-1709-20-enero.curriculo-de-ens-elem.pdf\\\">DECRETO 17\\\/2009, de 20 de enero, por el que se establece la Ordenaci\\u00f3n y el Curr\\u00edculo de las Ense\\u00f1anzas Elementales de M\\u00fasica en Andaluc\\u00eda (BOJA n\\u00ba 23 de 4 de febrero de 2009)<\\\/a><\\\/p>\",\"title\":\"Ense\\u00f1anzas B\\u00e1sicas\"}},{\"type\":\"switcher_item\",\"props\":{\"content\":\"\n\n<ul>\\n\n\n<li style=\\\"text-align: justify;\\\"><strong>Prueba de acceso a las Ense\\u00f1anzas Profesionales de M\\u00fasica<\\\/strong><\\\/li>\\n<\\\/ul>\\n\n\n<p style=\\\"text-align: justify; padding-left: 80px;\\\"><a href=\\\"https:\\\/\\\/www.conservatoriolucena.es\\\/wp-content\\\/uploads\\\/orden-16-abril-2008-pruebas-eepp.pdf\\\" target=\\\"_blank\\\" rel=\\\"noopener\\\">ORDEN de 16 de abril de 2008, por la que se regulan la convocatoria, estructura y procedimientos de las pruebas de acceso a las ense\\u00f1anzas profesionales de m\\u00fasica en Andaluc\\u00eda.<\\\/a><\\\/p>\\n\n\n<ul>\\n\n\n<li style=\\\"text-align: justify;\\\"><strong>Curr\\u00edculo de las Ense\\u00f1anzas Profesionales de M\\u00fasica<\\\/strong><\\\/li>\\n<\\\/ul>\\n\n\n<p style=\\\"text-align: justify; padding-left: 80px;\\\"><a href=\\\"https:\\\/\\\/www.conservatoriolucena.es\\\/wp-content\\\/uploads\\\/rd-15772006-de-22-de-diciembre-sobre-currculos.pdf\\\" target=\\\"_blank\\\" rel=\\\"noopener\\\">Real Decreto 1577\\\/2006, de 22 de diciembre, por el que se fijan los aspectos b\\u00e1sicos del curr\\u00edculo de las ense\\u00f1anzas profesionales de m\\u00fasica reguladas por la Ley Org\\u00e1nica 2\\\/2006, de 3 de mayo, de Educaci\\u00f3n\\u00a0 (B.O.E. n\\u00ba 18 de 20 de enero de 2007)<\\\/a><\\\/p>\\n\n\n<p style=\\\"text-align: justify; padding-left: 80px;\\\"><a href=\\\"https:\\\/\\\/www.conservatoriolucena.es\\\/wp-content\\\/uploads\\\/decreto-24107-de-4-septiembre-ens.-profesionales.pdf\\\" target=\\\"_blank\\\" rel=\\\"noopener\\\">DECRETO 241\\\/2007, de 4 de septiembre, por el que se establece la ordenaci\\u00f3n y el curr\\u00edculo de las ense\\u00f1anzas profesionales de m\\u00fasica en Andaluc\\u00eda. (BOJA n\\u00ba 182 de 14 de septiembre de 2007)<\\\/a><\\\/p>\\n\n\n<ul>\\n\n\n<li style=\\\"text-align: justify;\\\"><strong>Convalidaciones<\\\/strong><\\\/li>\\n<\\\/ul>\\n\n\n<p style=\\\"padding-left: 80px;\\\"><a href=\\\"https:\\\/\\\/www.conservatoriolucena.es\\\/wp-content\\\/uploads\\\/real-decreto.-convalidaciones.pdf\\\" target=\\\"_blank\\\" rel=\\\"noopener\\\">Real Decreto 242\\\/2009, de 27 de febrero, por el que se establecen convalidaciones entre las ense\\u00f1anzas profesionales de M\\u00fasica y de Danza y la Educaci\\u00f3n Secundaria Obligatoria y el Bachillerato, as\\u00ed como los efectos que sobre la materia de Educaci\\u00f3n F\\u00edsica deben tener la condici\\u00f3n de deportista de alto nivel o alto rendimiento y las ense\\u00f1anzas profesionales de Danza (B.O.E. n\\u00ba 51 de 28 de febrero de 2009)<\\\/a><\\\/p>\",\"title\":\"Ense\\u00f1anzas Profesionales\"}},{\"type\":\"switcher_item\",\"props\":{\"content\":\"\n\n<ul>\\n\n\n<li><a href=\\\"https:\\\/\\\/www.conservatoriolucena.es\\\/wp-content\\\/uploads\\\/ANEXO_I.pdf\\\" target=\\\"_blank\\\" rel=\\\"noopener\\\">Anexo I (Solicitud de admisi\\u00f3n en EE.BB. y EE.PP. de M\\u00fasica)<\\\/a><\\\/li>\\n\n\n<li><a href=\\\"https:\\\/\\\/www.juntadeandalucia.es\\\/economiayhacienda\\\/apl\\\/surweb\\\/modelos\\\/modelo046\\\/046.jsp\\\" target=\\\"_blank\\\" rel=\\\"noopener\\\">Modelo 046 (on-line)<\\\/a><\\\/li>\\n\n\n<li><a href=\\\"https:\\\/\\\/www.conservatoriolucena.es\\\/wp-content\\\/uploads\\\/TASAS-CURSO-2020.pdf\\\" target=\\\"_blank\\\" rel=\\\"noopener\\\">Tasas 2020<\\\/a><\\\/li>\\n\n\n<li><a href=\\\"https:\\\/\\\/www.conservatoriolucena.es\\\/wp-content\\\/uploads\\\/INSTRUCCIONES-MODELO-046-.pdf\\\" target=\\\"_blank\\\" rel=\\\"noopener\\\">Instrucciones para rellenar por internet el modelo 046<\\\/a><\\\/li>\\n\n\n<li><a href=\\\"https:\\\/\\\/www.conservatoriolucena.es\\\/wp-content\\\/uploads\\\/MODELO-046-BECA-DENEGADA.pdf\\\" target=\\\"_blank\\\" rel=\\\"noopener\\\">Procedimiento pago de matr\\u00edcula tras denegaci\\u00f3n de beca<\\\/a><\\\/li>\\n<\\\/ul>\",\"status\":\"disabled\",\"title\":\"Descargas\"}}]}]}]},{\"type\":\"row\",\"children\":[{\"type\":\"column\",\"props\":{\"image_position\":\"center-center\",\"position_sticky_breakpoint\":\"m\"}}]}]}],\"version\":\"4.5.23\"} --><\/p>\n","protected":false},"excerpt":{"rendered":"<p>Secretar\u00eda Horario de atenci\u00f3n Miguel Herrador Medina | Tel\u00e9fono: 626 74 83 33 e-mail: conservatoriodelucena.admon@gmail.com Lunes Ma\u00f1anas de 8:30 h. a 13:00 h.\u00a0 \u00a0 \u00a0 \u00a0 \u00a0 \u00a0 \u00a0 \u00a0 \u00a0 \u00a0 \u00a0\u00a0 Tardes de 16:00 h. a\u00a019:00 h.\u00a0 \u00a0 \u00a0 \u00a0 \u00a0 \u00a0 \u00a0 \u00a0 \u00a0 \u00a0 \u00a0\u00a0 Martes Ma\u00f1anas de 8:30 h. a [&hellip;]<\/p>\n","protected":false},"author":1,"featured_media":0,"parent":0,"menu_order":6,"comment_status":"closed","ping_status":"closed","template":"","meta":{"jetpack_post_was_ever_published":false,"footnotes":""},"class_list":["post-13","page","type-page","status-publish","hentry"],"jetpack_sharing_enabled":true,"jetpack_shortlink":"https:\/\/wp.me\/PanE4f-d","jetpack-related-posts":[],"_links":{"self":[{"href":"https:\/\/www.conservatoriolucena.es\/index.php?rest_route=\/wp\/v2\/pages\/13","targetHints":{"allow":["GET"]}}],"collection":[{"href":"https:\/\/www.conservatoriolucena.es\/index.php?rest_route=\/wp\/v2\/pages"}],"about":[{"href":"https:\/\/www.conservatoriolucena.es\/index.php?rest_route=\/wp\/v2\/types\/page"}],"author":[{"embeddable":true,"href":"https:\/\/www.conservatoriolucena.es\/index.php?rest_route=\/wp\/v2\/users\/1"}],"replies":[{"embeddable":true,"href":"https:\/\/www.conservatoriolucena.es\/index.php?rest_route=%2Fwp%2Fv2%2Fcomments&post=13"}],"version-history":[{"count":88,"href":"https:\/\/www.conservatoriolucena.es\/index.php?rest_route=\/wp\/v2\/pages\/13\/revisions"}],"predecessor-version":[{"id":3285,"href":"https:\/\/www.conservatoriolucena.es\/index.php?rest_route=\/wp\/v2\/pages\/13\/revisions\/3285"}],"wp:attachment":[{"href":"https:\/\/www.conservatoriolucena.es\/index.php?rest_route=%2Fwp%2Fv2%2Fmedia&parent=13"}],"curies":[{"name":"wp","href":"https:\/\/api.w.org\/{rel}","templated":true}]}}